{"id":62714,"date":"2026-04-01T17:27:45","date_gmt":"2026-04-01T16:27:45","guid":{"rendered":"https:\/\/bigbuy.tupique.com\/produto\/conventional-hood-cata-thalassapro60gwh-white\/"},"modified":"2026-04-15T07:01:27","modified_gmt":"2026-04-15T06:01:27","slug":"conventional-hood-cata-thalassapro60gwh-white","status":"publish","type":"product","link":"https:\/\/bigbuy.tupique.com\/en\/produto\/conventional-hood-cata-thalassapro60gwh-white\/","title":{"rendered":"Hotte standard Cata THALASSAPRO60GWH Blanc"},"content":{"rendered":"<p>Si vous \u00eates \u00e0 la recherche de nouvelles tendances sur le march\u00e9, nous vous pr\u00e9sentons <b>Hotte standard Cata THALASSAPRO60GWH Blanc<\/b> !<\/p>\n<ul>\n<li>Type:\n<ul>\n<li>Hotte standard<\/li>\n<li>Mural<\/li>\n<\/ul>\n<\/li>\n<li>Produit \u00e0 brancher: Oui<\/li>\n<li>Type de prise: Prise EU<\/li>\n<li>Bloc d\u2019Alimentation: r\u00e9seau \u00e9lectrique<\/li>\n<li>Niveau sonore:\n<ul>\n<li>64 dB<\/li>\n<li>46 dB<\/li>\n<\/ul>\n<\/li>\n<li>Moteur: 1<\/li>\n<li>Vitesse: 6 vitesses<\/li>\n<li>Type d&#8217;ampoule: LED<\/li>\n<li>puissance: 138 w<\/li>\n<li>Classification \u00e9nerg\u00e9tique: A+++<\/li>\n<li>Caract\u00e9ristiques:\n<ul>\n<li>\u00c9cran integr\u00e9<\/li>\n<li>Commande tactile<\/li>\n<\/ul>\n<\/li>\n<li>Largeur: 60 cm<\/li>\n<li>Couleur: Blanc<\/li>\n<li>Filtre: Lavable<\/li>\n<li>Mati\u00e8re: Aluminium<\/li>\n<li>Finition: Semi-mat<\/li>\n<li>Niveaux de puissance: 6<\/li>\n<li>Inclut:\n<ul>\n<li>Filtre<\/li>\n<li>Manuel de l&#8217;utilisateur<\/li>\n<\/ul>\n<\/li>\n<li>Type d&#8217;installation: Paroi<\/li>\n<li>Contr\u00f4le: Boutons<\/li>\n<li>Capacit\u00e9 d\u2019extraction: 640 m3\/h<\/li>\n<\/ul>","protected":false},"excerpt":{"rendered":"<p>Si vous \u00eates \u00e0 la recherche de nouvelles tendances sur le march\u00e9, nous vous pr\u00e9sentons Hotte standard Cata THALASSAPRO60GWH Blanc ! Type: Hotte standard Mural Produit \u00e0 brancher: Oui Type de prise: Prise EU Bloc d\u2019Alimentation: r\u00e9seau \u00e9lectrique Niveau sonore: 64 dB 46 dB Moteur: 1 Vitesse: 6 vitesses Type d&#8217;ampoule: LED puissance: 138 w [&hellip;]<\/p>\n","protected":false},"featured_media":62713,"comment_status":"open","ping_status":"closed","template":"","meta":[],"product_brand":[155],"product_cat":[60,61,62],"product_tag":[56],"class_list":{"0":"post-62714","1":"product","2":"type-product","3":"status-publish","4":"has-post-thumbnail","6":"product_brand-brandp_1208","7":"product_cat-cuisine-gourmet","8":"product_cat-equipement-de-cuisine","9":"product_cat-hottes-de-cuisine","10":"product_tag-tag_930","12":"first","13":"instock","14":"taxable","15":"shipping-taxable","16":"purchasable","17":"product-type-simple"},"_links":{"self":[{"href":"https:\/\/bigbuy.tupique.com\/en\/wp-json\/wp\/v2\/product\/62714","targetHints":{"allow":["GET"]}}],"collection":[{"href":"https:\/\/bigbuy.tupique.com\/en\/wp-json\/wp\/v2\/product"}],"about":[{"href":"https:\/\/bigbuy.tupique.com\/en\/wp-json\/wp\/v2\/types\/product"}],"replies":[{"embeddable":true,"href":"https:\/\/bigbuy.tupique.com\/en\/wp-json\/wp\/v2\/comments?post=62714"}],"wp:featuredmedia":[{"embeddable":true,"href":"https:\/\/bigbuy.tupique.com\/en\/wp-json\/wp\/v2\/media\/62713"}],"wp:attachment":[{"href":"https:\/\/bigbuy.tupique.com\/en\/wp-json\/wp\/v2\/media?parent=62714"}],"wp:term":[{"taxonomy":"product_brand","embeddable":true,"href":"https:\/\/bigbuy.tupique.com\/en\/wp-json\/wp\/v2\/product_brand?post=62714"},{"taxonomy":"product_cat","embeddable":true,"href":"https:\/\/bigbuy.tupique.com\/en\/wp-json\/wp\/v2\/product_cat?post=62714"},{"taxonomy":"product_tag","embeddable":true,"href":"https:\/\/bigbuy.tupique.com\/en\/wp-json\/wp\/v2\/product_tag?post=62714"}],"curies":[{"name":"wp","href":"https:\/\/api.w.org\/{rel}","templated":true}]}}