{"id":62710,"date":"2026-04-01T17:27:42","date_gmt":"2026-04-01T16:27:42","guid":{"rendered":"https:\/\/bigbuy.tupique.com\/produto\/smart-tv-lg-oled97m59la-4k-ultra-hd-97-hdr-oled\/"},"modified":"2026-04-15T07:01:25","modified_gmt":"2026-04-15T06:01:25","slug":"smart-tv-lg-oled97m59la-4k-ultra-hd-97-hdr-oled","status":"publish","type":"product","link":"https:\/\/bigbuy.tupique.com\/en\/produto\/smart-tv-lg-oled97m59la-4k-ultra-hd-97-hdr-oled\/","title":{"rendered":"TV intelligente LG OLED97M59LA 4K Ultra HD 97&#8243; HDR OLED"},"content":{"rendered":"<p>Si vous \u00eates \u00e0 la recherche de nouvelles tendances sur le march\u00e9, nous vous pr\u00e9sentons <b>TV intelligente LG OLED97M59LA 4K Ultra HD 97&#8243; HDR OLED<\/b> !<\/p>\n<ul>\n<li>Connexions: USB<\/li>\n<li>Diagonale de l&#8217;\u00e9cran (cm): 246 cm<\/li>\n<li>Connectivit\u00e9:\n<ul>\n<li>Wi-Fi<\/li>\n<li>Bluetooth<\/li>\n<li>Ethernet LAN<\/li>\n<\/ul>\n<\/li>\n<li>R\u00e9solution (px): 3840 x 2160 px<\/li>\n<li>Couleur: Noir<\/li>\n<li>Caract\u00e9ristiques:\n<ul>\n<li>TV intelligente<\/li>\n<li>Guide \u00e9lectronique des programmes (EPG)<\/li>\n<li>Guide vocal<\/li>\n<li>\u00c9cran plat<\/li>\n<\/ul>\n<\/li>\n<li>Rapport d&#8217;aspect: 16:9<\/li>\n<li>Classification \u00e9nerg\u00e9tique: G<\/li>\n<li>Bloc d\u2019Alimentation: Cordon d&#8217;alimentation CA<\/li>\n<li>TV intelligente: Oui<\/li>\n<li>Compatible:\n<ul>\n<li>Amazon Alexa<\/li>\n<li>VESA 600 x 400 mm<\/li>\n<\/ul>\n<\/li>\n<li>Inclut: T\u00e9l\u00e9commande<\/li>\n<li>Technologie:\n<ul>\n<li>HDR<\/li>\n<li>OLED<\/li>\n<\/ul>\n<\/li>\n<li>R\u00e9solution: 4K Ultra HD<\/li>\n<li>Fr\u00e9quence: 120 Hz<\/li>\n<li>R\u00e9cepteur: Analogique et num\u00e9rique<\/li>\n<li>Montage: VESA<\/li>\n<li>Ecran: 97&#8243;<\/li>\n<\/ul>","protected":false},"excerpt":{"rendered":"<p>Si vous \u00eates \u00e0 la recherche de nouvelles tendances sur le march\u00e9, nous vous pr\u00e9sentons TV intelligente LG OLED97M59LA 4K Ultra HD 97&#8243; HDR OLED ! Connexions: USB Diagonale de l&#8217;\u00e9cran (cm): 246 cm Connectivit\u00e9: Wi-Fi Bluetooth Ethernet LAN R\u00e9solution (px): 3840 x 2160 px Couleur: Noir Caract\u00e9ristiques: TV intelligente Guide \u00e9lectronique des programmes (EPG) [&hellip;]<\/p>\n","protected":false},"featured_media":62705,"comment_status":"open","ping_status":"closed","template":"","meta":[],"product_brand":[662],"product_cat":[589,65,957],"product_tag":[],"class_list":{"0":"post-62710","1":"product","2":"type-product","3":"status-publish","4":"has-post-thumbnail","6":"product_brand-brandp_559","7":"product_cat-electronique-television","8":"product_cat-informatique-electronique","9":"product_cat-televisions-et-smart-tv","11":"first","12":"instock","13":"taxable","14":"shipping-taxable","15":"purchasable","16":"product-type-simple"},"_links":{"self":[{"href":"https:\/\/bigbuy.tupique.com\/en\/wp-json\/wp\/v2\/product\/62710","targetHints":{"allow":["GET"]}}],"collection":[{"href":"https:\/\/bigbuy.tupique.com\/en\/wp-json\/wp\/v2\/product"}],"about":[{"href":"https:\/\/bigbuy.tupique.com\/en\/wp-json\/wp\/v2\/types\/product"}],"replies":[{"embeddable":true,"href":"https:\/\/bigbuy.tupique.com\/en\/wp-json\/wp\/v2\/comments?post=62710"}],"wp:featuredmedia":[{"embeddable":true,"href":"https:\/\/bigbuy.tupique.com\/en\/wp-json\/wp\/v2\/media\/62705"}],"wp:attachment":[{"href":"https:\/\/bigbuy.tupique.com\/en\/wp-json\/wp\/v2\/media?parent=62710"}],"wp:term":[{"taxonomy":"product_brand","embeddable":true,"href":"https:\/\/bigbuy.tupique.com\/en\/wp-json\/wp\/v2\/product_brand?post=62710"},{"taxonomy":"product_cat","embeddable":true,"href":"https:\/\/bigbuy.tupique.com\/en\/wp-json\/wp\/v2\/product_cat?post=62710"},{"taxonomy":"product_tag","embeddable":true,"href":"https:\/\/bigbuy.tupique.com\/en\/wp-json\/wp\/v2\/product_tag?post=62710"}],"curies":[{"name":"wp","href":"https:\/\/api.w.org\/{rel}","templated":true}]}}