{"id":62701,"date":"2026-04-01T17:27:30","date_gmt":"2026-04-01T16:27:30","guid":{"rendered":"https:\/\/bigbuy.tupique.com\/produto\/conventional-hood-nodor-crown60no-steel\/"},"modified":"2026-04-15T06:26:58","modified_gmt":"2026-04-15T05:26:58","slug":"conventional-hood-nodor-crown60no-steel","status":"publish","type":"product","link":"https:\/\/bigbuy.tupique.com\/en\/produto\/conventional-hood-nodor-crown60no-steel\/","title":{"rendered":"Hotte standard Nodor CROWN60NO Acier"},"content":{"rendered":"<p>Si vous \u00eates \u00e0 la recherche de nouvelles tendances sur le march\u00e9, nous vous pr\u00e9sentons <b>Hotte standard Nodor CROWN60NO Acier<\/b> !<\/p>\n<ul>\n<li>Type:\n<ul>\n<li>Hotte de cuisine<\/li>\n<li>Hotte standard<\/li>\n<\/ul>\n<\/li>\n<li>Produit \u00e0 brancher: Oui<\/li>\n<li>Classification \u00e9nerg\u00e9tique:\n<ul>\n<li>A+<\/li>\n<li>A<\/li>\n<\/ul>\n<\/li>\n<li>Type de prise: Prise EU<\/li>\n<li>Bloc d\u2019Alimentation: r\u00e9seau \u00e9lectrique<\/li>\n<li>Capacit\u00e9 d\u2019extraction: 799 m3\/h<\/li>\n<li>Mati\u00e8re: Acier inoxydable<\/li>\n<li>Niveaux de puissance: 3<\/li>\n<li>Couleur: Acier<\/li>\n<li>Inclut: Filtre<\/li>\n<li>Contr\u00f4le: Boutons<\/li>\n<li>Filtre:\n<ul>\n<li>2<\/li>\n<li>Convient aux lave-vaisselles<\/li>\n<li>Lavable<\/li>\n<\/ul>\n<\/li>\n<li>Type d&#8217;installation: Montage mural<\/li>\n<li>Caract\u00e9ristiques: 3 vitesses<\/li>\n<li>Niveau sonore: 46 dB<\/li>\n<li>Vitesse: 3 vitesses<\/li>\n<\/ul>","protected":false},"excerpt":{"rendered":"<p>Si vous \u00eates \u00e0 la recherche de nouvelles tendances sur le march\u00e9, nous vous pr\u00e9sentons Hotte standard Nodor CROWN60NO Acier ! Type: Hotte de cuisine Hotte standard Produit \u00e0 brancher: Oui Classification \u00e9nerg\u00e9tique: A+ A Type de prise: Prise EU Bloc d\u2019Alimentation: r\u00e9seau \u00e9lectrique Capacit\u00e9 d\u2019extraction: 799 m3\/h Mati\u00e8re: Acier inoxydable Niveaux de puissance: 3 [&hellip;]<\/p>\n","protected":false},"featured_media":62699,"comment_status":"open","ping_status":"closed","template":"","meta":[],"product_brand":[1559],"product_cat":[60,61,62],"product_tag":[56],"class_list":{"0":"post-62701","1":"product","2":"type-product","3":"status-publish","4":"has-post-thumbnail","6":"product_brand-brandp_1298","7":"product_cat-cuisine-gourmet","8":"product_cat-equipement-de-cuisine","9":"product_cat-hottes-de-cuisine","10":"product_tag-tag_930","12":"first","13":"instock","14":"taxable","15":"shipping-taxable","16":"purchasable","17":"product-type-simple"},"_links":{"self":[{"href":"https:\/\/bigbuy.tupique.com\/en\/wp-json\/wp\/v2\/product\/62701","targetHints":{"allow":["GET"]}}],"collection":[{"href":"https:\/\/bigbuy.tupique.com\/en\/wp-json\/wp\/v2\/product"}],"about":[{"href":"https:\/\/bigbuy.tupique.com\/en\/wp-json\/wp\/v2\/types\/product"}],"replies":[{"embeddable":true,"href":"https:\/\/bigbuy.tupique.com\/en\/wp-json\/wp\/v2\/comments?post=62701"}],"wp:featuredmedia":[{"embeddable":true,"href":"https:\/\/bigbuy.tupique.com\/en\/wp-json\/wp\/v2\/media\/62699"}],"wp:attachment":[{"href":"https:\/\/bigbuy.tupique.com\/en\/wp-json\/wp\/v2\/media?parent=62701"}],"wp:term":[{"taxonomy":"product_brand","embeddable":true,"href":"https:\/\/bigbuy.tupique.com\/en\/wp-json\/wp\/v2\/product_brand?post=62701"},{"taxonomy":"product_cat","embeddable":true,"href":"https:\/\/bigbuy.tupique.com\/en\/wp-json\/wp\/v2\/product_cat?post=62701"},{"taxonomy":"product_tag","embeddable":true,"href":"https:\/\/bigbuy.tupique.com\/en\/wp-json\/wp\/v2\/product_tag?post=62701"}],"curies":[{"name":"wp","href":"https:\/\/api.w.org\/{rel}","templated":true}]}}