{"id":62674,"date":"2026-04-01T17:26:50","date_gmt":"2026-04-01T16:26:50","guid":{"rendered":"https:\/\/bigbuy.tupique.com\/produto\/condensation-dryer-beko-2\/"},"modified":"2026-05-11T19:57:19","modified_gmt":"2026-05-11T17:57:19","slug":"condensation-dryer-beko-2","status":"publish","type":"product","link":"https:\/\/bigbuy.tupique.com\/en\/produto\/condensation-dryer-beko-2\/","title":{"rendered":"S\u00e9choir \u00e0 condensation BEKO"},"content":{"rendered":"<p>Si vous \u00eates \u00e0 la recherche de nouvelles tendances sur le march\u00e9, nous vous pr\u00e9sentons <b>S\u00e9choir \u00e0 condensation BEKO<\/b> !<\/p>\n<p>Le <b>s\u00e9choir \u00e0 condensation BM3T38230WB<\/b> de <b>BEKO<\/b> est un appareil con\u00e7u pour offrir un s\u00e9chage efficace et polyvalent gr\u00e2ce \u00e0 son innovant <b>syst\u00e8me de pompe \u00e0 chaleur<\/b>, qui assure un s\u00e9chage d\u00e9licat et \u00e9conome en \u00e9nergie. Sa <b>capacit\u00e9 de 8 kg<\/b> est id\u00e9ale pour les familles moyennes, permettant de traiter des charges importantes avec pr\u00e9cision. Il b\u00e9n\u00e9ficie d\u2019une <b>classe \u00e9nerg\u00e9tique D<\/b>, indiquant une consommation ma\u00eetris\u00e9e dans sa cat\u00e9gorie, \u00e9quilibrant performance et efficacit\u00e9. Ce s\u00e8che-linge propose jusqu\u2019\u00e0 <b>15 programmes<\/b> sp\u00e9cialis\u00e9s, dont des options comme <b>S\u00e9chage Hygi\u00e9nique<\/b> pour \u00e9liminer bact\u00e9ries et allerg\u00e8nes, <b>Xpress Super Short<\/b> pour un s\u00e9chage rapide, <b>GentleCare<\/b> pour les tissus d\u00e9licats, ainsi que des programmes sp\u00e9cifiques pour <b>couettes, doudounes et jeans<\/b>, garantissant un soin adapt\u00e9 selon le type de textile et le besoin. Sa technologie pompe \u00e0 chaleur permet un s\u00e9chage \u00e0 basse temp\u00e9rature, pr\u00e9servant les fibres textiles et \u00e9conomisant l\u2019\u00e9nergie, tout en limitant les pertes de chaleur, ce qui am\u00e9liore l\u2019efficacit\u00e9. Ce s\u00e8che-linge BEKO est con\u00e7u pour s\u2019adapter \u00e0 diff\u00e9rents modes de vie avec des fonctions pratiques offrant flexibilit\u00e9 et r\u00e9sultats homog\u00e8nes. En r\u00e9sum\u00e9, le mod\u00e8le BM3T38230WB est un choix \u00e9quilibr\u00e9 pour ceux qui recherchent une performance fiable et une vari\u00e9t\u00e9 de programmes dans un s\u00e8che-linge combinant capacit\u00e9 moyenne et technologie moderne en condensation avec pompe \u00e0 chaleur.<\/p>\n<ul>\n<li>Produit \u00e0 brancher: Oui<\/li>\n<li>Type:\n<ul>\n<li>S\u00e9choir \u00e0 condensation<\/li>\n<li>Pompe \u00e0 chaleur<\/li>\n<\/ul>\n<\/li>\n<li>Bloc d\u2019Alimentation: r\u00e9seau \u00e9lectrique<\/li>\n<li>Classification \u00e9nerg\u00e9tique:\n<ul>\n<li>D<\/li>\n<li>B<\/li>\n<\/ul>\n<\/li>\n<li>Capacit\u00e9: 8 kg<\/li>\n<li>Couleur: Blanc<\/li>\n<li>Largeur:\n<ul>\n<li>60 cm<\/li>\n<li>65 cm<\/li>\n<\/ul>\n<\/li>\n<li>Caract\u00e9ristiques:\n<ul>\n<li>Verrouillage pour enfants<\/li>\n<li>\u00c9cran integr\u00e9<\/li>\n<\/ul>\n<\/li>\n<li>Direction d&#8217;ouverture: Droite<\/li>\n<li>Type de charge: Frontal<\/li>\n<li>Fr\u00e9quence: 50 Hz<\/li>\n<li>Niveau sonore: 64 dB<\/li>\n<li>Tension: 230-240 V<\/li>\n<\/ul>","protected":false},"excerpt":{"rendered":"<p><span class=\"unit-info\">75.6238 &euro; \/ 1 kg<\/span><\/p>","protected":false},"featured_media":62673,"comment_status":"open","ping_status":"closed","template":"","meta":[],"product_brand":[825],"product_cat":[239,240,751],"product_tag":[56],"class_list":{"0":"post-62674","1":"product","2":"type-product","3":"status-publish","4":"has-post-thumbnail","6":"product_brand-brandp_1255","7":"product_cat-maison-jardin","8":"product_cat-nettoyage-aspirateur-et-repassage","9":"product_cat-seche-linge-fers-a-repasser-sechoirs","10":"product_tag-tag_930","12":"first","13":"instock","14":"taxable","15":"shipping-taxable","16":"purchasable","17":"product-type-simple"},"_links":{"self":[{"href":"https:\/\/bigbuy.tupique.com\/en\/wp-json\/wp\/v2\/product\/62674","targetHints":{"allow":["GET"]}}],"collection":[{"href":"https:\/\/bigbuy.tupique.com\/en\/wp-json\/wp\/v2\/product"}],"about":[{"href":"https:\/\/bigbuy.tupique.com\/en\/wp-json\/wp\/v2\/types\/product"}],"replies":[{"embeddable":true,"href":"https:\/\/bigbuy.tupique.com\/en\/wp-json\/wp\/v2\/comments?post=62674"}],"wp:featuredmedia":[{"embeddable":true,"href":"https:\/\/bigbuy.tupique.com\/en\/wp-json\/wp\/v2\/media\/62673"}],"wp:attachment":[{"href":"https:\/\/bigbuy.tupique.com\/en\/wp-json\/wp\/v2\/media?parent=62674"}],"wp:term":[{"taxonomy":"product_brand","embeddable":true,"href":"https:\/\/bigbuy.tupique.com\/en\/wp-json\/wp\/v2\/product_brand?post=62674"},{"taxonomy":"product_cat","embeddable":true,"href":"https:\/\/bigbuy.tupique.com\/en\/wp-json\/wp\/v2\/product_cat?post=62674"},{"taxonomy":"product_tag","embeddable":true,"href":"https:\/\/bigbuy.tupique.com\/en\/wp-json\/wp\/v2\/product_tag?post=62674"}],"curies":[{"name":"wp","href":"https:\/\/api.w.org\/{rel}","templated":true}]}}