{"id":62637,"date":"2026-04-01T17:16:08","date_gmt":"2026-04-01T16:16:08","guid":{"rendered":"https:\/\/bigbuy.tupique.com\/produto\/dishwasher-sharp-2\/"},"modified":"2026-04-15T05:22:40","modified_gmt":"2026-04-15T04:22:40","slug":"dishwasher-sharp-2","status":"publish","type":"product","link":"https:\/\/bigbuy.tupique.com\/en\/produto\/dishwasher-sharp-2\/","title":{"rendered":"Lave-vaisselle Sharp"},"content":{"rendered":"<p>Si vous \u00eates \u00e0 la recherche de nouvelles tendances sur le march\u00e9, nous vous pr\u00e9sentons <b>Lave-vaisselle Sharp<\/b> !<\/p>\n<p>Le <b>lave-vaisselle<\/b> Sharp pr\u00e9sente un design pratique et fonctionnel en <b>blanc<\/b> qui s\u2019adapte \u00e0 toute cuisine gr\u00e2ce \u00e0 son format <b>pose libre<\/b>. Avec une <b>capacit\u00e9 de 14 couverts<\/b>, il constitue une option polyvalente pour les familles et foyers n\u00e9cessitant des cycles de lavage efficaces pour une grande quantit\u00e9 de vaisselle. Sa classe \u00e9nerg\u00e9tique <b>type C<\/b> refl\u00e8te un \u00e9quilibre entre consommation et performance, accompagn\u00e9e d\u2019une puissance connect\u00e9e de <b>1900 W<\/b> garantissant un lavage efficace. Ses dimensions compactes, avec une <b>hauteur de 84,5 cm<\/b> et une largeur r\u00e9elle d\u2019environ <b>59,8 cm<\/b>, facilitent son int\u00e9gration dans des espaces standards. Ce mod\u00e8le propose un total de <b>9 programmes de lavage<\/b>, incluant des options sp\u00e9cialis\u00e9es telles que Mini 14, Lavage rapide 30 minutes, Eco consommant seulement 5,4 litres, Lavage dual pro \u00e0 60\u00baC, programmes super intensifs \u00e0 50\u00ba, diff\u00e9rentes temp\u00e9ratures intelligentes entre 30\u00baC et 70\u00baC ainsi qu\u2019un cycle vapeur pour un nettoyage en profondeur et une d\u00e9sinfection am\u00e9lior\u00e9e. Ces multiples options permettent d\u2019adapter le cycle selon le type de salissure et de mat\u00e9riau, optimisant la consommation d\u2019eau et d\u2019\u00e9nergie. De plus, sa capacit\u00e9 indiqu\u00e9e pour <b>14 services<\/b> en fait un appareil id\u00e9al pour un usage quotidien dans les foyers \u00e0 forte demande de lavage. En r\u00e9sum\u00e9, le lave-vaisselle Sharp se pr\u00e9sente comme une solution compl\u00e8te et flexible pour un entretien efficace et hygi\u00e9nique de la vaisselle, combinant fonctionnalit\u00e9, capacit\u00e9 et vari\u00e9t\u00e9 de programmes dans un \u00e9quipement de taille standard.<\/p>\n<ul>\n<li>Produit \u00e0 brancher: Oui<\/li>\n<li>Type: Lave-vaisselle<\/li>\n<li>Type de prise: Prise EU<\/li>\n<li>Bloc d\u2019Alimentation: r\u00e9seau \u00e9lectrique<\/li>\n<li>Capacit\u00e9 (Nb de couverts): 14<\/li>\n<li>Classification \u00e9nerg\u00e9tique: C<\/li>\n<li>Couleur: Blanc<\/li>\n<li>Type d&#8217;installation: Auto-assemblage<\/li>\n<li>puissance: 1900 W<\/li>\n<li>Programmes:\n<ul>\n<li>9<\/li>\n<li>Rapide<\/li>\n<li>ECO<\/li>\n<\/ul>\n<\/li>\n<li>Fonctions:\n<ul>\n<li>ECO<\/li>\n<li>Auto-nettoyant<\/li>\n<li>Vapeur<\/li>\n<li>Programmes automatiques<\/li>\n<\/ul>\n<\/li>\n<li>Niveau sonore: 44 dB<\/li>\n<li>\u00c9lev\u00e9: 84,5 cm<\/li>\n<li>Capacit\u00e9: 14 Couverts<\/li>\n<\/ul>","protected":false},"excerpt":{"rendered":"<p>Si vous \u00eates \u00e0 la recherche de nouvelles tendances sur le march\u00e9, nous vous pr\u00e9sentons Lave-vaisselle Sharp ! Le lave-vaisselle Sharp pr\u00e9sente un design pratique et fonctionnel en blanc qui s\u2019adapte \u00e0 toute cuisine gr\u00e2ce \u00e0 son format pose libre. Avec une capacit\u00e9 de 14 couverts, il constitue une option polyvalente pour les familles et [&hellip;]<\/p>\n","protected":false},"featured_media":62636,"comment_status":"open","ping_status":"closed","template":"","meta":[],"product_brand":[1088],"product_cat":[393,60,77],"product_tag":[],"class_list":{"0":"post-62637","1":"product","2":"type-product","3":"status-publish","4":"has-post-thumbnail","6":"product_brand-brandp_3340","7":"product_cat-autres-appareils-de-cuisines","8":"product_cat-cuisine-gourmet","9":"product_cat-petit-electromenager","11":"first","12":"instock","13":"taxable","14":"shipping-taxable","15":"purchasable","16":"product-type-simple"},"_links":{"self":[{"href":"https:\/\/bigbuy.tupique.com\/en\/wp-json\/wp\/v2\/product\/62637","targetHints":{"allow":["GET"]}}],"collection":[{"href":"https:\/\/bigbuy.tupique.com\/en\/wp-json\/wp\/v2\/product"}],"about":[{"href":"https:\/\/bigbuy.tupique.com\/en\/wp-json\/wp\/v2\/types\/product"}],"replies":[{"embeddable":true,"href":"https:\/\/bigbuy.tupique.com\/en\/wp-json\/wp\/v2\/comments?post=62637"}],"wp:featuredmedia":[{"embeddable":true,"href":"https:\/\/bigbuy.tupique.com\/en\/wp-json\/wp\/v2\/media\/62636"}],"wp:attachment":[{"href":"https:\/\/bigbuy.tupique.com\/en\/wp-json\/wp\/v2\/media?parent=62637"}],"wp:term":[{"taxonomy":"product_brand","embeddable":true,"href":"https:\/\/bigbuy.tupique.com\/en\/wp-json\/wp\/v2\/product_brand?post=62637"},{"taxonomy":"product_cat","embeddable":true,"href":"https:\/\/bigbuy.tupique.com\/en\/wp-json\/wp\/v2\/product_cat?post=62637"},{"taxonomy":"product_tag","embeddable":true,"href":"https:\/\/bigbuy.tupique.com\/en\/wp-json\/wp\/v2\/product_tag?post=62637"}],"curies":[{"name":"wp","href":"https:\/\/api.w.org\/{rel}","templated":true}]}}