{"id":62619,"date":"2026-04-01T17:15:47","date_gmt":"2026-04-01T16:15:47","guid":{"rendered":"https:\/\/bigbuy.tupique.com\/produto\/speakers-jbl-xd6-negro-black-100-w-20-w-2-units\/"},"modified":"2026-05-11T19:57:12","modified_gmt":"2026-05-11T17:57:12","slug":"speakers-jbl-xd6-negro-black-100-w-20-w-2-units","status":"publish","type":"product","link":"https:\/\/bigbuy.tupique.com\/en\/produto\/speakers-jbl-xd6-negro-black-100-w-20-w-2-units\/","title":{"rendered":"Haut-parleurs JBL XD6 NEGRO Noir 100 W 20 W (2 Unit\u00e9s)"},"content":{"rendered":"<p>Si vous \u00eates \u00e0 la recherche de nouvelles tendances sur le march\u00e9, nous vous pr\u00e9sentons <b>Haut-parleurs JBL XD6 NEGRO Noir 100 W 20 W (2 Unit\u00e9s)<\/b> !<\/p>\n<ul>\n<li>Couleur: Noir<\/li>\n<li>puissance:\n<ul>\n<li>100 W<\/li>\n<li>20 W<\/li>\n<\/ul>\n<\/li>\n<li>Puissance RMS:\n<ul>\n<li>80 W<\/li>\n<li>20W<\/li>\n<\/ul>\n<\/li>\n<li>Cha\u00eenes: 2.0<\/li>\n<li>Unit\u00e9s: 2 Unit\u00e9s<\/li>\n<\/ul>","protected":false},"excerpt":{"rendered":"<p>Si vous \u00eates \u00e0 la recherche de nouvelles tendances sur le march\u00e9, nous vous pr\u00e9sentons Haut-parleurs JBL XD6 NEGRO Noir 100 W 20 W (2 Unit\u00e9s) ! Couleur: Noir puissance: 100 W 20 W Puissance RMS: 80 W 20W Cha\u00eenes: 2.0 Unit\u00e9s: 2 Unit\u00e9s<\/p>","protected":false},"featured_media":62618,"comment_status":"open","ping_status":"closed","template":"","meta":[],"product_brand":[1574],"product_cat":[755,763,65],"product_tag":[106],"class_list":{"0":"post-62619","1":"product","2":"type-product","3":"status-publish","4":"has-post-thumbnail","6":"product_brand-brandp_2838","7":"product_cat-electronique-son","8":"product_cat-haut-parleurs","9":"product_cat-informatique-electronique","10":"product_tag-tag_1295","12":"first","13":"instock","14":"taxable","15":"shipping-taxable","16":"purchasable","17":"product-type-simple"},"_links":{"self":[{"href":"https:\/\/bigbuy.tupique.com\/en\/wp-json\/wp\/v2\/product\/62619","targetHints":{"allow":["GET"]}}],"collection":[{"href":"https:\/\/bigbuy.tupique.com\/en\/wp-json\/wp\/v2\/product"}],"about":[{"href":"https:\/\/bigbuy.tupique.com\/en\/wp-json\/wp\/v2\/types\/product"}],"replies":[{"embeddable":true,"href":"https:\/\/bigbuy.tupique.com\/en\/wp-json\/wp\/v2\/comments?post=62619"}],"wp:featuredmedia":[{"embeddable":true,"href":"https:\/\/bigbuy.tupique.com\/en\/wp-json\/wp\/v2\/media\/62618"}],"wp:attachment":[{"href":"https:\/\/bigbuy.tupique.com\/en\/wp-json\/wp\/v2\/media?parent=62619"}],"wp:term":[{"taxonomy":"product_brand","embeddable":true,"href":"https:\/\/bigbuy.tupique.com\/en\/wp-json\/wp\/v2\/product_brand?post=62619"},{"taxonomy":"product_cat","embeddable":true,"href":"https:\/\/bigbuy.tupique.com\/en\/wp-json\/wp\/v2\/product_cat?post=62619"},{"taxonomy":"product_tag","embeddable":true,"href":"https:\/\/bigbuy.tupique.com\/en\/wp-json\/wp\/v2\/product_tag?post=62619"}],"curies":[{"name":"wp","href":"https:\/\/api.w.org\/{rel}","templated":true}]}}