{"id":62589,"date":"2026-04-01T17:14:57","date_gmt":"2026-04-01T16:14:57","guid":{"rendered":"https:\/\/bigbuy.tupique.com\/produto\/air-conditioning-daitsu-electric-ds12ktp4-white-a-a-3010-fg-g-2924-kcal-h-3096-kcal-h-3010-fg-h\/"},"modified":"2026-05-11T19:56:57","modified_gmt":"2026-05-11T17:56:57","slug":"air-conditioning-daitsu-electric-ds12ktp4-white-a-a-3010-fg-g-2924-kcal-h-3096-kcal-h-3010-fg-h","status":"publish","type":"product","link":"https:\/\/bigbuy.tupique.com\/en\/produto\/air-conditioning-daitsu-electric-ds12ktp4-white-a-a-3010-fg-g-2924-kcal-h-3096-kcal-h-3010-fg-h\/","title":{"rendered":"Air Conditionn\u00e9 DAITSU ELECTRIC DS12KTP4 Blanc A+\/A+ 3010 fg\/g 2924 kcal\/h-3096 kcal\/h 3010 fg\/h"},"content":{"rendered":"<p>Si vous \u00eates \u00e0 la recherche de nouvelles tendances sur le march\u00e9, nous vous pr\u00e9sentons <b>Air Conditionn\u00e9 DAITSU ELECTRIC DS12KTP4 Blanc A+\/A+ 3010 fg\/g 2924 kcal\/h-3096 kcal\/h 3010 fg\/h<\/b> !<\/p>\n<ul>\n<li>Couleur: Blanc<\/li>\n<li>Caract\u00e9ristiques: Connectivit\u00e9 des applications mobiles<\/li>\n<li>puissance:\n<ul>\n<li>3010 fg\/g<\/li>\n<li>2924 kcal\/h-3096 kcal\/h<\/li>\n<\/ul>\n<\/li>\n<li>Classification \u00e9nerg\u00e9tique: A+\/A+<\/li>\n<li>Technologie:\n<ul>\n<li>Split Inverter<\/li>\n<li>A++ \/ A<\/li>\n<\/ul>\n<\/li>\n<li>Puissance frigorifique: 3010 fg\/h<\/li>\n<li>R\u00e9frig\u00e9rant: R-410<\/li>\n<\/ul>","protected":false},"excerpt":{"rendered":"<p>Si vous \u00eates \u00e0 la recherche de nouvelles tendances sur le march\u00e9, nous vous pr\u00e9sentons Air Conditionn\u00e9 DAITSU ELECTRIC DS12KTP4 Blanc A+\/A+ 3010 fg\/g 2924 kcal\/h-3096 kcal\/h 3010 fg\/h ! Couleur: Blanc Caract\u00e9ristiques: Connectivit\u00e9 des applications mobiles puissance: 3010 fg\/g 2924 kcal\/h-3096 kcal\/h Classification \u00e9nerg\u00e9tique: A+\/A+ Technologie: Split Inverter A++ \/ A Puissance frigorifique: 3010 [&hellip;]<\/p>\n","protected":false},"featured_media":62588,"comment_status":"open","ping_status":"closed","template":"","meta":[],"product_brand":[1548],"product_cat":[732,1334,239],"product_tag":[721,210],"class_list":{"0":"post-62589","1":"product","2":"type-product","3":"status-publish","4":"has-post-thumbnail","6":"product_brand-brandp_1177","7":"product_cat-climatisation-et-chauffage","8":"product_cat-climatiseurs-et-ventilateurs","9":"product_cat-maison-jardin","10":"product_tag-tag_124","11":"product_tag-tag_25","13":"first","14":"instock","15":"taxable","16":"shipping-taxable","17":"purchasable","18":"product-type-simple"},"_links":{"self":[{"href":"https:\/\/bigbuy.tupique.com\/en\/wp-json\/wp\/v2\/product\/62589","targetHints":{"allow":["GET"]}}],"collection":[{"href":"https:\/\/bigbuy.tupique.com\/en\/wp-json\/wp\/v2\/product"}],"about":[{"href":"https:\/\/bigbuy.tupique.com\/en\/wp-json\/wp\/v2\/types\/product"}],"replies":[{"embeddable":true,"href":"https:\/\/bigbuy.tupique.com\/en\/wp-json\/wp\/v2\/comments?post=62589"}],"wp:featuredmedia":[{"embeddable":true,"href":"https:\/\/bigbuy.tupique.com\/en\/wp-json\/wp\/v2\/media\/62588"}],"wp:attachment":[{"href":"https:\/\/bigbuy.tupique.com\/en\/wp-json\/wp\/v2\/media?parent=62589"}],"wp:term":[{"taxonomy":"product_brand","embeddable":true,"href":"https:\/\/bigbuy.tupique.com\/en\/wp-json\/wp\/v2\/product_brand?post=62589"},{"taxonomy":"product_cat","embeddable":true,"href":"https:\/\/bigbuy.tupique.com\/en\/wp-json\/wp\/v2\/product_cat?post=62589"},{"taxonomy":"product_tag","embeddable":true,"href":"https:\/\/bigbuy.tupique.com\/en\/wp-json\/wp\/v2\/product_tag?post=62589"}],"curies":[{"name":"wp","href":"https:\/\/api.w.org\/{rel}","templated":true}]}}