{"id":62426,"date":"2026-04-01T17:10:07","date_gmt":"2026-04-01T16:10:07","guid":{"rendered":"https:\/\/bigbuy.tupique.com\/produto\/freezer-tensai-sif240vd\/"},"modified":"2026-04-15T04:32:56","modified_gmt":"2026-04-15T03:32:56","slug":"freezer-tensai-sif240vd","status":"publish","type":"product","link":"https:\/\/bigbuy.tupique.com\/en\/produto\/freezer-tensai-sif240vd\/","title":{"rendered":"Cong\u00e9lateur Tensai SIF240VD"},"content":{"rendered":"<p>Si vous pensez r\u00e9nover votre cuisine, achetez <b>Cong\u00e9lateur Tensai SIF240VD<\/b> et d\u00b4autres <b>produits Tensai<\/b> !<\/p>\n<p>Le <b>SIF240VD de Tensai<\/b> est un <b>cong\u00e9lateur<\/b> horizontal con\u00e7u pour optimiser le stockage des aliments surgel\u00e9s \u00e0 la maison ou dans les petits commerces, se distinguant par sa <b>capacit\u00e9 de 180 litres<\/b> qui permet de conserver de grands volumes d\u2019aliments sur de longues p\u00e9riodes sans variations de temp\u00e9rature. Il pr\u00e9sente un <b>design blanc<\/b> et des dimensions de <b>86 cm de largeur<\/b>, offrant une flexibilit\u00e9 d\u2019installation dans divers espaces, que ce soit dans la cuisine, le cellier ou les zones de travail. Il fonctionne sur une alimentation \u00e9lectrique de <b>220-240 V<\/b> et est con\u00e7u pour une utilisation fiable dans les environnements domestiques courants. Sa <b>classe \u00e9nerg\u00e9tique F<\/b> indique une consommation adapt\u00e9e \u00e0 ses sp\u00e9cifications et \u00e0 la gamme d\u2019efficacit\u00e9 actuelle, tandis que le <b>niveau sonore de 49 dB<\/b> assure un fonctionnement relativement silencieux, id\u00e9al pour les espaces r\u00e9sidentiels. Ce cong\u00e9lateur dispose d\u2019une fermeture s\u00e9curis\u00e9e et d\u2019une conception robuste typique de la marque Tensai, facilitant la conservation optimale des aliments et une organisation efficace gr\u00e2ce \u00e0 son format horizontal. En r\u00e9sum\u00e9, le mod\u00e8le SIF240VD constitue une solution pratique pour ceux qui recherchent un cong\u00e9lateur spacieux, fiable et facile \u00e0 int\u00e9grer \u00e0 la maison ou en commerce.<\/p>\n<ul>\n<li>Produit \u00e0 brancher: Oui<\/li>\n<li>Type: Cong\u00e9lateur<\/li>\n<li>Type de prise: Prise EU<\/li>\n<li>Bloc d\u2019Alimentation: r\u00e9seau \u00e9lectrique<\/li>\n<li>Couleur: Blanc<\/li>\n<li>Largeur: 86 cm<\/li>\n<li>Classification \u00e9nerg\u00e9tique: F<\/li>\n<li>Profondeur: 660 mm<\/li>\n<li>Niveau sonore: 49 dB<\/li>\n<li>Capacit\u00e9: 180 L<\/li>\n<li>Dimensions approx.: 86 x 83 cm<\/li>\n<li>Type d&#8217;installation: Auto-assemblage<\/li>\n<li>\u00c9lev\u00e9: 86 cm<\/li>\n<\/ul>","protected":false},"excerpt":{"rendered":"<p><span class=\"unit-info\">2.5777 &euro; \/ 1 l<\/span><\/p>","protected":false},"featured_media":62425,"comment_status":"open","ping_status":"closed","template":"","meta":[],"product_brand":[1546],"product_cat":[60,77,226],"product_tag":[],"class_list":{"0":"post-62426","1":"product","2":"type-product","3":"status-publish","4":"has-post-thumbnail","6":"product_brand-brandp_1202","7":"product_cat-cuisine-gourmet","8":"product_cat-petit-electromenager","9":"product_cat-refrigerateurs-et-congelateurs","11":"first","12":"instock","13":"taxable","14":"shipping-taxable","15":"purchasable","16":"product-type-simple"},"_links":{"self":[{"href":"https:\/\/bigbuy.tupique.com\/en\/wp-json\/wp\/v2\/product\/62426","targetHints":{"allow":["GET"]}}],"collection":[{"href":"https:\/\/bigbuy.tupique.com\/en\/wp-json\/wp\/v2\/product"}],"about":[{"href":"https:\/\/bigbuy.tupique.com\/en\/wp-json\/wp\/v2\/types\/product"}],"replies":[{"embeddable":true,"href":"https:\/\/bigbuy.tupique.com\/en\/wp-json\/wp\/v2\/comments?post=62426"}],"wp:featuredmedia":[{"embeddable":true,"href":"https:\/\/bigbuy.tupique.com\/en\/wp-json\/wp\/v2\/media\/62425"}],"wp:attachment":[{"href":"https:\/\/bigbuy.tupique.com\/en\/wp-json\/wp\/v2\/media?parent=62426"}],"wp:term":[{"taxonomy":"product_brand","embeddable":true,"href":"https:\/\/bigbuy.tupique.com\/en\/wp-json\/wp\/v2\/product_brand?post=62426"},{"taxonomy":"product_cat","embeddable":true,"href":"https:\/\/bigbuy.tupique.com\/en\/wp-json\/wp\/v2\/product_cat?post=62426"},{"taxonomy":"product_tag","embeddable":true,"href":"https:\/\/bigbuy.tupique.com\/en\/wp-json\/wp\/v2\/product_tag?post=62426"}],"curies":[{"name":"wp","href":"https:\/\/api.w.org\/{rel}","templated":true}]}}