{"id":62340,"date":"2026-04-01T16:57:13","date_gmt":"2026-04-01T15:57:13","guid":{"rendered":"https:\/\/bigbuy.tupique.com\/produto\/dishwasher-beko-bdfn26550xc-steel\/"},"modified":"2026-04-15T16:30:24","modified_gmt":"2026-04-15T15:30:24","slug":"dishwasher-beko-bdfn26550xc-steel","status":"publish","type":"product","link":"https:\/\/bigbuy.tupique.com\/en\/produto\/dishwasher-beko-bdfn26550xc-steel\/","title":{"rendered":"Lave-vaisselle BEKO BDFN26550XC Acier"},"content":{"rendered":"<p>Si vous \u00eates \u00e0 la recherche de nouvelles tendances sur le march\u00e9, nous vous pr\u00e9sentons <b>Lave-vaisselle BEKO BDFN26550XC Acier<\/b> !<\/p>\n<p>Le <b>lave-vaisselle BDFN26550XC<\/b> de la marque <b>BEKO<\/b> est un appareil con\u00e7u pour offrir une performance efficace et une capacit\u00e9 confortable pour le lavage quotidien. Il s\u2019agit d\u2019un <b>lave-vaisselle pose libre<\/b> avec une capacit\u00e9 allant jusqu\u2019\u00e0 <b>15 couverts<\/b>, id\u00e9al pour les familles moyennes et les foyers avec une utilisation r\u00e9guli\u00e8re de vaisselle. Sa finition en <b>acier inoxydable<\/b> apporte un aspect moderne et r\u00e9sistant, s\u2019adaptant \u00e0 toutes les cuisines. Avec une classe \u00e9nerg\u00e9tique <b>B<\/b>, ce mod\u00e8le trouve un bon \u00e9quilibre entre consommation et efficacit\u00e9, utilisant <b>9,9 litres d\u2019eau par cycle<\/b>, contribuant ainsi \u00e0 une utilisation responsable des ressources. Sa hauteur standard de <b>85 cm<\/b> et une largeur r\u00e9elle de <b>598 mm<\/b> facilitent son int\u00e9gration dans des espaces conventionnels sans difficult\u00e9. Parmi ses fonctions, on note la pr\u00e9sence d\u2019un <b>\u00e9cran int\u00e9gr\u00e9<\/b> qui simplifie la s\u00e9lection et l\u2019affichage des diff\u00e9rents programmes de lavage, incluant des options adapt\u00e9es telles que <b>Auto<\/b>, <b>D\u00e9licat 40\u00b0C<\/b>, <b>Eco 50\u00b0C<\/b>, <b>Hygi\u00e8ne<\/b>, <b>Intensif 70\u00b0C<\/b>, <b>Mini<\/b>, <b>Quick &amp; Shine<\/b>, offrant une grande polyvalence selon le type de charge et de salissure. De plus, il dispose d\u2019une fonction de <b>d\u00e9part diff\u00e9r\u00e9 jusqu\u2019\u00e0 24 heures<\/b>, permettant de programmer le lavage \u00e0 l\u2019heure la plus pratique pour l\u2019utilisateur, optimisant la consommation d\u2019\u00e9nergie et le confort d\u2019utilisation. Ce lave-vaisselle ALLIE efficacit\u00e9, capacit\u00e9 et vari\u00e9t\u00e9 de programmes, se positionnant comme une option pratique et fonctionnelle pour ceux qui recherchent un bon compromis entre performance et consommation dans un mod\u00e8le de qualit\u00e9 moyenne sur le march\u00e9.<\/p>\n<ul>\n<li>Type: Lave-vaisselle<\/li>\n<li>Produit \u00e0 brancher: Oui<\/li>\n<li>Type de prise: Prise EU<\/li>\n<li>Classification \u00e9nerg\u00e9tique: B<\/li>\n<li>Bloc d\u2019Alimentation: r\u00e9seau \u00e9lectrique<\/li>\n<li>Couleur: Acier<\/li>\n<li>Capacit\u00e9 (Nb de couverts): 15<\/li>\n<li>Caract\u00e9ristiques:\n<ul>\n<li>\u00c9cran integr\u00e9<\/li>\n<li>Programmable<\/li>\n<li>Verrou de s\u00e9curit\u00e9<\/li>\n<li>Int\u00e9gr\u00e9<\/li>\n<\/ul>\n<\/li>\n<li>Type d&#8217;installation: Auto-assemblage<\/li>\n<li>Finition: Semi-mat<\/li>\n<li>Programmes:\n<ul>\n<li>D\u00e9licats<\/li>\n<li>Rapide<\/li>\n<li>Intensif<\/li>\n<\/ul>\n<\/li>\n<li>Fonctions: ECO<\/li>\n<li>Niveau sonore: 43 dB<\/li>\n<li>\u00c9lev\u00e9: 85 cm<\/li>\n<\/ul>","protected":false},"excerpt":{"rendered":"<p>Si vous \u00eates \u00e0 la recherche de nouvelles tendances sur le march\u00e9, nous vous pr\u00e9sentons Lave-vaisselle BEKO BDFN26550XC Acier ! Le lave-vaisselle BDFN26550XC de la marque BEKO est un appareil con\u00e7u pour offrir une performance efficace et une capacit\u00e9 confortable pour le lavage quotidien. Il s\u2019agit d\u2019un lave-vaisselle pose libre avec une capacit\u00e9 allant jusqu\u2019\u00e0 [&hellip;]<\/p>\n","protected":false},"featured_media":62338,"comment_status":"open","ping_status":"closed","template":"","meta":[],"product_brand":[825],"product_cat":[393,60,77],"product_tag":[],"class_list":{"0":"post-62340","1":"product","2":"type-product","3":"status-publish","4":"has-post-thumbnail","6":"product_brand-brandp_1255","7":"product_cat-autres-appareils-de-cuisines","8":"product_cat-cuisine-gourmet","9":"product_cat-petit-electromenager","11":"first","12":"instock","13":"taxable","14":"shipping-taxable","15":"purchasable","16":"product-type-simple"},"_links":{"self":[{"href":"https:\/\/bigbuy.tupique.com\/en\/wp-json\/wp\/v2\/product\/62340","targetHints":{"allow":["GET"]}}],"collection":[{"href":"https:\/\/bigbuy.tupique.com\/en\/wp-json\/wp\/v2\/product"}],"about":[{"href":"https:\/\/bigbuy.tupique.com\/en\/wp-json\/wp\/v2\/types\/product"}],"replies":[{"embeddable":true,"href":"https:\/\/bigbuy.tupique.com\/en\/wp-json\/wp\/v2\/comments?post=62340"}],"wp:featuredmedia":[{"embeddable":true,"href":"https:\/\/bigbuy.tupique.com\/en\/wp-json\/wp\/v2\/media\/62338"}],"wp:attachment":[{"href":"https:\/\/bigbuy.tupique.com\/en\/wp-json\/wp\/v2\/media?parent=62340"}],"wp:term":[{"taxonomy":"product_brand","embeddable":true,"href":"https:\/\/bigbuy.tupique.com\/en\/wp-json\/wp\/v2\/product_brand?post=62340"},{"taxonomy":"product_cat","embeddable":true,"href":"https:\/\/bigbuy.tupique.com\/en\/wp-json\/wp\/v2\/product_cat?post=62340"},{"taxonomy":"product_tag","embeddable":true,"href":"https:\/\/bigbuy.tupique.com\/en\/wp-json\/wp\/v2\/product_tag?post=62340"}],"curies":[{"name":"wp","href":"https:\/\/api.w.org\/{rel}","templated":true}]}}