{"id":62334,"date":"2026-04-01T16:57:07","date_gmt":"2026-04-01T15:57:07","guid":{"rendered":"https:\/\/bigbuy.tupique.com\/produto\/washing-machine-samsung-1000-rpm\/"},"modified":"2026-04-15T04:07:30","modified_gmt":"2026-04-15T03:07:30","slug":"washing-machine-samsung-1000-rpm","status":"publish","type":"product","link":"https:\/\/bigbuy.tupique.com\/en\/produto\/washing-machine-samsung-1000-rpm\/","title":{"rendered":"Machine \u00e0 laver Samsung 1000 rpm"},"content":{"rendered":"<p>Si vous pensez r\u00e9nover votre cuisine, achetez <b>Machine \u00e0 laver Samsung 1000 rpm<\/b> et d\u00b4autres <b>produits Samsung<\/b> !<\/p>\n<p>La <b>machine \u00e0 laver Samsung<\/b> se distingue par sa combinaison efficace de lavage et s\u00e9chage avec une <b>classe d\u2019efficacit\u00e9 \u00e9nerg\u00e9tique A<\/b>, garantissant une consommation responsable sans compromettre la performance. Con\u00e7ue pour une installation sous plan de travail, elle pr\u00e9sente une finition en <b>acier<\/b> qui apporte une touche moderne et \u00e9l\u00e9gante, id\u00e9ale pour s\u2019int\u00e9grer dans des cuisines ou buanderies au design contemporain. Sa <b>capacit\u00e9 de lavage de 18 kg<\/b> et sa <b>capacit\u00e9 de s\u00e9chage de 11 kg<\/b> la rendent adapt\u00e9e aux foyers \u00e0 forte demande, optimisant les cycles et l\u2019espace de travail. Elle est \u00e9quip\u00e9e d\u2019un moteur inverter, offrant plus de durabilit\u00e9 et moins de bruit pendant le fonctionnement, tout en garantissant une meilleure efficacit\u00e9 \u00e9nerg\u00e9tique et un essorage puissant jusqu\u2019\u00e0 <b>1000 tr\/min<\/b>. La machine propose plusieurs programmes de lavage sp\u00e9cialis\u00e9s, comme le cycle Eco 40-60\u00b0C, pr\u00e9lavage et rin\u00e7age, adapt\u00e9s \u00e0 diff\u00e9rents types de tissus et besoins, prolongeant la dur\u00e9e de vie du linge. Parmi ses caract\u00e9ristiques techniques figurent le <b>verrouillage enfant<\/b> et un <b>\u00e9cran tactile int\u00e9gr\u00e9<\/b>, facilitant la gestion des cycles et assurant la s\u00e9curit\u00e9 en \u00e9vitant les r\u00e9glages accidentels. Son design frontal avec contr\u00f4le tactile renforce sa modernit\u00e9 et facilite une utilisation intuitive, tandis que l\u2019acier de sa construction contribue \u00e0 sa robustesse et r\u00e9sistance \u00e0 la corrosion. Dans l\u2019ensemble, cette machine \u00e0 laver Samsung offre une solution technologique avanc\u00e9e et pratique pour ceux qui recherchent efficacit\u00e9, capacit\u00e9 et facilit\u00e9 d\u2019usage sans sacrifier le respect de l\u2019environnement. Cet appareil repr\u00e9sente une option avanc\u00e9e dans sa cat\u00e9gorie pour les utilisateurs qui valorisent fonctionnalit\u00e9 et performance dans un \u00e9lectrom\u00e9nager fiable.<\/p>\n<ul>\n<li>Caract\u00e9ristiques:\n<ul>\n<li>Verrouillage pour enfants<\/li>\n<li>\u00c9cran integr\u00e9<\/li>\n<li>Commande tactile<\/li>\n<\/ul>\n<\/li>\n<li>Type de charge: Frontal<\/li>\n<li>Couleur: Acier<\/li>\n<li>Pieds: Ajustables<\/li>\n<li>vitesse: 1000 rpm<\/li>\n<\/ul>","protected":false},"excerpt":{"rendered":"<p>Si vous pensez r\u00e9nover votre cuisine, achetez Machine \u00e0 laver Samsung 1000 rpm et d\u00b4autres produits Samsung ! La machine \u00e0 laver Samsung se distingue par sa combinaison efficace de lavage et s\u00e9chage avec une classe d\u2019efficacit\u00e9 \u00e9nerg\u00e9tique A, garantissant une consommation responsable sans compromettre la performance. Con\u00e7ue pour une installation sous plan de travail, [&hellip;]<\/p>\n","protected":false},"featured_media":62330,"comment_status":"open","ping_status":"closed","template":"","meta":[],"product_brand":[183],"product_cat":[239,240,751],"product_tag":[104],"class_list":{"0":"post-62334","1":"product","2":"type-product","3":"status-publish","4":"has-post-thumbnail","6":"product_brand-brandp_576","7":"product_cat-maison-jardin","8":"product_cat-nettoyage-aspirateur-et-repassage","9":"product_cat-seche-linge-fers-a-repasser-sechoirs","10":"product_tag-tag_1279","12":"first","13":"instock","14":"taxable","15":"shipping-taxable","16":"purchasable","17":"product-type-simple"},"_links":{"self":[{"href":"https:\/\/bigbuy.tupique.com\/en\/wp-json\/wp\/v2\/product\/62334","targetHints":{"allow":["GET"]}}],"collection":[{"href":"https:\/\/bigbuy.tupique.com\/en\/wp-json\/wp\/v2\/product"}],"about":[{"href":"https:\/\/bigbuy.tupique.com\/en\/wp-json\/wp\/v2\/types\/product"}],"replies":[{"embeddable":true,"href":"https:\/\/bigbuy.tupique.com\/en\/wp-json\/wp\/v2\/comments?post=62334"}],"wp:featuredmedia":[{"embeddable":true,"href":"https:\/\/bigbuy.tupique.com\/en\/wp-json\/wp\/v2\/media\/62330"}],"wp:attachment":[{"href":"https:\/\/bigbuy.tupique.com\/en\/wp-json\/wp\/v2\/media?parent=62334"}],"wp:term":[{"taxonomy":"product_brand","embeddable":true,"href":"https:\/\/bigbuy.tupique.com\/en\/wp-json\/wp\/v2\/product_brand?post=62334"},{"taxonomy":"product_cat","embeddable":true,"href":"https:\/\/bigbuy.tupique.com\/en\/wp-json\/wp\/v2\/product_cat?post=62334"},{"taxonomy":"product_tag","embeddable":true,"href":"https:\/\/bigbuy.tupique.com\/en\/wp-json\/wp\/v2\/product_tag?post=62334"}],"curies":[{"name":"wp","href":"https:\/\/api.w.org\/{rel}","templated":true}]}}