{"id":62329,"date":"2026-04-01T16:56:59","date_gmt":"2026-04-01T15:56:59","guid":{"rendered":"https:\/\/bigbuy.tupique.com\/produto\/electric-scooter-smartgyro-sg27-551\/"},"modified":"2026-04-15T16:54:26","modified_gmt":"2026-04-15T15:54:26","slug":"electric-scooter-smartgyro-sg27-551","status":"publish","type":"product","link":"https:\/\/bigbuy.tupique.com\/en\/produto\/electric-scooter-smartgyro-sg27-551\/","title":{"rendered":"Trottinette \u00c9lectrique Smartgyro SG27-551"},"content":{"rendered":"<p>Si vous \u00eates \u00e0 la recherche de nouvelles tendances sur le march\u00e9, nous vous pr\u00e9sentons <b>Trottinette \u00c9lectrique Smartgyro SG27-551<\/b> !<\/p>\n<p>Le <b>Smartgyro SG27-551<\/b> est une <b>trottinette \u00e9lectrique<\/b> con\u00e7ue pour offrir un \u00e9quilibre optimal entre puissance, autonomie et confort lors des d\u00e9placements urbains. Elle est \u00e9quip\u00e9e d\u2019un moteur de <b>500 W<\/b> qui fournit une <b>vitesse maximale de 25 km\/h<\/b>, adapt\u00e9e aux trajets quotidiens en ville, garantissant agilit\u00e9 et performance constante. Son syst\u00e8me de propulsion \u00e9lectrique est aliment\u00e9 par une batterie de <b>13000 mAh avec une tension de 48 V<\/b>, permettant d\u2019atteindre une autonomie maximale allant jusqu\u2019\u00e0 <b>50 km par charge<\/b>, un atout qui r\u00e9duit la fr\u00e9quence de recharge et augmente l\u2019efficacit\u00e9 pour les trajets longs ou les journ\u00e9es intensives. Les roues avant et arri\u00e8re de <b>10 pouces<\/b> assurent stabilit\u00e9 et absorption efficace des chocs, contribuant \u00e0 une conduite s\u00fbre et confortable m\u00eame sur des surfaces irr\u00e9guli\u00e8res. Ce mod\u00e8le inclut une prise de type europ\u00e9en (EU), facilitant la recharge dans la plupart des foyers et stations standards. Bien que la charge maximale ne soit pas sp\u00e9cifi\u00e9e, la construction et la configuration technique sugg\u00e8rent une robustesse adapt\u00e9e aux utilisateurs adultes en milieu urbain. Le Smartgyro SG27-551 int\u00e8gre des technologies et caract\u00e9ristiques de base propres \u00e0 une trottinette \u00e9lectrique de gamme moyenne qui r\u00e9pond aux besoins essentiels de mobilit\u00e9 personnelle durable, avec un bon compromis entre autonomie, puissance et maniabilit\u00e9. Son design fonctionnel et ses performances en font une alternative fiable pour ceux qui recherchent une solution pratique et technologique pour se d\u00e9placer en ville sans complications.<\/p>\n<ul>\n<li>Type: Trottinette \u00c9lectrique<\/li>\n<li>Produit \u00e0 brancher: Oui<\/li>\n<li>Type de prise: Prise EU<\/li>\n<li>Bloc d\u2019Alimentation:\n<ul>\n<li>r\u00e9seau \u00e9lectrique<\/li>\n<li>Batterie<\/li>\n<\/ul>\n<\/li>\n<li>vitesse: 25 km\/h<\/li>\n<\/ul>\n<p>Informations importantes: Si la marque n&#8217;a pas immatricul\u00e9 la trotinette, le propi\u00e9taire devra passer le ITV ou le T\u00dbV pour obtenir un &#8220;EBE&#8221; ou un permis de circulation individuel.<\/p>","protected":false},"excerpt":{"rendered":"<p>Si vous \u00eates \u00e0 la recherche de nouvelles tendances sur le march\u00e9, nous vous pr\u00e9sentons Trottinette \u00c9lectrique Smartgyro SG27-551 ! Le Smartgyro SG27-551 est une trottinette \u00e9lectrique con\u00e7ue pour offrir un \u00e9quilibre optimal entre puissance, autonomie et confort lors des d\u00e9placements urbains. Elle est \u00e9quip\u00e9e d\u2019un moteur de 500 W qui fournit une vitesse maximale [&hellip;]<\/p>\n","protected":false},"featured_media":62328,"comment_status":"open","ping_status":"closed","template":"","meta":[],"product_brand":[1228],"product_cat":[609,65,1146],"product_tag":[163],"class_list":{"0":"post-62329","1":"product","2":"type-product","3":"status-publish","4":"has-post-thumbnail","6":"product_brand-brandp_5033","7":"product_cat-electronique-jouets-electroniques","8":"product_cat-informatique-electronique","9":"product_cat-trottinettes-electriques","10":"product_tag-tag_17","12":"first","13":"instock","14":"taxable","15":"shipping-taxable","16":"purchasable","17":"product-type-simple"},"_links":{"self":[{"href":"https:\/\/bigbuy.tupique.com\/en\/wp-json\/wp\/v2\/product\/62329","targetHints":{"allow":["GET"]}}],"collection":[{"href":"https:\/\/bigbuy.tupique.com\/en\/wp-json\/wp\/v2\/product"}],"about":[{"href":"https:\/\/bigbuy.tupique.com\/en\/wp-json\/wp\/v2\/types\/product"}],"replies":[{"embeddable":true,"href":"https:\/\/bigbuy.tupique.com\/en\/wp-json\/wp\/v2\/comments?post=62329"}],"wp:featuredmedia":[{"embeddable":true,"href":"https:\/\/bigbuy.tupique.com\/en\/wp-json\/wp\/v2\/media\/62328"}],"wp:attachment":[{"href":"https:\/\/bigbuy.tupique.com\/en\/wp-json\/wp\/v2\/media?parent=62329"}],"wp:term":[{"taxonomy":"product_brand","embeddable":true,"href":"https:\/\/bigbuy.tupique.com\/en\/wp-json\/wp\/v2\/product_brand?post=62329"},{"taxonomy":"product_cat","embeddable":true,"href":"https:\/\/bigbuy.tupique.com\/en\/wp-json\/wp\/v2\/product_cat?post=62329"},{"taxonomy":"product_tag","embeddable":true,"href":"https:\/\/bigbuy.tupique.com\/en\/wp-json\/wp\/v2\/product_tag?post=62329"}],"curies":[{"name":"wp","href":"https:\/\/api.w.org\/{rel}","templated":true}]}}