{"id":62303,"date":"2026-04-01T16:56:29","date_gmt":"2026-04-01T15:56:29","guid":{"rendered":"https:\/\/bigbuy.tupique.com\/produto\/subwoofer-klipsch-kl1072078\/"},"modified":"2026-04-15T03:33:21","modified_gmt":"2026-04-15T02:33:21","slug":"subwoofer-klipsch-kl1072078","status":"publish","type":"product","link":"https:\/\/bigbuy.tupique.com\/en\/produto\/subwoofer-klipsch-kl1072078\/","title":{"rendered":"Caisson de basse KLIPSCH KL1072078"},"content":{"rendered":"<p>Si vous \u00eates passionn\u00e9 d&#8217;<b>informatique et d&#8217;\u00e9lectronique<\/b>, si vous \u00eates \u00e0 la pointe de la technologie et qu&#8217;aucun d\u00e9tail ne vous \u00e9chappe, achetez <b>Caisson de basse KLIPSCH KL1072078<\/b> au meilleur prix.<\/p>\n<p>Le subwoofer KLIPSCH red\u00e9finit l&#8217;exp\u00e9rience audio en offrant un son profond et immersif, parfait pour les amateurs de musique et de cin\u00e9ma. Ce subwoofer noir, de type sans fil, lib\u00e8re le potentiel de vos haut-parleurs en ajoutant des basses puissantes gr\u00e2ce \u00e0 sa puissance RMS de 80W. Son design \u00e9l\u00e9gant et contemporain s&#8217;int\u00e8gre parfaitement dans n&#8217;importe quel espace, offrant non seulement des performances exceptionnelles, mais aussi un style visuel attrayant. Avec la connectivit\u00e9 Bluetooth, vous pourrez profiter de vos morceaux pr\u00e9f\u00e9r\u00e9s facilement et sans c\u00e2bles, rendant le syst\u00e8me audio de votre maison encore plus polyvalent. La simplicit\u00e9 de son installation et de son utilisation garantit que tout utilisateur, quel que soit son niveau d&#8217;exp\u00e9rience, puisse appr\u00e9cier une excellente qualit\u00e9 sonore sans complications. Que ce soit dans un environnement de cin\u00e9ma maison ou pour animer vos soir\u00e9es, le KLIPSCH est la solution id\u00e9ale pour ceux qui recherchent une exp\u00e9rience audio de haute qualit\u00e9.<\/p>\n<p>&#8211; Type : Subwoofer<\/p>\n<p>&#8211; Couleur : Noir<\/p>\n<p>&#8211; Connectivit\u00e9 : Bluetooth<\/p>\n<p>&#8211; Subwoofer sans fil : Oui<\/p>\n<p>&#8211; Puissance RMS du subwoofer : 80W <\/p>\n<p>Ce subwoofer KLIPSCH allie technologie avanc\u00e9e et design raffin\u00e9, en faisant un choix parfait pour ceux qui souhaitent am\u00e9liorer leur syst\u00e8me audio avec un composant de qualit\u00e9 sup\u00e9rieure.<\/p>\n<ul>\n<li>Type:\n<ul>\n<li>Haut-parleurs bluetooth<\/li>\n<li>Subwoofer<\/li>\n<li>D<\/li>\n<\/ul>\n<\/li>\n<li>Couleur: Noir<\/li>\n<li>Connectivit\u00e9: Bluetooth<\/li>\n<li>Son: St\u00e9r\u00e9o<\/li>\n<li>Puissance RMS: 80 W<\/li>\n<li>Haut-parleur: Subwoofer<\/li>\n<\/ul>","protected":false},"excerpt":{"rendered":"<p>Si vous \u00eates passionn\u00e9 d&#8217;informatique et d&#8217;\u00e9lectronique, si vous \u00eates \u00e0 la pointe de la technologie et qu&#8217;aucun d\u00e9tail ne vous \u00e9chappe, achetez Caisson de basse KLIPSCH KL1072078 au meilleur prix. Le subwoofer KLIPSCH red\u00e9finit l&#8217;exp\u00e9rience audio en offrant un son profond et immersif, parfait pour les amateurs de musique et de cin\u00e9ma. Ce subwoofer [&hellip;]<\/p>\n","protected":false},"featured_media":62295,"comment_status":"open","ping_status":"closed","template":"","meta":[],"product_brand":[1174],"product_cat":[755,763,65],"product_tag":[106],"class_list":{"0":"post-62303","1":"product","2":"type-product","3":"status-publish","4":"has-post-thumbnail","6":"product_brand-brandp_10063","7":"product_cat-electronique-son","8":"product_cat-haut-parleurs","9":"product_cat-informatique-electronique","10":"product_tag-tag_1295","12":"first","13":"instock","14":"taxable","15":"shipping-taxable","16":"purchasable","17":"product-type-simple"},"_links":{"self":[{"href":"https:\/\/bigbuy.tupique.com\/en\/wp-json\/wp\/v2\/product\/62303","targetHints":{"allow":["GET"]}}],"collection":[{"href":"https:\/\/bigbuy.tupique.com\/en\/wp-json\/wp\/v2\/product"}],"about":[{"href":"https:\/\/bigbuy.tupique.com\/en\/wp-json\/wp\/v2\/types\/product"}],"replies":[{"embeddable":true,"href":"https:\/\/bigbuy.tupique.com\/en\/wp-json\/wp\/v2\/comments?post=62303"}],"wp:featuredmedia":[{"embeddable":true,"href":"https:\/\/bigbuy.tupique.com\/en\/wp-json\/wp\/v2\/media\/62295"}],"wp:attachment":[{"href":"https:\/\/bigbuy.tupique.com\/en\/wp-json\/wp\/v2\/media?parent=62303"}],"wp:term":[{"taxonomy":"product_brand","embeddable":true,"href":"https:\/\/bigbuy.tupique.com\/en\/wp-json\/wp\/v2\/product_brand?post=62303"},{"taxonomy":"product_cat","embeddable":true,"href":"https:\/\/bigbuy.tupique.com\/en\/wp-json\/wp\/v2\/product_cat?post=62303"},{"taxonomy":"product_tag","embeddable":true,"href":"https:\/\/bigbuy.tupique.com\/en\/wp-json\/wp\/v2\/product_tag?post=62303"}],"curies":[{"name":"wp","href":"https:\/\/api.w.org\/{rel}","templated":true}]}}