{"id":62224,"date":"2026-04-01T16:54:13","date_gmt":"2026-04-01T15:54:13","guid":{"rendered":"https:\/\/bigbuy.tupique.com\/produto\/refrigerator-beko-rssa290m41wn-white-286-l\/"},"modified":"2026-04-15T03:32:37","modified_gmt":"2026-04-15T02:32:37","slug":"refrigerator-beko-rssa290m41wn-white-286-l","status":"publish","type":"product","link":"https:\/\/bigbuy.tupique.com\/en\/produto\/refrigerator-beko-rssa290m41wn-white-286-l\/","title":{"rendered":"R\u00e9frig\u00e9rateur BEKO RSSA290M41WN Blanc 286 L"},"content":{"rendered":"<p>Si vous pensez r\u00e9nover votre cuisine, achetez <b>R\u00e9frig\u00e9rateur BEKO RSSA290M41WN Blanc 286 L<\/b> et d\u00b4autres <b>produits BEKO<\/b> !<\/p>\n<ul>\n<li>Couleur: Blanc<\/li>\n<li>Dimensions approx.: 59.5 x 59.2 x 150.8 cm<\/li>\n<li>Longueur du c\u00e2ble: 215 cm<\/li>\n<li>Portes: 1 porte<\/li>\n<li>Niveau sonore: 38 dB<\/li>\n<li>Direction d&#8217;ouverture: Droite<\/li>\n<li>Classification \u00e9nerg\u00e9tique: E<\/li>\n<li>Type d&#8217;installation: Auto-assemblage<\/li>\n<li>Produit \u00e0 brancher: Oui<\/li>\n<li>Type de prise: Prise EU<\/li>\n<li>Capacit\u00e9 du r\u00e9frig\u00e9rateur: 286 L<\/li>\n<li>Bloc d\u2019Alimentation: r\u00e9seau \u00e9lectrique<\/li>\n<li>Largeur:\n<ul>\n<li>60 cm<\/li>\n<li>59,5 cm<\/li>\n<\/ul>\n<\/li>\n<li>Type: LED<\/li>\n<li>\u00c9cran integr\u00e9: Non<\/li>\n<li>Fr\u00e9quence: 50 Hz<\/li>\n<li>Tension: 220-240 V<\/li>\n<\/ul>","protected":false},"excerpt":{"rendered":"<p>Si vous pensez r\u00e9nover votre cuisine, achetez R\u00e9frig\u00e9rateur BEKO RSSA290M41WN Blanc 286 L et d\u00b4autres produits BEKO ! Couleur: Blanc Dimensions approx.: 59.5 x 59.2 x 150.8 cm Longueur du c\u00e2ble: 215 cm Portes: 1 porte Niveau sonore: 38 dB Direction d&#8217;ouverture: Droite Classification \u00e9nerg\u00e9tique: E Type d&#8217;installation: Auto-assemblage Produit \u00e0 brancher: Oui Type de [&hellip;]<\/p>\n","protected":false},"featured_media":62222,"comment_status":"open","ping_status":"closed","template":"","meta":[],"product_brand":[825],"product_cat":[60,77,226],"product_tag":[56],"class_list":{"0":"post-62224","1":"product","2":"type-product","3":"status-publish","4":"has-post-thumbnail","6":"product_brand-brandp_1255","7":"product_cat-cuisine-gourmet","8":"product_cat-petit-electromenager","9":"product_cat-refrigerateurs-et-congelateurs","10":"product_tag-tag_930","12":"first","13":"instock","14":"taxable","15":"shipping-taxable","16":"purchasable","17":"product-type-simple"},"_links":{"self":[{"href":"https:\/\/bigbuy.tupique.com\/en\/wp-json\/wp\/v2\/product\/62224","targetHints":{"allow":["GET"]}}],"collection":[{"href":"https:\/\/bigbuy.tupique.com\/en\/wp-json\/wp\/v2\/product"}],"about":[{"href":"https:\/\/bigbuy.tupique.com\/en\/wp-json\/wp\/v2\/types\/product"}],"replies":[{"embeddable":true,"href":"https:\/\/bigbuy.tupique.com\/en\/wp-json\/wp\/v2\/comments?post=62224"}],"wp:featuredmedia":[{"embeddable":true,"href":"https:\/\/bigbuy.tupique.com\/en\/wp-json\/wp\/v2\/media\/62222"}],"wp:attachment":[{"href":"https:\/\/bigbuy.tupique.com\/en\/wp-json\/wp\/v2\/media?parent=62224"}],"wp:term":[{"taxonomy":"product_brand","embeddable":true,"href":"https:\/\/bigbuy.tupique.com\/en\/wp-json\/wp\/v2\/product_brand?post=62224"},{"taxonomy":"product_cat","embeddable":true,"href":"https:\/\/bigbuy.tupique.com\/en\/wp-json\/wp\/v2\/product_cat?post=62224"},{"taxonomy":"product_tag","embeddable":true,"href":"https:\/\/bigbuy.tupique.com\/en\/wp-json\/wp\/v2\/product_tag?post=62224"}],"curies":[{"name":"wp","href":"https:\/\/api.w.org\/{rel}","templated":true}]}}