{"id":62219,"date":"2026-04-01T16:54:08","date_gmt":"2026-04-01T15:54:08","guid":{"rendered":"https:\/\/bigbuy.tupique.com\/produto\/electric-shaver-panasonic-es-pv6b\/"},"modified":"2026-04-15T03:32:14","modified_gmt":"2026-04-15T02:32:14","slug":"electric-shaver-panasonic-es-pv6b","status":"publish","type":"product","link":"https:\/\/bigbuy.tupique.com\/en\/produto\/electric-shaver-panasonic-es-pv6b\/","title":{"rendered":"Rasoir \u00e9lectrique Panasonic ES-PV6B"},"content":{"rendered":"<p>Si vous recherchez des \u00e9lectrom\u00e9nagers pour votre maison aux meilleurs prix, ne manquez pas <b>Rasoir \u00e9lectrique Panasonic ES-PV6B<\/b> et une large s\u00e9lection de petits \u00e9lectrom\u00e9nagers de qualit\u00e9 !<\/p>\n<p>La <b>Panasonic ES-PV6B-W803<\/b> est un <b>rasoir \u00e9lectrique rechargeable<\/b> con\u00e7u pour offrir un rasage confortable, pr\u00e9cis et flexible, aussi bien au quotidien qu\u2019en voyage. Elle pr\u00e9sente une finition \u00e9l\u00e9gante en <b>blanc<\/b> et dispose de lames en <b>acier inoxydable<\/b> assurant une grande durabilit\u00e9 et une r\u00e9sistance \u00e0 l\u2019usure, pour des coupes nettes et efficaces \u00e0 chaque passage. Son design <b>\u00e9tanche<\/b> permet une utilisation aussi bien \u00e0 sec qu\u2019\u00e0 l\u2019eau, et gr\u00e2ce \u00e0 sa conception enti\u00e8rement <b>lavable<\/b>, elle se nettoie facilement sous le robinet, ce qui simplifie l\u2019entretien et garantit une hygi\u00e8ne optimale. Elle fonctionne avec une <b>batterie rechargeable<\/b> int\u00e9gr\u00e9e, offrant la libert\u00e9 d\u2019un usage sans fil et une grande mobilit\u00e9 ; la technologie lithium-ion assure une bonne autonomie et des cycles de charge efficaces. Sa largeur compacte de 72 mm et son design ergonomique rendent le rasoir facile \u00e0 manipuler et \u00e0 transporter, s\u2019adaptant bien \u00e0 la main pour un contr\u00f4le pr\u00e9cis m\u00eame dans les zones difficiles. Ce rasoir r\u00e9pond aux besoins de ceux qui recherchent praticit\u00e9, mat\u00e9riaux de qualit\u00e9 et facilit\u00e9 de nettoyage dans leur routine de soins personnels.<\/p>\n<ul>\n<li>Produit \u00e0 brancher: Oui<\/li>\n<li>Type de prise: Prise EU<\/li>\n<li>Bloc d\u2019Alimentation:\n<ul>\n<li>r\u00e9seau \u00e9lectrique<\/li>\n<li>Batterie<\/li>\n<li>C\u00e2ble \u00e9lectrique<\/li>\n<\/ul>\n<\/li>\n<li>Couleur: Blanc<\/li>\n<li>Rechargeable: Oui<\/li>\n<li>Mati\u00e8re: Acier inoxydable<\/li>\n<li>Caract\u00e9ristiques: R\u00e9sistant \u00e0 l&#8217;eau<\/li>\n<\/ul>","protected":false},"excerpt":{"rendered":"<p>Si vous recherchez des \u00e9lectrom\u00e9nagers pour votre maison aux meilleurs prix, ne manquez pas Rasoir \u00e9lectrique Panasonic ES-PV6B et une large s\u00e9lection de petits \u00e9lectrom\u00e9nagers de qualit\u00e9 ! La Panasonic ES-PV6B-W803 est un rasoir \u00e9lectrique rechargeable con\u00e7u pour offrir un rasage confortable, pr\u00e9cis et flexible, aussi bien au quotidien qu\u2019en voyage. Elle pr\u00e9sente une finition [&hellip;]<\/p>\n","protected":false},"featured_media":62218,"comment_status":"open","ping_status":"closed","template":"","meta":[],"product_brand":[1226],"product_cat":[753,752,1377],"product_tag":[722,56],"class_list":{"0":"post-62219","1":"product","2":"type-product","3":"status-publish","4":"has-post-thumbnail","6":"product_brand-brandp_944","7":"product_cat-coiffure","8":"product_cat-sante-beaute","9":"product_cat-tondeuses-pour-cheveux","10":"product_tag-tag_923","11":"product_tag-tag_930","13":"first","14":"instock","15":"taxable","16":"shipping-taxable","17":"purchasable","18":"product-type-simple"},"_links":{"self":[{"href":"https:\/\/bigbuy.tupique.com\/en\/wp-json\/wp\/v2\/product\/62219","targetHints":{"allow":["GET"]}}],"collection":[{"href":"https:\/\/bigbuy.tupique.com\/en\/wp-json\/wp\/v2\/product"}],"about":[{"href":"https:\/\/bigbuy.tupique.com\/en\/wp-json\/wp\/v2\/types\/product"}],"replies":[{"embeddable":true,"href":"https:\/\/bigbuy.tupique.com\/en\/wp-json\/wp\/v2\/comments?post=62219"}],"wp:featuredmedia":[{"embeddable":true,"href":"https:\/\/bigbuy.tupique.com\/en\/wp-json\/wp\/v2\/media\/62218"}],"wp:attachment":[{"href":"https:\/\/bigbuy.tupique.com\/en\/wp-json\/wp\/v2\/media?parent=62219"}],"wp:term":[{"taxonomy":"product_brand","embeddable":true,"href":"https:\/\/bigbuy.tupique.com\/en\/wp-json\/wp\/v2\/product_brand?post=62219"},{"taxonomy":"product_cat","embeddable":true,"href":"https:\/\/bigbuy.tupique.com\/en\/wp-json\/wp\/v2\/product_cat?post=62219"},{"taxonomy":"product_tag","embeddable":true,"href":"https:\/\/bigbuy.tupique.com\/en\/wp-json\/wp\/v2\/product_tag?post=62219"}],"curies":[{"name":"wp","href":"https:\/\/api.w.org\/{rel}","templated":true}]}}