{"id":62177,"date":"2026-04-01T16:53:16","date_gmt":"2026-04-01T15:53:16","guid":{"rendered":"https:\/\/bigbuy.tupique.com\/produto\/vertical-steam-iron-rowenta-yr2020-1500-w\/"},"modified":"2026-05-11T19:56:48","modified_gmt":"2026-05-11T17:56:48","slug":"vertical-steam-iron-rowenta-yr2020-1500-w","status":"publish","type":"product","link":"https:\/\/bigbuy.tupique.com\/en\/produto\/vertical-steam-iron-rowenta-yr2020-1500-w\/","title":{"rendered":"Fer \u00e0 vapeur vertical Rowenta YR2020 1500 W"},"content":{"rendered":"<p>Si vous recherchez des \u00e9lectrom\u00e9nagers pour votre maison aux meilleurs prix, ne manquez pas <b>Fer \u00e0 vapeur vertical Rowenta YR2020 1500 W<\/b> et une large s\u00e9lection de petits \u00e9lectrom\u00e9nagers de qualit\u00e9 !<\/p>\n<ul>\n<li>puissance: 1500 W<\/li>\n<\/ul>","protected":false},"excerpt":{"rendered":"<p><span class=\"unit-info\">410.9900 &euro; \/ 1 l<\/span><\/p>","protected":false},"featured_media":62174,"comment_status":"open","ping_status":"closed","template":"","meta":[],"product_brand":[1638],"product_cat":[239,240,751],"product_tag":[56],"class_list":{"0":"post-62177","1":"product","2":"type-product","3":"status-publish","4":"has-post-thumbnail","6":"product_brand-brandp_917","7":"product_cat-maison-jardin","8":"product_cat-nettoyage-aspirateur-et-repassage","9":"product_cat-seche-linge-fers-a-repasser-sechoirs","10":"product_tag-tag_930","12":"first","13":"instock","14":"taxable","15":"shipping-taxable","16":"purchasable","17":"product-type-simple"},"_links":{"self":[{"href":"https:\/\/bigbuy.tupique.com\/en\/wp-json\/wp\/v2\/product\/62177","targetHints":{"allow":["GET"]}}],"collection":[{"href":"https:\/\/bigbuy.tupique.com\/en\/wp-json\/wp\/v2\/product"}],"about":[{"href":"https:\/\/bigbuy.tupique.com\/en\/wp-json\/wp\/v2\/types\/product"}],"replies":[{"embeddable":true,"href":"https:\/\/bigbuy.tupique.com\/en\/wp-json\/wp\/v2\/comments?post=62177"}],"wp:featuredmedia":[{"embeddable":true,"href":"https:\/\/bigbuy.tupique.com\/en\/wp-json\/wp\/v2\/media\/62174"}],"wp:attachment":[{"href":"https:\/\/bigbuy.tupique.com\/en\/wp-json\/wp\/v2\/media?parent=62177"}],"wp:term":[{"taxonomy":"product_brand","embeddable":true,"href":"https:\/\/bigbuy.tupique.com\/en\/wp-json\/wp\/v2\/product_brand?post=62177"},{"taxonomy":"product_cat","embeddable":true,"href":"https:\/\/bigbuy.tupique.com\/en\/wp-json\/wp\/v2\/product_cat?post=62177"},{"taxonomy":"product_tag","embeddable":true,"href":"https:\/\/bigbuy.tupique.com\/en\/wp-json\/wp\/v2\/product_tag?post=62177"}],"curies":[{"name":"wp","href":"https:\/\/api.w.org\/{rel}","templated":true}]}}