{"id":62162,"date":"2026-04-01T16:52:56","date_gmt":"2026-04-01T15:52:56","guid":{"rendered":"https:\/\/bigbuy.tupique.com\/produto\/washer-dryer-samsung-wd11dg5b15beec\/"},"modified":"2026-04-15T02:58:15","modified_gmt":"2026-04-15T01:58:15","slug":"washer-dryer-samsung-wd11dg5b15beec","status":"publish","type":"product","link":"https:\/\/bigbuy.tupique.com\/en\/produto\/washer-dryer-samsung-wd11dg5b15beec\/","title":{"rendered":"Laveuse &#8211; S\u00e9cheuse Samsung WD11DG5B15BEEC"},"content":{"rendered":"<p>Si vous pensez r\u00e9nover votre cuisine, achetez <b>Laveuse &#8211; S\u00e9cheuse Samsung WD11DG5B15BEEC<\/b> et d\u00b4autres <b>produits Samsung<\/b> !<\/p>\n<p>La <b>lave-linge s\u00e9chant Samsung WD11DG5B15BEEC<\/b> est un appareil con\u00e7u pour offrir efficacit\u00e9 et fonctionnalit\u00e9 dans les espaces r\u00e9duits, id\u00e9al pour une installation sous plan de travail gr\u00e2ce \u00e0 sa largeur de <b>60 cm<\/b> et sa finition \u00e9l\u00e9gante en <b>blanc<\/b>. Il dispose d\u2019une <b>capacit\u00e9 de lavage de 11 kg<\/b> et d\u2019une <b>capacit\u00e9 de s\u00e9chage de 6 kg<\/b>, ce qui en fait une solution pratique pour les familles n\u00e9cessitant des cycles complets en un seul appareil. Son <b>moteur inverter<\/b> assure un fonctionnement plus silencieux et durable, avec un niveau sonore raisonnable de <b>72 dB<\/b> pendant le lavage. Son efficacit\u00e9 \u00e9nerg\u00e9tique est class\u00e9e <b>A pour le lavage<\/b> et <b>D pour le cycle combin\u00e9 lavage-s\u00e9chage<\/b>, conforme aux normes actuelles pour une consommation responsable. Ce mod\u00e8le offre une vitesse d\u2019essorage maximale de <b>1400 tr\/min<\/b>, permettant un s\u00e9chage plus efficace et un linge moins humide \u00e0 la fin du cycle. Parmi ses programmes, il inclut des options vari\u00e9es telles que <b>d\u00e9licat\/soie, \u00e9co 40-60\u00b0C, mix, pr\u00e9lavage, cycle rapide de 15 minutes, rin\u00e7age et essorage, vapeur et synth\u00e9tique<\/b>, offrant flexibilit\u00e9 selon les tissus et besoins. La technologie <b>Wash&amp;Dry<\/b> permet un cycle complet de lavage et s\u00e9chage en une seule op\u00e9ration, optimisant temps et espace. De plus, il int\u00e8gre des fonctions avanc\u00e9es comme le verrouillage enfant, un \u00e9cran int\u00e9gr\u00e9 pour un contr\u00f4le intuitif et la connectivit\u00e9 <b>Wi-Fi<\/b> facilitant la gestion et la surveillance \u00e0 distance via mobile. Cet ensemble en fait une option technologique alliant volume, rapidit\u00e9 et \u00e9conomie d\u2019\u00e9nergie dans le segment moyen-haut du march\u00e9 des lave-linge s\u00e9chants. La WD11DG5B15BEEC est une solution efficace et polyvalente, adapt\u00e9e tant aux foyers avec contraintes d\u2019espace qu\u2019aux utilisateurs exigeant un nettoyage performant et des programmes sp\u00e9cialis\u00e9s en un seul appareil.<\/p>\n<ul>\n<li>vitesse: 1400 rpm<\/li>\n<li>Capacit\u00e9:\n<ul>\n<li>11 kg\/6 kg<\/li>\n<li>6 Kg<\/li>\n<li>11 Kg<\/li>\n<\/ul>\n<\/li>\n<li>Couleur: Blanc<\/li>\n<li>Classification \u00e9nerg\u00e9tique:\n<ul>\n<li>A<\/li>\n<li>D<\/li>\n<\/ul>\n<\/li>\n<li>Type d&#8217;installation: Sous le plan de travail<\/li>\n<li>Produit \u00e0 brancher: Oui<\/li>\n<li>Langue: Espagnol<\/li>\n<li>Type de prise: Prise EU<\/li>\n<li>Bloc d\u2019Alimentation: r\u00e9seau \u00e9lectrique<\/li>\n<li>Largeur: 60 cm<\/li>\n<li>Niveau sonore: 72 dB<\/li>\n<\/ul>","protected":false},"excerpt":{"rendered":"<p>Si vous pensez r\u00e9nover votre cuisine, achetez Laveuse &#8211; S\u00e9cheuse Samsung WD11DG5B15BEEC et d\u00b4autres produits Samsung ! La lave-linge s\u00e9chant Samsung WD11DG5B15BEEC est un appareil con\u00e7u pour offrir efficacit\u00e9 et fonctionnalit\u00e9 dans les espaces r\u00e9duits, id\u00e9al pour une installation sous plan de travail gr\u00e2ce \u00e0 sa largeur de 60 cm et sa finition \u00e9l\u00e9gante en [&hellip;]<\/p>\n","protected":false},"featured_media":62160,"comment_status":"open","ping_status":"closed","template":"","meta":[],"product_brand":[183],"product_cat":[239,240,751],"product_tag":[],"class_list":{"0":"post-62162","1":"product","2":"type-product","3":"status-publish","4":"has-post-thumbnail","6":"product_brand-brandp_576","7":"product_cat-maison-jardin","8":"product_cat-nettoyage-aspirateur-et-repassage","9":"product_cat-seche-linge-fers-a-repasser-sechoirs","11":"first","12":"instock","13":"taxable","14":"shipping-taxable","15":"purchasable","16":"product-type-simple"},"_links":{"self":[{"href":"https:\/\/bigbuy.tupique.com\/en\/wp-json\/wp\/v2\/product\/62162","targetHints":{"allow":["GET"]}}],"collection":[{"href":"https:\/\/bigbuy.tupique.com\/en\/wp-json\/wp\/v2\/product"}],"about":[{"href":"https:\/\/bigbuy.tupique.com\/en\/wp-json\/wp\/v2\/types\/product"}],"replies":[{"embeddable":true,"href":"https:\/\/bigbuy.tupique.com\/en\/wp-json\/wp\/v2\/comments?post=62162"}],"wp:featuredmedia":[{"embeddable":true,"href":"https:\/\/bigbuy.tupique.com\/en\/wp-json\/wp\/v2\/media\/62160"}],"wp:attachment":[{"href":"https:\/\/bigbuy.tupique.com\/en\/wp-json\/wp\/v2\/media?parent=62162"}],"wp:term":[{"taxonomy":"product_brand","embeddable":true,"href":"https:\/\/bigbuy.tupique.com\/en\/wp-json\/wp\/v2\/product_brand?post=62162"},{"taxonomy":"product_cat","embeddable":true,"href":"https:\/\/bigbuy.tupique.com\/en\/wp-json\/wp\/v2\/product_cat?post=62162"},{"taxonomy":"product_tag","embeddable":true,"href":"https:\/\/bigbuy.tupique.com\/en\/wp-json\/wp\/v2\/product_tag?post=62162"}],"curies":[{"name":"wp","href":"https:\/\/api.w.org\/{rel}","templated":true}]}}