{"id":62118,"date":"2026-04-01T16:52:07","date_gmt":"2026-04-01T15:52:07","guid":{"rendered":"https:\/\/bigbuy.tupique.com\/produto\/smart-tv-toshiba-43uv3463dg-4k-ultra-hd-43-d-led\/"},"modified":"2026-04-15T23:15:20","modified_gmt":"2026-04-15T22:15:20","slug":"smart-tv-toshiba-43uv3463dg-4k-ultra-hd-43-d-led","status":"publish","type":"product","link":"https:\/\/bigbuy.tupique.com\/en\/produto\/smart-tv-toshiba-43uv3463dg-4k-ultra-hd-43-d-led\/","title":{"rendered":"TV intelligente Toshiba 43UV3463DG 4K Ultra HD 43&#8243; D-LED"},"content":{"rendered":"<p>Si vous \u00eates passionn\u00e9 d&#8217;<b>informatique et d&#8217;\u00e9lectronique<\/b>, si vous \u00eates \u00e0 la pointe de la technologie et qu&#8217;aucun d\u00e9tail ne vous \u00e9chappe, achetez <b>TV intelligente Toshiba 43UV3463DG 4K Ultra HD 43&#8243; D-LED<\/b> au meilleur prix.<\/p>\n<ul>\n<li>TV intelligente: Oui<\/li>\n<li>Type: T\u00e9l\u00e9vision<\/li>\n<li>Produit \u00e0 brancher: Oui<\/li>\n<li>Type de prise: Prise EU<\/li>\n<li>Couleur: Noir<\/li>\n<li>Ecran: 43&#8243;<\/li>\n<li>Connexions:\n<ul>\n<li>USB x 2<\/li>\n<li>HDMI x 3<\/li>\n<li>Ethernet LAN<\/li>\n<li>USB 2.0 x 2<\/li>\n<\/ul>\n<\/li>\n<li>Technologie:\n<ul>\n<li>D-LED<\/li>\n<li>LED<\/li>\n<\/ul>\n<\/li>\n<li>R\u00e9solution: 4K Ultra HD<\/li>\n<li>Connectivit\u00e9: Wi-Fi<\/li>\n<li>Classification \u00e9nerg\u00e9tique: F<\/li>\n<li>Diagonale de l&#8217;\u00e9cran (cm): 109,2 cm<\/li>\n<li>Rapport d&#8217;aspect: 16:9<\/li>\n<li>Bloc d\u2019Alimentation: r\u00e9seau \u00e9lectrique<\/li>\n<li>HbbTV: Oui<\/li>\n<li>Non Inclus: Bluetooth<\/li>\n<li>Son: 16 W<\/li>\n<li>R\u00e9cepteur: Analogique et num\u00e9rique<\/li>\n<li>Caract\u00e9ristiques: 2 Haut-parleurs<\/li>\n<li>R\u00e9solution (px): 3840 x 2160 px<\/li>\n<\/ul>","protected":false},"excerpt":{"rendered":"<p>Si vous \u00eates passionn\u00e9 d&#8217;informatique et d&#8217;\u00e9lectronique, si vous \u00eates \u00e0 la pointe de la technologie et qu&#8217;aucun d\u00e9tail ne vous \u00e9chappe, achetez TV intelligente Toshiba 43UV3463DG 4K Ultra HD 43&#8243; D-LED au meilleur prix. TV intelligente: Oui Type: T\u00e9l\u00e9vision Produit \u00e0 brancher: Oui Type de prise: Prise EU Couleur: Noir Ecran: 43&#8243; Connexions: USB [&hellip;]<\/p>\n","protected":false},"featured_media":62116,"comment_status":"open","ping_status":"closed","template":"","meta":[],"product_brand":[1073],"product_cat":[589,65,957],"product_tag":[104],"class_list":{"0":"post-62118","1":"product","2":"type-product","3":"status-publish","4":"has-post-thumbnail","6":"product_brand-brandp_584","7":"product_cat-electronique-television","8":"product_cat-informatique-electronique","9":"product_cat-televisions-et-smart-tv","10":"product_tag-tag_1279","12":"first","13":"instock","14":"taxable","15":"shipping-taxable","16":"purchasable","17":"product-type-simple"},"_links":{"self":[{"href":"https:\/\/bigbuy.tupique.com\/en\/wp-json\/wp\/v2\/product\/62118","targetHints":{"allow":["GET"]}}],"collection":[{"href":"https:\/\/bigbuy.tupique.com\/en\/wp-json\/wp\/v2\/product"}],"about":[{"href":"https:\/\/bigbuy.tupique.com\/en\/wp-json\/wp\/v2\/types\/product"}],"replies":[{"embeddable":true,"href":"https:\/\/bigbuy.tupique.com\/en\/wp-json\/wp\/v2\/comments?post=62118"}],"wp:featuredmedia":[{"embeddable":true,"href":"https:\/\/bigbuy.tupique.com\/en\/wp-json\/wp\/v2\/media\/62116"}],"wp:attachment":[{"href":"https:\/\/bigbuy.tupique.com\/en\/wp-json\/wp\/v2\/media?parent=62118"}],"wp:term":[{"taxonomy":"product_brand","embeddable":true,"href":"https:\/\/bigbuy.tupique.com\/en\/wp-json\/wp\/v2\/product_brand?post=62118"},{"taxonomy":"product_cat","embeddable":true,"href":"https:\/\/bigbuy.tupique.com\/en\/wp-json\/wp\/v2\/product_cat?post=62118"},{"taxonomy":"product_tag","embeddable":true,"href":"https:\/\/bigbuy.tupique.com\/en\/wp-json\/wp\/v2\/product_tag?post=62118"}],"curies":[{"name":"wp","href":"https:\/\/api.w.org\/{rel}","templated":true}]}}