{"id":62010,"date":"2026-04-01T16:38:28","date_gmt":"2026-04-01T15:38:28","guid":{"rendered":"https:\/\/bigbuy.tupique.com\/produto\/air-conditioning-panasonic-kittz50zke-white-a-a-5000-w-5800-w\/"},"modified":"2026-04-16T10:54:45","modified_gmt":"2026-04-16T09:54:45","slug":"air-conditioning-panasonic-kittz50zke-white-a-a-5000-w-5800-w","status":"publish","type":"product","link":"https:\/\/bigbuy.tupique.com\/en\/produto\/air-conditioning-panasonic-kittz50zke-white-a-a-5000-w-5800-w\/","title":{"rendered":"Air Conditionn\u00e9 Panasonic KITTZ50ZKE Blanc A+ A++ 5000 W 5800 W"},"content":{"rendered":"<p>Si vous recherchez des \u00e9lectrom\u00e9nagers pour votre maison aux meilleurs prix, ne manquez pas <b>Air Conditionn\u00e9 Panasonic KITTZ50ZKE Blanc A+ A++ 5000 W 5800 W<\/b> et une large s\u00e9lection de petits \u00e9lectrom\u00e9nagers de qualit\u00e9 !<\/p>\n<ul>\n<li>Puissance frigorifique: 4300 fg\/h<\/li>\n<li>Couleur: Blanc<\/li>\n<li>Connectivit\u00e9: Wi-Fi<\/li>\n<li>Classification \u00e9nerg\u00e9tique:\n<ul>\n<li>A+<\/li>\n<li>A++<\/li>\n<\/ul>\n<\/li>\n<li>puissance:\n<ul>\n<li>5000 W<\/li>\n<li>5800 W<\/li>\n<\/ul>\n<\/li>\n<li>Technologie: Inverter<\/li>\n<li>Gaz: R32<\/li>\n<\/ul>","protected":false},"excerpt":{"rendered":"<p>Si vous recherchez des \u00e9lectrom\u00e9nagers pour votre maison aux meilleurs prix, ne manquez pas Air Conditionn\u00e9 Panasonic KITTZ50ZKE Blanc A+ A++ 5000 W 5800 W et une large s\u00e9lection de petits \u00e9lectrom\u00e9nagers de qualit\u00e9 ! Puissance frigorifique: 4300 fg\/h Couleur: Blanc Connectivit\u00e9: Wi-Fi Classification \u00e9nerg\u00e9tique: A+ A++ puissance: 5000 W 5800 W Technologie: Inverter Gaz: [&hellip;]<\/p>\n","protected":false},"featured_media":62008,"comment_status":"open","ping_status":"closed","template":"","meta":[],"product_brand":[1226],"product_cat":[732,1334,239],"product_tag":[721,210],"class_list":{"0":"post-62010","1":"product","2":"type-product","3":"status-publish","4":"has-post-thumbnail","6":"product_brand-brandp_944","7":"product_cat-climatisation-et-chauffage","8":"product_cat-climatiseurs-et-ventilateurs","9":"product_cat-maison-jardin","10":"product_tag-tag_124","11":"product_tag-tag_25","13":"first","14":"instock","15":"taxable","16":"shipping-taxable","17":"purchasable","18":"product-type-simple"},"_links":{"self":[{"href":"https:\/\/bigbuy.tupique.com\/en\/wp-json\/wp\/v2\/product\/62010","targetHints":{"allow":["GET"]}}],"collection":[{"href":"https:\/\/bigbuy.tupique.com\/en\/wp-json\/wp\/v2\/product"}],"about":[{"href":"https:\/\/bigbuy.tupique.com\/en\/wp-json\/wp\/v2\/types\/product"}],"replies":[{"embeddable":true,"href":"https:\/\/bigbuy.tupique.com\/en\/wp-json\/wp\/v2\/comments?post=62010"}],"wp:featuredmedia":[{"embeddable":true,"href":"https:\/\/bigbuy.tupique.com\/en\/wp-json\/wp\/v2\/media\/62008"}],"wp:attachment":[{"href":"https:\/\/bigbuy.tupique.com\/en\/wp-json\/wp\/v2\/media?parent=62010"}],"wp:term":[{"taxonomy":"product_brand","embeddable":true,"href":"https:\/\/bigbuy.tupique.com\/en\/wp-json\/wp\/v2\/product_brand?post=62010"},{"taxonomy":"product_cat","embeddable":true,"href":"https:\/\/bigbuy.tupique.com\/en\/wp-json\/wp\/v2\/product_cat?post=62010"},{"taxonomy":"product_tag","embeddable":true,"href":"https:\/\/bigbuy.tupique.com\/en\/wp-json\/wp\/v2\/product_tag?post=62010"}],"curies":[{"name":"wp","href":"https:\/\/api.w.org\/{rel}","templated":true}]}}