{"id":61894,"date":"2026-04-01T16:35:53","date_gmt":"2026-04-01T15:35:53","guid":{"rendered":"https:\/\/bigbuy.tupique.com\/produto\/air-conditioning-olimpia-splendid-02456-white\/"},"modified":"2026-04-15T07:00:52","modified_gmt":"2026-04-15T06:00:52","slug":"air-conditioning-olimpia-splendid-02456-white","status":"publish","type":"product","link":"https:\/\/bigbuy.tupique.com\/en\/produto\/air-conditioning-olimpia-splendid-02456-white\/","title":{"rendered":"Air Conditionn\u00e9 Olimpia Splendid 02456 Blanc"},"content":{"rendered":"<p>Si vous \u00eates \u00e0 la recherche de nouvelles tendances sur le march\u00e9, nous vous pr\u00e9sentons <b>Air Conditionn\u00e9 Olimpia Splendid 02456 Blanc<\/b> !<\/p>\n<ul>\n<li>Couleur: Blanc<\/li>\n<li>Mati\u00e8re: Plastique<\/li>\n<li>Tension: 230 V<\/li>\n<li>Bloc d\u2019Alimentation: r\u00e9seau \u00e9lectrique<\/li>\n<li>puissance:\n<ul>\n<li>2150 W\/2752 W<\/li>\n<li>2150 \/ 2752 fg\/h<\/li>\n<li>0,7 W<\/li>\n<\/ul>\n<\/li>\n<li>Niveau sonore: 58 dB<\/li>\n<li>Puissance frigorifique: 2150 fg\/h<\/li>\n<\/ul>","protected":false},"excerpt":{"rendered":"<p>Si vous \u00eates \u00e0 la recherche de nouvelles tendances sur le march\u00e9, nous vous pr\u00e9sentons Air Conditionn\u00e9 Olimpia Splendid 02456 Blanc ! Couleur: Blanc Mati\u00e8re: Plastique Tension: 230 V Bloc d\u2019Alimentation: r\u00e9seau \u00e9lectrique puissance: 2150 W\/2752 W 2150 \/ 2752 fg\/h 0,7 W Niveau sonore: 58 dB Puissance frigorifique: 2150 fg\/h<\/p>","protected":false},"featured_media":61890,"comment_status":"open","ping_status":"closed","template":"","meta":[],"product_brand":[1634],"product_cat":[732,1334,239],"product_tag":[721,210],"class_list":{"0":"post-61894","1":"product","2":"type-product","3":"status-publish","4":"has-post-thumbnail","6":"product_brand-brandp_7218","7":"product_cat-climatisation-et-chauffage","8":"product_cat-climatiseurs-et-ventilateurs","9":"product_cat-maison-jardin","10":"product_tag-tag_124","11":"product_tag-tag_25","13":"first","14":"instock","15":"taxable","16":"shipping-taxable","17":"purchasable","18":"product-type-simple"},"_links":{"self":[{"href":"https:\/\/bigbuy.tupique.com\/en\/wp-json\/wp\/v2\/product\/61894","targetHints":{"allow":["GET"]}}],"collection":[{"href":"https:\/\/bigbuy.tupique.com\/en\/wp-json\/wp\/v2\/product"}],"about":[{"href":"https:\/\/bigbuy.tupique.com\/en\/wp-json\/wp\/v2\/types\/product"}],"replies":[{"embeddable":true,"href":"https:\/\/bigbuy.tupique.com\/en\/wp-json\/wp\/v2\/comments?post=61894"}],"wp:featuredmedia":[{"embeddable":true,"href":"https:\/\/bigbuy.tupique.com\/en\/wp-json\/wp\/v2\/media\/61890"}],"wp:attachment":[{"href":"https:\/\/bigbuy.tupique.com\/en\/wp-json\/wp\/v2\/media?parent=61894"}],"wp:term":[{"taxonomy":"product_brand","embeddable":true,"href":"https:\/\/bigbuy.tupique.com\/en\/wp-json\/wp\/v2\/product_brand?post=61894"},{"taxonomy":"product_cat","embeddable":true,"href":"https:\/\/bigbuy.tupique.com\/en\/wp-json\/wp\/v2\/product_cat?post=61894"},{"taxonomy":"product_tag","embeddable":true,"href":"https:\/\/bigbuy.tupique.com\/en\/wp-json\/wp\/v2\/product_tag?post=61894"}],"curies":[{"name":"wp","href":"https:\/\/api.w.org\/{rel}","templated":true}]}}