{"id":61883,"date":"2026-04-01T16:35:38","date_gmt":"2026-04-01T15:35:38","guid":{"rendered":"https:\/\/bigbuy.tupique.com\/produto\/vinoteca-vinobox-v50gc1ti-black\/"},"modified":"2026-05-11T19:56:29","modified_gmt":"2026-05-11T17:56:29","slug":"vinoteca-vinobox-v50gc1ti-black","status":"publish","type":"product","link":"https:\/\/bigbuy.tupique.com\/en\/produto\/vinoteca-vinobox-v50gc1ti-black\/","title":{"rendered":"Bar \u00e0 Vins Vinobox V50GC1TI Noir"},"content":{"rendered":"<p>Si vous \u00eates \u00e0 la recherche de nouvelles tendances sur le march\u00e9, nous vous pr\u00e9sentons <b>Bar \u00e0 Vins Vinobox V50GC1TI Noir<\/b> !<\/p>\n<ul>\n<li>Classification \u00e9nerg\u00e9tique: A<\/li>\n<li>Capacit\u00e9: 50<\/li>\n<li>Couleur: Noir<\/li>\n<li>Type d&#8217;installation: Auto-assemblage<\/li>\n<li>\u00c9lev\u00e9: 84,5 cm<\/li>\n<li>Portes: 1 porte<\/li>\n<li>Caract\u00e9ristiques:\n<ul>\n<li>Temp\u00e9rature r\u00e9glable<\/li>\n<li>Non-vibrant<\/li>\n<\/ul>\n<\/li>\n<\/ul>","protected":false},"excerpt":{"rendered":"<p>Si vous \u00eates \u00e0 la recherche de nouvelles tendances sur le march\u00e9, nous vous pr\u00e9sentons Bar \u00e0 Vins Vinobox V50GC1TI Noir ! Classification \u00e9nerg\u00e9tique: A Capacit\u00e9: 50 Couleur: Noir Type d&#8217;installation: Auto-assemblage \u00c9lev\u00e9: 84,5 cm Portes: 1 porte Caract\u00e9ristiques: Temp\u00e9rature r\u00e9glable Non-vibrant<\/p>","protected":false},"featured_media":61879,"comment_status":"open","ping_status":"closed","template":"","meta":[],"product_brand":[1632],"product_cat":[60,109,223],"product_tag":[105],"class_list":{"0":"post-61883","1":"product","2":"type-product","3":"status-publish","4":"has-post-thumbnail","6":"product_brand-brandp_10885","7":"product_cat-cuisine-gourmet","8":"product_cat-gourmet","9":"product_cat-oenologie","10":"product_tag-tag_21","12":"first","13":"instock","14":"taxable","15":"shipping-taxable","16":"purchasable","17":"product-type-simple"},"_links":{"self":[{"href":"https:\/\/bigbuy.tupique.com\/en\/wp-json\/wp\/v2\/product\/61883","targetHints":{"allow":["GET"]}}],"collection":[{"href":"https:\/\/bigbuy.tupique.com\/en\/wp-json\/wp\/v2\/product"}],"about":[{"href":"https:\/\/bigbuy.tupique.com\/en\/wp-json\/wp\/v2\/types\/product"}],"replies":[{"embeddable":true,"href":"https:\/\/bigbuy.tupique.com\/en\/wp-json\/wp\/v2\/comments?post=61883"}],"wp:featuredmedia":[{"embeddable":true,"href":"https:\/\/bigbuy.tupique.com\/en\/wp-json\/wp\/v2\/media\/61879"}],"wp:attachment":[{"href":"https:\/\/bigbuy.tupique.com\/en\/wp-json\/wp\/v2\/media?parent=61883"}],"wp:term":[{"taxonomy":"product_brand","embeddable":true,"href":"https:\/\/bigbuy.tupique.com\/en\/wp-json\/wp\/v2\/product_brand?post=61883"},{"taxonomy":"product_cat","embeddable":true,"href":"https:\/\/bigbuy.tupique.com\/en\/wp-json\/wp\/v2\/product_cat?post=61883"},{"taxonomy":"product_tag","embeddable":true,"href":"https:\/\/bigbuy.tupique.com\/en\/wp-json\/wp\/v2\/product_tag?post=61883"}],"curies":[{"name":"wp","href":"https:\/\/api.w.org\/{rel}","templated":true}]}}