{"id":61774,"date":"2026-04-01T16:31:11","date_gmt":"2026-04-01T15:31:11","guid":{"rendered":"https:\/\/bigbuy.tupique.com\/produto\/air-conditioning-lg-lgwifi09x-set-a-a-2150-fg-h-2150-2752-fg-h\/"},"modified":"2026-04-15T05:45:15","modified_gmt":"2026-04-15T04:45:15","slug":"air-conditioning-lg-lgwifi09x-set-a-a-2150-fg-h-2150-2752-fg-h","status":"publish","type":"product","link":"https:\/\/bigbuy.tupique.com\/en\/produto\/air-conditioning-lg-lgwifi09x-set-a-a-2150-fg-h-2150-2752-fg-h\/","title":{"rendered":"Air Conditionn\u00e9 LG LGWIFI09X.SET A+\/A++ 2150 fg\/h 2150 \/ 2752 fg\/h"},"content":{"rendered":"<p>Si vous \u00eates \u00e0 la recherche de nouvelles tendances sur le march\u00e9, nous vous pr\u00e9sentons <b>Air Conditionn\u00e9 LG LGWIFI09X.SET A+\/A++ 2150 fg\/h 2150 \/ 2752 fg\/h<\/b> !<\/p>\n<ul>\n<li>Classification \u00e9nerg\u00e9tique: A+\/A++<\/li>\n<li>Puissance frigorifique: 2150 fg\/h<\/li>\n<li>Caract\u00e9ristiques: Connectivit\u00e9 des applications mobiles<\/li>\n<li>Connectivit\u00e9: Wi-Fi<\/li>\n<li>puissance: 2150 \/ 2752 fg\/h<\/li>\n<li>Technologie: Split Inverter<\/li>\n<\/ul>","protected":false},"excerpt":{"rendered":"<p>Si vous \u00eates \u00e0 la recherche de nouvelles tendances sur le march\u00e9, nous vous pr\u00e9sentons Air Conditionn\u00e9 LG LGWIFI09X.SET A+\/A++ 2150 fg\/h 2150 \/ 2752 fg\/h ! Classification \u00e9nerg\u00e9tique: A+\/A++ Puissance frigorifique: 2150 fg\/h Caract\u00e9ristiques: Connectivit\u00e9 des applications mobiles Connectivit\u00e9: Wi-Fi puissance: 2150 \/ 2752 fg\/h Technologie: Split Inverter<\/p>","protected":false},"featured_media":61773,"comment_status":"open","ping_status":"closed","template":"","meta":[],"product_brand":[662],"product_cat":[732,1334,239],"product_tag":[721,210],"class_list":{"0":"post-61774","1":"product","2":"type-product","3":"status-publish","4":"has-post-thumbnail","6":"product_brand-brandp_559","7":"product_cat-climatisation-et-chauffage","8":"product_cat-climatiseurs-et-ventilateurs","9":"product_cat-maison-jardin","10":"product_tag-tag_124","11":"product_tag-tag_25","13":"first","14":"instock","15":"taxable","16":"shipping-taxable","17":"purchasable","18":"product-type-simple"},"_links":{"self":[{"href":"https:\/\/bigbuy.tupique.com\/en\/wp-json\/wp\/v2\/product\/61774","targetHints":{"allow":["GET"]}}],"collection":[{"href":"https:\/\/bigbuy.tupique.com\/en\/wp-json\/wp\/v2\/product"}],"about":[{"href":"https:\/\/bigbuy.tupique.com\/en\/wp-json\/wp\/v2\/types\/product"}],"replies":[{"embeddable":true,"href":"https:\/\/bigbuy.tupique.com\/en\/wp-json\/wp\/v2\/comments?post=61774"}],"wp:featuredmedia":[{"embeddable":true,"href":"https:\/\/bigbuy.tupique.com\/en\/wp-json\/wp\/v2\/media\/61773"}],"wp:attachment":[{"href":"https:\/\/bigbuy.tupique.com\/en\/wp-json\/wp\/v2\/media?parent=61774"}],"wp:term":[{"taxonomy":"product_brand","embeddable":true,"href":"https:\/\/bigbuy.tupique.com\/en\/wp-json\/wp\/v2\/product_brand?post=61774"},{"taxonomy":"product_cat","embeddable":true,"href":"https:\/\/bigbuy.tupique.com\/en\/wp-json\/wp\/v2\/product_cat?post=61774"},{"taxonomy":"product_tag","embeddable":true,"href":"https:\/\/bigbuy.tupique.com\/en\/wp-json\/wp\/v2\/product_tag?post=61774"}],"curies":[{"name":"wp","href":"https:\/\/api.w.org\/{rel}","templated":true}]}}