{"id":61767,"date":"2026-04-01T16:19:13","date_gmt":"2026-04-01T15:19:13","guid":{"rendered":"https:\/\/bigbuy.tupique.com\/produto\/oven-teka-neohsb6466\/"},"modified":"2026-04-16T15:27:15","modified_gmt":"2026-04-16T14:27:15","slug":"oven-teka-neohsb6466","status":"publish","type":"product","link":"https:\/\/bigbuy.tupique.com\/en\/produto\/oven-teka-neohsb6466\/","title":{"rendered":"Four Teka NEOHSB6466"},"content":{"rendered":"<p>Si vous \u00eates \u00e0 la recherche de nouvelles tendances sur le march\u00e9, nous vous pr\u00e9sentons <b>Four Teka NEOHSB6466<\/b> !<\/p>\n<p>Le <b>four HSB6466<\/b> de <b>Teka<\/b> est un appareil con\u00e7u pour offrir une performance efficace et un usage confortable en cuisine, se distinguant par sa <b>classe \u00e9nerg\u00e9tique A+<\/b> qui garantit une consommation r\u00e9duite et un usage respectueux de l\u2019environnement. Avec une <b>capacit\u00e9 int\u00e9rieure de 70 litres<\/b>, il offre un espace g\u00e9n\u00e9reux facilitant la cuisson de grandes quantit\u00e9s ou de pi\u00e8ces volumineuses. Sa finition en <b>couleur argent\u00e9e<\/b> apporte un style moderne et \u00e9l\u00e9gant qui s\u2019int\u00e8gre facilement \u00e0 tout design de cuisine. Ce four est \u00e9quip\u00e9 d\u2019une <b>lumi\u00e8re int\u00e9rieure<\/b> permettant de visualiser la cuisson sans ouvrir la porte, am\u00e9liorant ainsi le contr\u00f4le et le confort d\u2019utilisation. Pour ses commandes, il int\u00e8gre un syst\u00e8me mixte <b>rotatif et tactile<\/b> qui facilite la s\u00e9lection pr\u00e9cise des fonctions et temp\u00e9ratures. Parmi ses fonctionnalit\u00e9s, la cuisson \u00e0 <b>la vapeur<\/b> se distingue, une option avanc\u00e9e qui aide \u00e0 conserver la jutosit\u00e9 et la texture naturelle des aliments, \u00e9largissant les possibilit\u00e9s culinaires. Le four fonctionne avec une <b>alimentation \u00e9lectrique 240 V<\/b>, assurant une puissance stable pour des r\u00e9sultats constants. En r\u00e9sum\u00e9, le four HSB6466 de Teka combine efficacit\u00e9 \u00e9nerg\u00e9tique, capacit\u00e9 et technologie accessible pour les utilisateurs recherchant un produit polyvalent et fiable au quotidien.<\/p>\n<ul>\n<li>Type de four: Four<\/li>\n<li>Produit \u00e0 brancher: Oui<\/li>\n<li>Caract\u00e9ristiques: Lumi\u00e8re int\u00e9rieure<\/li>\n<li>Type de commande: Plaque Tournante<\/li>\n<\/ul>","protected":false},"excerpt":{"rendered":"<p><span class=\"unit-info\">7.0570 &euro; \/ 1 l<\/span><\/p>","protected":false},"featured_media":61766,"comment_status":"open","ping_status":"closed","template":"","meta":[],"product_brand":[667],"product_cat":[60,747,77],"product_tag":[55],"class_list":{"0":"post-61767","1":"product","2":"type-product","3":"status-publish","4":"has-post-thumbnail","6":"product_brand-brandp_1172","7":"product_cat-cuisine-gourmet","8":"product_cat-fours","9":"product_cat-petit-electromenager","10":"product_tag-tag_926","12":"first","13":"instock","14":"taxable","15":"shipping-taxable","16":"purchasable","17":"product-type-simple"},"_links":{"self":[{"href":"https:\/\/bigbuy.tupique.com\/en\/wp-json\/wp\/v2\/product\/61767","targetHints":{"allow":["GET"]}}],"collection":[{"href":"https:\/\/bigbuy.tupique.com\/en\/wp-json\/wp\/v2\/product"}],"about":[{"href":"https:\/\/bigbuy.tupique.com\/en\/wp-json\/wp\/v2\/types\/product"}],"replies":[{"embeddable":true,"href":"https:\/\/bigbuy.tupique.com\/en\/wp-json\/wp\/v2\/comments?post=61767"}],"wp:featuredmedia":[{"embeddable":true,"href":"https:\/\/bigbuy.tupique.com\/en\/wp-json\/wp\/v2\/media\/61766"}],"wp:attachment":[{"href":"https:\/\/bigbuy.tupique.com\/en\/wp-json\/wp\/v2\/media?parent=61767"}],"wp:term":[{"taxonomy":"product_brand","embeddable":true,"href":"https:\/\/bigbuy.tupique.com\/en\/wp-json\/wp\/v2\/product_brand?post=61767"},{"taxonomy":"product_cat","embeddable":true,"href":"https:\/\/bigbuy.tupique.com\/en\/wp-json\/wp\/v2\/product_cat?post=61767"},{"taxonomy":"product_tag","embeddable":true,"href":"https:\/\/bigbuy.tupique.com\/en\/wp-json\/wp\/v2\/product_tag?post=61767"}],"curies":[{"name":"wp","href":"https:\/\/api.w.org\/{rel}","templated":true}]}}