{"id":61756,"date":"2026-04-01T16:18:57","date_gmt":"2026-04-01T15:18:57","guid":{"rendered":"https:\/\/bigbuy.tupique.com\/produto\/condensation-dryer-samsung-dv16dg8600bw\/"},"modified":"2026-04-15T05:10:19","modified_gmt":"2026-04-15T04:10:19","slug":"condensation-dryer-samsung-dv16dg8600bw","status":"publish","type":"product","link":"https:\/\/bigbuy.tupique.com\/en\/produto\/condensation-dryer-samsung-dv16dg8600bw\/","title":{"rendered":"S\u00e9choir \u00e0 condensation Samsung DV16DG8600BW"},"content":{"rendered":"<p>Si vous recherchez des \u00e9lectrom\u00e9nagers pour votre maison aux meilleurs prix, ne manquez pas <b>S\u00e9choir \u00e0 condensation Samsung DV16DG8600BW<\/b> et une large s\u00e9lection de petits \u00e9lectrom\u00e9nagers de qualit\u00e9 !<\/p>\n<ul>\n<li>Produit \u00e0 brancher: Oui<\/li>\n<li>Type de prise: Prise EU<\/li>\n<li>Type:\n<ul>\n<li>S\u00e9choir \u00e0 condensation<\/li>\n<li>Pompe \u00e0 chaleur<\/li>\n<\/ul>\n<\/li>\n<li>Bloc d\u2019Alimentation: r\u00e9seau \u00e9lectrique<\/li>\n<li>Classification \u00e9nerg\u00e9tique:\n<ul>\n<li>C<\/li>\n<li>A+++<\/li>\n<li>B<\/li>\n<\/ul>\n<\/li>\n<li>Couleur: Blanc<\/li>\n<li>Caract\u00e9ristiques:\n<ul>\n<li>Verrouillage pour enfants<\/li>\n<li>\u00c9cran integr\u00e9<\/li>\n<\/ul>\n<\/li>\n<li>Connectivit\u00e9: Wi-Fi<\/li>\n<li>Type de charge:\n<ul>\n<li>Frontal<\/li>\n<li>Sup\u00e9rieur<\/li>\n<\/ul>\n<\/li>\n<li>Type de commande: Plaque Tournante<\/li>\n<li>Niveau sonore: 64 dB<\/li>\n<\/ul>","protected":false},"excerpt":{"rendered":"<p>Si vous recherchez des \u00e9lectrom\u00e9nagers pour votre maison aux meilleurs prix, ne manquez pas S\u00e9choir \u00e0 condensation Samsung DV16DG8600BW et une large s\u00e9lection de petits \u00e9lectrom\u00e9nagers de qualit\u00e9 ! Produit \u00e0 brancher: Oui Type de prise: Prise EU Type: S\u00e9choir \u00e0 condensation Pompe \u00e0 chaleur Bloc d\u2019Alimentation: r\u00e9seau \u00e9lectrique Classification \u00e9nerg\u00e9tique: C A+++ B Couleur: [&hellip;]<\/p>\n","protected":false},"featured_media":61753,"comment_status":"open","ping_status":"closed","template":"","meta":[],"product_brand":[183],"product_cat":[239,240,751],"product_tag":[],"class_list":{"0":"post-61756","1":"product","2":"type-product","3":"status-publish","4":"has-post-thumbnail","6":"product_brand-brandp_576","7":"product_cat-maison-jardin","8":"product_cat-nettoyage-aspirateur-et-repassage","9":"product_cat-seche-linge-fers-a-repasser-sechoirs","11":"first","12":"instock","13":"taxable","14":"shipping-taxable","15":"purchasable","16":"product-type-simple"},"_links":{"self":[{"href":"https:\/\/bigbuy.tupique.com\/en\/wp-json\/wp\/v2\/product\/61756","targetHints":{"allow":["GET"]}}],"collection":[{"href":"https:\/\/bigbuy.tupique.com\/en\/wp-json\/wp\/v2\/product"}],"about":[{"href":"https:\/\/bigbuy.tupique.com\/en\/wp-json\/wp\/v2\/types\/product"}],"replies":[{"embeddable":true,"href":"https:\/\/bigbuy.tupique.com\/en\/wp-json\/wp\/v2\/comments?post=61756"}],"wp:featuredmedia":[{"embeddable":true,"href":"https:\/\/bigbuy.tupique.com\/en\/wp-json\/wp\/v2\/media\/61753"}],"wp:attachment":[{"href":"https:\/\/bigbuy.tupique.com\/en\/wp-json\/wp\/v2\/media?parent=61756"}],"wp:term":[{"taxonomy":"product_brand","embeddable":true,"href":"https:\/\/bigbuy.tupique.com\/en\/wp-json\/wp\/v2\/product_brand?post=61756"},{"taxonomy":"product_cat","embeddable":true,"href":"https:\/\/bigbuy.tupique.com\/en\/wp-json\/wp\/v2\/product_cat?post=61756"},{"taxonomy":"product_tag","embeddable":true,"href":"https:\/\/bigbuy.tupique.com\/en\/wp-json\/wp\/v2\/product_tag?post=61756"}],"curies":[{"name":"wp","href":"https:\/\/api.w.org\/{rel}","templated":true}]}}