{"id":61573,"date":"2026-04-01T16:14:52","date_gmt":"2026-04-01T15:14:52","guid":{"rendered":"https:\/\/bigbuy.tupique.com\/produto\/plate-warmer-samsung\/"},"modified":"2026-04-15T03:34:28","modified_gmt":"2026-04-15T02:34:28","slug":"plate-warmer-samsung","status":"publish","type":"product","link":"https:\/\/bigbuy.tupique.com\/en\/produto\/plate-warmer-samsung\/","title":{"rendered":"Chauffe-plats Samsung"},"content":{"rendered":"<p>Si vous \u00eates \u00e0 la recherche de nouvelles tendances sur le march\u00e9, nous vous pr\u00e9sentons <b>Chauffe-plats Samsung<\/b> !<\/p>\n<ul>\n<li>Type:\n<ul>\n<li>Chauffe-plats<\/li>\n<li>Micro-ondes<\/li>\n<\/ul>\n<\/li>\n<li>Couleur: Noir<\/li>\n<li>Caract\u00e9ristiques:\n<ul>\n<li>Verrouillage pour enfants<\/li>\n<li>\u00c9cran integr\u00e9<\/li>\n<li>Format 12h \/ 24h<\/li>\n<li>6 niveaux<\/li>\n<\/ul>\n<\/li>\n<li>Type d&#8217;installation: Auto-assemblage<\/li>\n<li>puissance: 900 W<\/li>\n<li>Technologie: LED<\/li>\n<li>Direction d&#8217;ouverture: Gauche<\/li>\n<li>Fr\u00e9quence: 50 Hz<\/li>\n<li>Grill: Oui<\/li>\n<li>Fonctions:\n<ul>\n<li>Grill<\/li>\n<li>Cuisson vapeur<\/li>\n<li>Fonction de d\u00e9givrage<\/li>\n<li>Fonction de r\u00e9chauffage<\/li>\n<li>Programmer le temps de cuisson<\/li>\n<li>Programmes automatiques<\/li>\n<\/ul>\n<\/li>\n<li>Temp\u00e9rature max.:\n<ul>\n<li>240 \u00baC<\/li>\n<li>200 \u00b0C<\/li>\n<\/ul>\n<\/li>\n<li>Mati\u00e8re: C\u00e9ramique<\/li>\n<li>Inclut:\n<ul>\n<li>Minuterie<\/li>\n<li>Montre<\/li>\n<\/ul>\n<\/li>\n<li>Capacit\u00e9: 28 L<\/li>\n<li>Tension d&#8217;entr\u00e9e AC: 230 V<\/li>\n<\/ul>","protected":false},"excerpt":{"rendered":"<p><span class=\"unit-info\">10.7496 &euro; \/ 1 l<\/span><\/p>","protected":false},"featured_media":61572,"comment_status":"open","ping_status":"closed","template":"","meta":[],"product_brand":[183],"product_cat":[393,60,77],"product_tag":[],"class_list":{"0":"post-61573","1":"product","2":"type-product","3":"status-publish","4":"has-post-thumbnail","6":"product_brand-brandp_576","7":"product_cat-autres-appareils-de-cuisines","8":"product_cat-cuisine-gourmet","9":"product_cat-petit-electromenager","11":"first","12":"instock","13":"taxable","14":"shipping-taxable","15":"purchasable","16":"product-type-simple"},"_links":{"self":[{"href":"https:\/\/bigbuy.tupique.com\/en\/wp-json\/wp\/v2\/product\/61573","targetHints":{"allow":["GET"]}}],"collection":[{"href":"https:\/\/bigbuy.tupique.com\/en\/wp-json\/wp\/v2\/product"}],"about":[{"href":"https:\/\/bigbuy.tupique.com\/en\/wp-json\/wp\/v2\/types\/product"}],"replies":[{"embeddable":true,"href":"https:\/\/bigbuy.tupique.com\/en\/wp-json\/wp\/v2\/comments?post=61573"}],"wp:featuredmedia":[{"embeddable":true,"href":"https:\/\/bigbuy.tupique.com\/en\/wp-json\/wp\/v2\/media\/61572"}],"wp:attachment":[{"href":"https:\/\/bigbuy.tupique.com\/en\/wp-json\/wp\/v2\/media?parent=61573"}],"wp:term":[{"taxonomy":"product_brand","embeddable":true,"href":"https:\/\/bigbuy.tupique.com\/en\/wp-json\/wp\/v2\/product_brand?post=61573"},{"taxonomy":"product_cat","embeddable":true,"href":"https:\/\/bigbuy.tupique.com\/en\/wp-json\/wp\/v2\/product_cat?post=61573"},{"taxonomy":"product_tag","embeddable":true,"href":"https:\/\/bigbuy.tupique.com\/en\/wp-json\/wp\/v2\/product_tag?post=61573"}],"curies":[{"name":"wp","href":"https:\/\/api.w.org\/{rel}","templated":true}]}}