{"id":61567,"date":"2026-04-01T16:14:45","date_gmt":"2026-04-01T15:14:45","guid":{"rendered":"https:\/\/bigbuy.tupique.com\/produto\/microwave-siemens-ag-be525lmb1-black-800-w\/"},"modified":"2026-04-16T20:46:36","modified_gmt":"2026-04-16T19:46:36","slug":"microwave-siemens-ag-be525lmb1-black-800-w","status":"publish","type":"product","link":"https:\/\/bigbuy.tupique.com\/en\/produto\/microwave-siemens-ag-be525lmb1-black-800-w\/","title":{"rendered":"Micro-ondes Siemens AG BE525LMB1 Noir 800 W"},"content":{"rendered":"<p>Si vous recherchez des \u00e9lectrom\u00e9nagers pour votre maison aux meilleurs prix, ne manquez pas <b>Micro-ondes Siemens AG BE525LMB1 Noir 800 W<\/b> et une large s\u00e9lection de petits \u00e9lectrom\u00e9nagers de qualit\u00e9 !<\/p>\n<p>Le <b>micro-ondes Siemens BE525LMB1<\/b> est un appareil encastrable con\u00e7u pour s\u2019int\u00e9grer parfaitement dans les cuisines modernes, avec un design en <b>noir<\/b> qui apporte \u00e9l\u00e9gance et discr\u00e9tion. Il dispose d\u2019une <b>capacit\u00e9 int\u00e9rieure de 20 litres<\/b>, adapt\u00e9e \u00e0 un usage quotidien dans des foyers de taille moyenne, permettant de r\u00e9chauffer des plats individuels comme des repas complets. Sa <b>puissance de 800 W<\/b> garantit un chauffage efficace et uniforme, compl\u00e9t\u00e9 par <b>5 niveaux de puissance<\/b> pour ajuster l\u2019intensit\u00e9 selon le type d\u2019aliment ou de recette. De plus, il int\u00e8gre une fonction <b>grill avec une puissance de 1000 W<\/b>, id\u00e9ale pour dorer, gratiner et obtenir des r\u00e9sultats plus vari\u00e9s en cuisine. Le contr\u00f4le tactile de ce micro-ondes am\u00e9liore l\u2019exp\u00e9rience utilisateur, facilitant la s\u00e9lection rapide et pr\u00e9cise des fonctions, tandis que l\u2019<b>\u00e9cran int\u00e9gr\u00e9<\/b> offre une visualisation claire des options et r\u00e9glages pendant l\u2019utilisation. Son installation encastrable est con\u00e7ue pour optimiser l\u2019espace et l\u2019int\u00e9gration esth\u00e9tique dans les meubles de cuisine, assurant une apparence propre et ordonn\u00e9e. Bien qu\u2019il ne dispose pas de fonction cuisson vapeur, sa combinaison de puissance et de niveaux de contr\u00f4le en fait une solution efficace pour des t\u00e2ches courantes comme d\u00e9congeler, r\u00e9chauffer ou pr\u00e9parer des plats n\u00e9cessitant une finition grill. Dans l\u2019ensemble, ce micro-ondes Siemens se distingue par son \u00e9quilibre entre fonctionnalit\u00e9, puissance mod\u00e9r\u00e9e et design adapt\u00e9 aux cuisines contemporaines.<\/p>\n<ul>\n<li>Type d&#8217;installation: Int\u00e9grable<\/li>\n<li>Produit \u00e0 brancher: Oui<\/li>\n<li>Type de prise: Prise EU<\/li>\n<li>Bloc d\u2019Alimentation: r\u00e9seau \u00e9lectrique<\/li>\n<li>Couleur: Noir<\/li>\n<li>Largeur: 60 cm<\/li>\n<li>Caract\u00e9ristiques:\n<ul>\n<li>\u00c9cran integr\u00e9<\/li>\n<li>5 niveaux<\/li>\n<li>Commande tactile<\/li>\n<\/ul>\n<\/li>\n<li>puissance: 800 W<\/li>\n<li>Grill: 1000 W<\/li>\n<li>Capacit\u00e9: 20 L<\/li>\n<li>Technologie: LED<\/li>\n<li>Inclut:\n<ul>\n<li>Grill<\/li>\n<li>Manuel de l&#8217;utilisateur<\/li>\n<\/ul>\n<\/li>\n<li>Type de commande: Tactile<\/li>\n<li>Tension d&#8217;entr\u00e9e AC: 220-230V<\/li>\n<li>Amp\u00e9rage: 10 A<\/li>\n<\/ul>","protected":false},"excerpt":{"rendered":"<p><span class=\"unit-info\">23.5495 &euro; \/ 1 l<\/span><\/p>","protected":false},"featured_media":61566,"comment_status":"open","ping_status":"closed","template":"","meta":[],"product_brand":[851],"product_cat":[60,727,77],"product_tag":[55,56],"class_list":{"0":"post-61567","1":"product","2":"type-product","3":"status-publish","4":"has-post-thumbnail","6":"product_brand-brandp_930","7":"product_cat-cuisine-gourmet","8":"product_cat-micro-ondes","9":"product_cat-petit-electromenager","10":"product_tag-tag_926","11":"product_tag-tag_930","13":"first","14":"instock","15":"taxable","16":"shipping-taxable","17":"purchasable","18":"product-type-simple"},"_links":{"self":[{"href":"https:\/\/bigbuy.tupique.com\/en\/wp-json\/wp\/v2\/product\/61567","targetHints":{"allow":["GET"]}}],"collection":[{"href":"https:\/\/bigbuy.tupique.com\/en\/wp-json\/wp\/v2\/product"}],"about":[{"href":"https:\/\/bigbuy.tupique.com\/en\/wp-json\/wp\/v2\/types\/product"}],"replies":[{"embeddable":true,"href":"https:\/\/bigbuy.tupique.com\/en\/wp-json\/wp\/v2\/comments?post=61567"}],"wp:featuredmedia":[{"embeddable":true,"href":"https:\/\/bigbuy.tupique.com\/en\/wp-json\/wp\/v2\/media\/61566"}],"wp:attachment":[{"href":"https:\/\/bigbuy.tupique.com\/en\/wp-json\/wp\/v2\/media?parent=61567"}],"wp:term":[{"taxonomy":"product_brand","embeddable":true,"href":"https:\/\/bigbuy.tupique.com\/en\/wp-json\/wp\/v2\/product_brand?post=61567"},{"taxonomy":"product_cat","embeddable":true,"href":"https:\/\/bigbuy.tupique.com\/en\/wp-json\/wp\/v2\/product_cat?post=61567"},{"taxonomy":"product_tag","embeddable":true,"href":"https:\/\/bigbuy.tupique.com\/en\/wp-json\/wp\/v2\/product_tag?post=61567"}],"curies":[{"name":"wp","href":"https:\/\/api.w.org\/{rel}","templated":true}]}}