{"id":61520,"date":"2026-04-01T16:13:09","date_gmt":"2026-04-01T15:13:09","guid":{"rendered":"https:\/\/bigbuy.tupique.com\/produto\/washing-machine-lg-1400-rpm-8-kg\/"},"modified":"2026-04-15T03:32:34","modified_gmt":"2026-04-15T02:32:34","slug":"washing-machine-lg-1400-rpm-8-kg","status":"publish","type":"product","link":"https:\/\/bigbuy.tupique.com\/en\/produto\/washing-machine-lg-1400-rpm-8-kg\/","title":{"rendered":"Machine \u00e0 laver LG 1400 rpm 8 kg"},"content":{"rendered":"<p>Si vous \u00eates \u00e0 la recherche de nouvelles tendances sur le march\u00e9, nous vous pr\u00e9sentons <b>Machine \u00e0 laver LG 1400 rpm 8 kg<\/b> !<\/p>\n<p>La lave-linge <b>LG F4A10S8NWK.ABWQCES<\/b> est un appareil indispensable dans tout foyer, alliant fonctionnalit\u00e9 avanc\u00e9e et design \u00e9l\u00e9gant en <b>blanc<\/b>. Avec une <b>capacit\u00e9 de 8 kg<\/b>, elle est parfaite pour les familles ou ceux qui souhaitent faire leur lessive en une seule fois, optimisant ainsi le temps et l&#8217;effort consacr\u00e9s aux t\u00e2ches de lavage. Sa <b>classe \u00e9nerg\u00e9tique A<\/b> garantit une consommation efficace, contribuant \u00e0 r\u00e9duire les factures d&#8217;\u00e9lectricit\u00e9 tout en pr\u00e9servant l&#8217;environnement. Fabriqu\u00e9e en <b>acier<\/b>, cette lave-linge est non seulement robuste et durable, mais s&#8217;int\u00e8gre \u00e9galement parfaitement \u00e0 toute d\u00e9coration moderne. L&#8217;utilisateur pourra profiter de la commodit\u00e9 d&#8217;un produit simple \u00e0 utiliser et \u00e0 entretenir, con\u00e7u pour faciliter la routine quotidienne de lavage. De plus, la LG F4A10S8NWK.ABWQCES fonctionne en <b>espagnol<\/b>, ce qui garantit que les utilisateurs peuvent naviguer dans ses fonctions de mani\u00e8re intuitive et sans complications. Cette lave-linge repr\u00e9sente un excellent choix pour ceux qui exigent qualit\u00e9 et efficacit\u00e9 dans l&#8217;entretien de leurs v\u00eatements.<\/p>\n<ul>\n<li>Couleur: Blanc<\/li>\n<li>Largeur: 60 cm<\/li>\n<li>Classification \u00e9nerg\u00e9tique: A<\/li>\n<li>Langue: Espagnol<\/li>\n<li>Programmes: 8<\/li>\n<li>vitesse: 1400 rpm<\/li>\n<li>Type d&#8217;installation: Sous le plan de travail<\/li>\n<li>Type de prise: Prise EU<\/li>\n<li>Capacit\u00e9: 8 kg<\/li>\n<li>Produit \u00e0 brancher: Oui<\/li>\n<li>Type: Machine \u00e0 laver<\/li>\n<li>Mati\u00e8re: Acier<\/li>\n<li>Type de charge: Frontal<\/li>\n<li>Niveau sonore: 74 dB<\/li>\n<li>Bloc d\u2019Alimentation: r\u00e9seau \u00e9lectrique<\/li>\n<li>Caract\u00e9ristiques: Commande tactile<\/li>\n<\/ul>","protected":false},"excerpt":{"rendered":"<p><span class=\"unit-info\">72.4988 &euro; \/ 1 kg<\/span><\/p>","protected":false},"featured_media":61517,"comment_status":"open","ping_status":"closed","template":"","meta":[],"product_brand":[662],"product_cat":[239,240,751],"product_tag":[],"class_list":{"0":"post-61520","1":"product","2":"type-product","3":"status-publish","4":"has-post-thumbnail","6":"product_brand-brandp_559","7":"product_cat-maison-jardin","8":"product_cat-nettoyage-aspirateur-et-repassage","9":"product_cat-seche-linge-fers-a-repasser-sechoirs","11":"first","12":"instock","13":"taxable","14":"shipping-taxable","15":"purchasable","16":"product-type-simple"},"_links":{"self":[{"href":"https:\/\/bigbuy.tupique.com\/en\/wp-json\/wp\/v2\/product\/61520","targetHints":{"allow":["GET"]}}],"collection":[{"href":"https:\/\/bigbuy.tupique.com\/en\/wp-json\/wp\/v2\/product"}],"about":[{"href":"https:\/\/bigbuy.tupique.com\/en\/wp-json\/wp\/v2\/types\/product"}],"replies":[{"embeddable":true,"href":"https:\/\/bigbuy.tupique.com\/en\/wp-json\/wp\/v2\/comments?post=61520"}],"wp:featuredmedia":[{"embeddable":true,"href":"https:\/\/bigbuy.tupique.com\/en\/wp-json\/wp\/v2\/media\/61517"}],"wp:attachment":[{"href":"https:\/\/bigbuy.tupique.com\/en\/wp-json\/wp\/v2\/media?parent=61520"}],"wp:term":[{"taxonomy":"product_brand","embeddable":true,"href":"https:\/\/bigbuy.tupique.com\/en\/wp-json\/wp\/v2\/product_brand?post=61520"},{"taxonomy":"product_cat","embeddable":true,"href":"https:\/\/bigbuy.tupique.com\/en\/wp-json\/wp\/v2\/product_cat?post=61520"},{"taxonomy":"product_tag","embeddable":true,"href":"https:\/\/bigbuy.tupique.com\/en\/wp-json\/wp\/v2\/product_tag?post=61520"}],"curies":[{"name":"wp","href":"https:\/\/api.w.org\/{rel}","templated":true}]}}