{"id":61513,"date":"2026-04-01T16:13:00","date_gmt":"2026-04-01T15:13:00","guid":{"rendered":"https:\/\/bigbuy.tupique.com\/produto\/smart-tv-metz-24mpe7000z-24-led-full-hd\/"},"modified":"2026-04-15T03:32:13","modified_gmt":"2026-04-15T02:32:13","slug":"smart-tv-metz-24mpe7000z-24-led-full-hd","status":"publish","type":"product","link":"https:\/\/bigbuy.tupique.com\/en\/produto\/smart-tv-metz-24mpe7000z-24-led-full-hd\/","title":{"rendered":"TV intelligente Metz 24MPE7000Z 24&#8243; LED Full HD"},"content":{"rendered":"<p>Si vous \u00eates \u00e0 la recherche de nouvelles tendances sur le march\u00e9, nous vous pr\u00e9sentons <b>TV intelligente Metz 24MPE7000Z 24&#8243; LED Full HD<\/b> !<\/p>\n<p>Le <b>Smart TV<\/b> Metz 24MPE7000Z est une option fonctionnelle et compacte pour ceux qui recherchent une exp\u00e9rience t\u00e9l\u00e9visuelle moderne dans des espaces restreints, gr\u00e2ce \u00e0 son <b>\u00e9cran LED de 24 pouces<\/b> avec <b>r\u00e9solution Full HD (1920 x 1080)<\/b>, offrant des images claires et nettes avec un format <b>16:9<\/b> id\u00e9al pour la t\u00e9l\u00e9vision classique comme pour les applications multim\u00e9dias. Dot\u00e9 du syst\u00e8me d\u2019exploitation <b>Google TV<\/b>, ce mod\u00e8le permet un acc\u00e8s facile \u00e0 une large gamme d\u2019applications, de services de streaming et de fonctionnalit\u00e9s intelligentes int\u00e9gr\u00e9es, assurant une navigation fluide et intuitive. La connectivit\u00e9 est l\u2019un de ses grands atouts, avec <b>Wi-Fi int\u00e9gr\u00e9<\/b> pour un acc\u00e8s sans fil \u00e0 Internet, ainsi que des ports <b>HDMI<\/b> et <b>USB<\/b> qui offrent une grande polyvalence pour connecter des appareils externes comme consoles, lecteurs multim\u00e9dias ou cl\u00e9s USB. Il dispose d\u2019un <b>double tuner num\u00e9rique DVB-C et DVB-T2<\/b>, garantissant la compatibilit\u00e9 avec la t\u00e9l\u00e9vision par c\u00e2ble et terrestre de derni\u00e8re g\u00e9n\u00e9ration, pour profiter d\u2019un large choix de cha\u00eenes en haute qualit\u00e9. La <b>classe \u00e9nerg\u00e9tique E<\/b> r\u00e9pond aux normes actuelles d\u2019efficacit\u00e9, et le syst\u00e8me audio avec <b>puissance RMS de 12W<\/b> fournit un niveau sonore adapt\u00e9 \u00e0 la taille de l\u2019\u00e9cran. L\u2019\u00e9cran plat et le design discret s\u2019int\u00e8grent facilement dans tous les environnements, des chambres aux cuisines ou bureaux. Dans l\u2019ensemble, le Metz 24MPE7000Z est un t\u00e9l\u00e9viseur intelligent \u00e9quilibr\u00e9 qui se distingue par sa simplicit\u00e9 d\u2019utilisation et sa connectivit\u00e9, offrant toutes les fonctionnalit\u00e9s essentielles pour le divertissement quotidien dans un format compact et pratique.<\/p>\n<ul>\n<li>Ecran: 24&#8243;<\/li>\n<li>R\u00e9solution: Full HD<\/li>\n<li>Connectivit\u00e9:\n<ul>\n<li>Wi-Fi<\/li>\n<li>Interface commune<\/li>\n<\/ul>\n<\/li>\n<li>Diagonale de l&#8217;\u00e9cran (cm):\n<ul>\n<li>61 cm<\/li>\n<li>60,5 cm<\/li>\n<\/ul>\n<\/li>\n<li>Type: T\u00e9l\u00e9vision<\/li>\n<li>Produit \u00e0 brancher: Oui<\/li>\n<li>Type de prise: Prise EU<\/li>\n<li>Classification \u00e9nerg\u00e9tique: E<\/li>\n<li>Bloc d\u2019Alimentation: r\u00e9seau \u00e9lectrique<\/li>\n<li>Technologie: LED<\/li>\n<li>Couleur: Noir<\/li>\n<li>Caract\u00e9ristiques:\n<ul>\n<li>Wi-Fi<\/li>\n<li>TV intelligente<\/li>\n<li>Full HD<\/li>\n<li>Plate<\/li>\n<li>\u00c9cran plat<\/li>\n<\/ul>\n<\/li>\n<li>Connexions:\n<ul>\n<li>HDMI<\/li>\n<li>USB<\/li>\n<li>USB x 2<\/li>\n<li>Wi-Fi Direct<\/li>\n<li>HDMI x 3<\/li>\n<\/ul>\n<\/li>\n<li>Rapport d&#8217;aspect: 16:9<\/li>\n<li>Format: 16:9<\/li>\n<li>TV intelligente: Oui<\/li>\n<li>Fr\u00e9quence: 50 \/ 60 Hz<\/li>\n<li>consommation d&#8217;\u00e9nergie: 12 W<\/li>\n<li>Formats:\n<ul>\n<li>3GP, AVI, FLV, MKV, MOV, MP4, MPEG, MPG, OGM, VOB, WEBM, WMV<\/li>\n<li>AAC, FLAC, MP2, MP3, MP4, WAV, WMA, WMV<\/li>\n<li>BMP, GIF, JPEG, MPO, PNG<\/li>\n<li>MPEG 1\/2\/4, VP8\/VP9, H.264<\/li>\n<li>Dolby Audio<\/li>\n<li>1080 px<\/li>\n<li>720 px<\/li>\n<li>AVI\/HEVC\/MKV\/WMV\/MP4\/M4v\/FLV\/3GPP\/VRO\/VOB\/TS\/PS, MP3\/AAC\/WMA Pro\/FLAC\/Apple Lossless\/WAV, JPEG<\/li>\n<li>MP4\/MPG, AVI, MKV, H.264\/MPEG-4 AVC, MPEG1, MPEG2, MPEG4, WMV9\/VC1, HEVC, MP3, WAV, AAC, WMA, JPEG, GIF, PNG, BM<\/li>\n<li>3GPP, AVI, FLV, HEVC, M4V, MKV, MP4, PS, TS, VOB, VRO, WMV<\/li>\n<li>AAC, FLAC, MP3, WAV, WMA-PRO<\/li>\n<li>JPG<\/li>\n<li>JPEG, MP3, MPEG-1-2-4, H.264<\/li>\n<li>FLAC, MP2, MP3, MP4, WAV, WMA, WMV<\/li>\n<li>AVI, H.264, H.265, HEVC, MKV, MPEG1, MPEG2, MPEG4, VC-1, VP9, WMV<\/li>\n<li>AVC, AVI, H.264, H.265, HEVC, MKV, MPEG1, MPEG2, MPEG4, VC-1, VP9, WMV9<\/li>\n<li>BMP,GIF,HEIF,JPEG,PNG<\/li>\n<li>AVC,AVI,H.264,H.265,MKV,MPEG1,MPEG2,MPEG4,VC-1,VP9,WMV9<\/li>\n<li>AVC,AVCHD,H.264,MP4,MPEG4<\/li>\n<li>AVC,AVI,H.264,H.265,HEVC,MKV,MPEG1,MPEG2,MPEG4,VC-1,WMV9<\/li>\n<li>MP3<\/li>\n<li>AAC,MP3,WAV,WMA,WMA-PRO<\/li>\n<li>AAC,MP3,WAV,WMA<\/li>\n<li>BMP, GIF, JPEG, PNG<\/li>\n<li>1280 x 720 (HD 720),1280 x 768 (WXGA),1280 x 800 (WXGA),1360 x 768 (WXGA),1366 ? 768<\/li>\n<li>ASS,SMI,SRT,SSA,SUB,TXT<\/li>\n<li>1280 x 720 (HD 720),1280 x 768 (WXGA),1360 x 768 (WXGA),1368 x 768,1920 x 1080 (HD 1080),2560 x 1440,3840 x 2160<\/li>\n<li>JPEG<\/li>\n<\/ul>\n<\/li>\n<li>R\u00e9cepteur: DVB-C, DVB-T2<\/li>\n<li>Non Inclus:\n<ul>\n<li>Cadre<\/li>\n<li>Bluetooth<\/li>\n<li>AMD FreeSync<\/li>\n<li>Socle<\/li>\n<\/ul>\n<\/li>\n<li>Processeur: MediaTek<\/li>\n<li>Montage: VESA<\/li>\n<li>Compatible:\n<ul>\n<li>Google Assistant<\/li>\n<li>Google Assistant, Alexa<\/li>\n<li>Google Assistant, Alexa, Bixby<\/li>\n<li>Google Assistant, Alexa, Apple HomeKit<\/li>\n<li>Google Assistant, Alexa, Apple HomeKit, ThinQ<\/li>\n<li>Google Assistant, Alexa, Vidaa Voice<\/li>\n<li>Google Assistant, Alexa y Air Play 2<\/li>\n<li>Netflix, Prime video, YouTube<\/li>\n<li>Amazon Prime Video, BBC iplayer, Disney+, Netflix, YouTube<\/li>\n<li>Amazon Prime Video, Disney+, Netflix, YouTube<\/li>\n<li>YouTube, Netflix, Amazon instant video, BBC iPlayer, Amazon Prime Video, Disney +, Fitness App, Spotify<\/li>\n<li>Prime Video, Netflix<\/li>\n<li>Netflix, Amazon Prime Video, YouTube, Twitch<\/li>\n<li>Netflix, HBO, Prime video, YouTube, Movistar+<\/li>\n<li>Netflix, HBO, YouTube, Movistar+<\/li>\n<li>Netflix, Prime video, HBO, Rakuten TV, Disney<\/li>\n<li>Netflix, Prime video, YouTube, Twitch<\/li>\n<li>Youtube, Netflix, Amazon Prime Video, DAZN<\/li>\n<li>Apple AirPlay\/Apple HomeKit<\/li>\n<li>Wisa<\/li>\n<li>Samsung Bixby<\/li>\n<\/ul>\n<\/li>\n<li>R\u00e9solution (px): 1920 x 1080 px<\/li>\n<li>Ann\u00e9e: 2024<\/li>\n<\/ul>","protected":false},"excerpt":{"rendered":"<p>Si vous \u00eates \u00e0 la recherche de nouvelles tendances sur le march\u00e9, nous vous pr\u00e9sentons TV intelligente Metz 24MPE7000Z 24&#8243; LED Full HD ! Le Smart TV Metz 24MPE7000Z est une option fonctionnelle et compacte pour ceux qui recherchent une exp\u00e9rience t\u00e9l\u00e9visuelle moderne dans des espaces restreints, gr\u00e2ce \u00e0 son \u00e9cran LED de 24 pouces [&hellip;]<\/p>\n","protected":false},"featured_media":61511,"comment_status":"open","ping_status":"closed","template":"","meta":[],"product_brand":[1620],"product_cat":[589,65,957],"product_tag":[104],"class_list":{"0":"post-61513","1":"product","2":"type-product","3":"status-publish","4":"has-post-thumbnail","6":"product_brand-brandp_8628","7":"product_cat-electronique-television","8":"product_cat-informatique-electronique","9":"product_cat-televisions-et-smart-tv","10":"product_tag-tag_1279","12":"first","13":"instock","14":"taxable","15":"shipping-taxable","16":"purchasable","17":"product-type-simple"},"_links":{"self":[{"href":"https:\/\/bigbuy.tupique.com\/en\/wp-json\/wp\/v2\/product\/61513","targetHints":{"allow":["GET"]}}],"collection":[{"href":"https:\/\/bigbuy.tupique.com\/en\/wp-json\/wp\/v2\/product"}],"about":[{"href":"https:\/\/bigbuy.tupique.com\/en\/wp-json\/wp\/v2\/types\/product"}],"replies":[{"embeddable":true,"href":"https:\/\/bigbuy.tupique.com\/en\/wp-json\/wp\/v2\/comments?post=61513"}],"wp:featuredmedia":[{"embeddable":true,"href":"https:\/\/bigbuy.tupique.com\/en\/wp-json\/wp\/v2\/media\/61511"}],"wp:attachment":[{"href":"https:\/\/bigbuy.tupique.com\/en\/wp-json\/wp\/v2\/media?parent=61513"}],"wp:term":[{"taxonomy":"product_brand","embeddable":true,"href":"https:\/\/bigbuy.tupique.com\/en\/wp-json\/wp\/v2\/product_brand?post=61513"},{"taxonomy":"product_cat","embeddable":true,"href":"https:\/\/bigbuy.tupique.com\/en\/wp-json\/wp\/v2\/product_cat?post=61513"},{"taxonomy":"product_tag","embeddable":true,"href":"https:\/\/bigbuy.tupique.com\/en\/wp-json\/wp\/v2\/product_tag?post=61513"}],"curies":[{"name":"wp","href":"https:\/\/api.w.org\/{rel}","templated":true}]}}