{"id":61498,"date":"2026-04-01T16:12:45","date_gmt":"2026-04-01T15:12:45","guid":{"rendered":"https:\/\/bigbuy.tupique.com\/produto\/induction-hot-plate-siemens-ag-eh631hdc1e-592-cm-7400-w\/"},"modified":"2026-04-15T03:31:15","modified_gmt":"2026-04-15T02:31:15","slug":"induction-hot-plate-siemens-ag-eh631hdc1e-592-cm-7400-w","status":"publish","type":"product","link":"https:\/\/bigbuy.tupique.com\/en\/produto\/induction-hot-plate-siemens-ag-eh631hdc1e-592-cm-7400-w\/","title":{"rendered":"Plaque \u00e0 Induction Siemens AG EH631HDC1E 59,2 cm 7400 W"},"content":{"rendered":"<p>Si vous pensez r\u00e9nover votre cuisine, achetez <b>Plaque \u00e0 Induction Siemens AG EH631HDC1E 59,2 cm 7400 W<\/b> et d\u00b4autres <b>produits Siemens AG<\/b> !<\/p>\n<p>La <b>Table de cuisson \u00e0 induction Siemens EH631HDC1E<\/b> est un appareil moderne et efficace con\u00e7u pour optimiser la cuisson domestique avec de hautes performances. Cette <b>table \u00e0 induction noire<\/b> en verre, d\u2019une largeur d\u2019environ <b>59,2 cm<\/b> (60 cm nominal), dispose de <b>trois zones de cuisson<\/b> permettant d\u2019adapter la puissance \u00e0 diff\u00e9rents r\u00e9cipients et techniques culinaires. Avec une <b>puissance maximale totale de 7400 W<\/b>, elle offre une r\u00e9ponse rapide et un chauffage uniforme, garantissant pr\u00e9cision et \u00e9conomie d\u2019\u00e9nergie lors de la pr\u00e9paration des plats. Son utilisation est simple gr\u00e2ce \u00e0 un syst\u00e8me de commande tactile int\u00e9gr\u00e9 facilitant le r\u00e9glage des <b>17 niveaux de puissance<\/b>, pour ajuster l\u2019intensit\u00e9 selon la recette ou la cuisson souhait\u00e9e, du fr\u00e9missement au saisissage rapide. Elle int\u00e8gre \u00e9galement un <b>minuteur<\/b> assurant un contr\u00f4le pr\u00e9cis du temps pour une cuisine organis\u00e9e et s\u00e9curis\u00e9e. Pens\u00e9e pour la s\u00e9curit\u00e9, notamment dans les foyers avec enfants, elle est \u00e9quip\u00e9e d\u2019un <b>verrouillage de s\u00e9curit\u00e9 enfant<\/b> emp\u00eachant toute manipulation accidentelle. Son design \u00e9pur\u00e9 en verre noir offre une finition \u00e9l\u00e9gante et facile \u00e0 nettoyer, compatible avec les cuisines modernes et les int\u00e9grations minimalistes. L\u2019association de la technologie induction et des fonctions avanc\u00e9es place ce mod\u00e8le dans l\u2019offre Siemens comme un appareil alliant efficacit\u00e9, s\u00e9curit\u00e9 et confort au quotidien. Cette table est une option adapt\u00e9e pour ceux qui recherchent un produit aux caract\u00e9ristiques techniques sup\u00e9rieures et une solution pratique pour un usage quotidien exigeant.<\/p>\n<ul>\n<li>Produit \u00e0 brancher: Oui<\/li>\n<li>Type de prise: Prise EU<\/li>\n<li>Bloc d\u2019Alimentation:\n<ul>\n<li>r\u00e9seau \u00e9lectrique<\/li>\n<li>C\u00e2ble \u00e9lectrique<\/li>\n<\/ul>\n<\/li>\n<li>Couleur: Noir<\/li>\n<li>Largeur:\n<ul>\n<li>59,2 cm<\/li>\n<li>60 cm<\/li>\n<\/ul>\n<\/li>\n<li>Caract\u00e9ristiques:\n<ul>\n<li>Minuterie<\/li>\n<li>Verrouillage pour enfants<\/li>\n<li>Commande tactile<\/li>\n<\/ul>\n<\/li>\n<li>Type d&#8217;installation: Int\u00e9grable<\/li>\n<li>puissance: 7400 W<\/li>\n<li>Niveaux de puissance: 17<\/li>\n<li>Zones de cuisson: 3<\/li>\n<li>Type:\n<ul>\n<li>Plaque \u00e0 Induction<\/li>\n<li>Int\u00e9gr\u00e9<\/li>\n<\/ul>\n<\/li>\n<li>Mati\u00e8re: verre<\/li>\n<li>Fonctions:\n<ul>\n<li>Minuterie<\/li>\n<li>Fonction garder au chaud<\/li>\n<\/ul>\n<\/li>\n<li>Fr\u00e9quence: 50 &#8211; 60 Hz<\/li>\n<li>Type de commande: Tactile<\/li>\n<li>Tension: 220-240 V<\/li>\n<\/ul>","protected":false},"excerpt":{"rendered":"<p>Si vous pensez r\u00e9nover votre cuisine, achetez Plaque \u00e0 Induction Siemens AG EH631HDC1E 59,2 cm 7400 W et d\u00b4autres produits Siemens AG ! La Table de cuisson \u00e0 induction Siemens EH631HDC1E est un appareil moderne et efficace con\u00e7u pour optimiser la cuisson domestique avec de hautes performances. Cette table \u00e0 induction noire en verre, d\u2019une [&hellip;]<\/p>\n","protected":false},"featured_media":61497,"comment_status":"open","ping_status":"closed","template":"","meta":[],"product_brand":[851],"product_cat":[60,77,78],"product_tag":[55,56],"class_list":{"0":"post-61498","1":"product","2":"type-product","3":"status-publish","4":"has-post-thumbnail","6":"product_brand-brandp_930","7":"product_cat-cuisine-gourmet","8":"product_cat-petit-electromenager","9":"product_cat-plaques-de-cuisson","10":"product_tag-tag_926","11":"product_tag-tag_930","13":"first","14":"instock","15":"taxable","16":"shipping-taxable","17":"purchasable","18":"product-type-simple"},"_links":{"self":[{"href":"https:\/\/bigbuy.tupique.com\/en\/wp-json\/wp\/v2\/product\/61498","targetHints":{"allow":["GET"]}}],"collection":[{"href":"https:\/\/bigbuy.tupique.com\/en\/wp-json\/wp\/v2\/product"}],"about":[{"href":"https:\/\/bigbuy.tupique.com\/en\/wp-json\/wp\/v2\/types\/product"}],"replies":[{"embeddable":true,"href":"https:\/\/bigbuy.tupique.com\/en\/wp-json\/wp\/v2\/comments?post=61498"}],"wp:featuredmedia":[{"embeddable":true,"href":"https:\/\/bigbuy.tupique.com\/en\/wp-json\/wp\/v2\/media\/61497"}],"wp:attachment":[{"href":"https:\/\/bigbuy.tupique.com\/en\/wp-json\/wp\/v2\/media?parent=61498"}],"wp:term":[{"taxonomy":"product_brand","embeddable":true,"href":"https:\/\/bigbuy.tupique.com\/en\/wp-json\/wp\/v2\/product_brand?post=61498"},{"taxonomy":"product_cat","embeddable":true,"href":"https:\/\/bigbuy.tupique.com\/en\/wp-json\/wp\/v2\/product_cat?post=61498"},{"taxonomy":"product_tag","embeddable":true,"href":"https:\/\/bigbuy.tupique.com\/en\/wp-json\/wp\/v2\/product_tag?post=61498"}],"curies":[{"name":"wp","href":"https:\/\/api.w.org\/{rel}","templated":true}]}}