{"id":61480,"date":"2026-04-01T16:12:26","date_gmt":"2026-04-01T15:12:26","guid":{"rendered":"https:\/\/bigbuy.tupique.com\/produto\/induction-hot-plate-cata-as600-60-cm-59-cm\/"},"modified":"2026-04-15T02:57:28","modified_gmt":"2026-04-15T01:57:28","slug":"induction-hot-plate-cata-as600-60-cm-59-cm","status":"publish","type":"product","link":"https:\/\/bigbuy.tupique.com\/en\/produto\/induction-hot-plate-cata-as600-60-cm-59-cm\/","title":{"rendered":"Plaque \u00e0 Induction Cata AS600 60 cm 59 cm"},"content":{"rendered":"<p>Si vous pensez r\u00e9nover votre cuisine, achetez <b>Plaque \u00e0 Induction Cata AS600 60 cm 59 cm<\/b> et d\u00b4autres <b>produits Cata<\/b> !<\/p>\n<ul>\n<li>Produit \u00e0 brancher: Oui<\/li>\n<li>Type de prise: Prise EU<\/li>\n<li>Type: Plaque \u00e0 Induction<\/li>\n<li>Bloc d\u2019Alimentation: r\u00e9seau \u00e9lectrique<\/li>\n<li>Couleur: Noir<\/li>\n<li>Largeur:\n<ul>\n<li>60 cm<\/li>\n<li>59 cm<\/li>\n<\/ul>\n<\/li>\n<li>Caract\u00e9ristiques: Commande tactile<\/li>\n<li>Classification \u00e9nerg\u00e9tique: A+<\/li>\n<li>Arr\u00eat Automatique: Oui<\/li>\n<\/ul>","protected":false},"excerpt":{"rendered":"<p>Si vous pensez r\u00e9nover votre cuisine, achetez Plaque \u00e0 Induction Cata AS600 60 cm 59 cm et d\u00b4autres produits Cata ! Produit \u00e0 brancher: Oui Type de prise: Prise EU Type: Plaque \u00e0 Induction Bloc d\u2019Alimentation: r\u00e9seau \u00e9lectrique Couleur: Noir Largeur: 60 cm 59 cm Caract\u00e9ristiques: Commande tactile Classification \u00e9nerg\u00e9tique: A+ Arr\u00eat Automatique: Oui<\/p>","protected":false},"featured_media":61479,"comment_status":"open","ping_status":"closed","template":"","meta":[],"product_brand":[155],"product_cat":[60,77,78],"product_tag":[55,56],"class_list":{"0":"post-61480","1":"product","2":"type-product","3":"status-publish","4":"has-post-thumbnail","6":"product_brand-brandp_1208","7":"product_cat-cuisine-gourmet","8":"product_cat-petit-electromenager","9":"product_cat-plaques-de-cuisson","10":"product_tag-tag_926","11":"product_tag-tag_930","13":"first","14":"instock","15":"taxable","16":"shipping-taxable","17":"purchasable","18":"product-type-simple"},"_links":{"self":[{"href":"https:\/\/bigbuy.tupique.com\/en\/wp-json\/wp\/v2\/product\/61480","targetHints":{"allow":["GET"]}}],"collection":[{"href":"https:\/\/bigbuy.tupique.com\/en\/wp-json\/wp\/v2\/product"}],"about":[{"href":"https:\/\/bigbuy.tupique.com\/en\/wp-json\/wp\/v2\/types\/product"}],"replies":[{"embeddable":true,"href":"https:\/\/bigbuy.tupique.com\/en\/wp-json\/wp\/v2\/comments?post=61480"}],"wp:featuredmedia":[{"embeddable":true,"href":"https:\/\/bigbuy.tupique.com\/en\/wp-json\/wp\/v2\/media\/61479"}],"wp:attachment":[{"href":"https:\/\/bigbuy.tupique.com\/en\/wp-json\/wp\/v2\/media?parent=61480"}],"wp:term":[{"taxonomy":"product_brand","embeddable":true,"href":"https:\/\/bigbuy.tupique.com\/en\/wp-json\/wp\/v2\/product_brand?post=61480"},{"taxonomy":"product_cat","embeddable":true,"href":"https:\/\/bigbuy.tupique.com\/en\/wp-json\/wp\/v2\/product_cat?post=61480"},{"taxonomy":"product_tag","embeddable":true,"href":"https:\/\/bigbuy.tupique.com\/en\/wp-json\/wp\/v2\/product_tag?post=61480"}],"curies":[{"name":"wp","href":"https:\/\/api.w.org\/{rel}","templated":true}]}}