{"id":61442,"date":"2026-04-01T16:02:23","date_gmt":"2026-04-01T15:02:23","guid":{"rendered":"https:\/\/bigbuy.tupique.com\/produto\/island-hoods-cata-bennu-slim\/"},"modified":"2026-04-15T02:56:13","modified_gmt":"2026-04-15T01:56:13","slug":"island-hoods-cata-bennu-slim","status":"publish","type":"product","link":"https:\/\/bigbuy.tupique.com\/en\/produto\/island-hoods-cata-bennu-slim\/","title":{"rendered":"Hottes d&#8217;\u00eelot Cata BENNU SLIM"},"content":{"rendered":"<p>Si vous aimez prendre soin de chaque d\u00e9tail de votre maison et d&#8217;\u00eatre \u00e0 la derni\u00e8re mode en mati\u00e8re de produits qui vous rendront la vie plus facile, achetez <b>Hottes d&#8217;\u00eelot Cata BENNU SLIM<\/b> au meilleur prix.<\/p>\n<ul>\n<li>Classification \u00e9nerg\u00e9tique: B<\/li>\n<li>Type: De toit<\/li>\n<li>Couleur:\n<ul>\n<li>Acier<\/li>\n<li>Argent\u00e9<\/li>\n<\/ul>\n<\/li>\n<li>Largeur: 116 cm<\/li>\n<li>puissance: 105 W<\/li>\n<li>Mat\u00e9riel: Acier inoxydable<\/li>\n<li>Langue: Anglais<\/li>\n<li>Caract\u00e9ristiques: Commande tactile<\/li>\n<li>Niveau sonore: 65 dB<\/li>\n<\/ul>","protected":false},"excerpt":{"rendered":"<p>Si vous aimez prendre soin de chaque d\u00e9tail de votre maison et d&#8217;\u00eatre \u00e0 la derni\u00e8re mode en mati\u00e8re de produits qui vous rendront la vie plus facile, achetez Hottes d&#8217;\u00eelot Cata BENNU SLIM au meilleur prix. Classification \u00e9nerg\u00e9tique: B Type: De toit Couleur: Acier Argent\u00e9 Largeur: 116 cm puissance: 105 W Mat\u00e9riel: Acier inoxydable [&hellip;]<\/p>\n","protected":false},"featured_media":61439,"comment_status":"open","ping_status":"closed","template":"","meta":[],"product_brand":[155],"product_cat":[60,61,62],"product_tag":[],"class_list":{"0":"post-61442","1":"product","2":"type-product","3":"status-publish","4":"has-post-thumbnail","6":"product_brand-brandp_1208","7":"product_cat-cuisine-gourmet","8":"product_cat-equipement-de-cuisine","9":"product_cat-hottes-de-cuisine","11":"first","12":"instock","13":"taxable","14":"shipping-taxable","15":"purchasable","16":"product-type-simple"},"_links":{"self":[{"href":"https:\/\/bigbuy.tupique.com\/en\/wp-json\/wp\/v2\/product\/61442","targetHints":{"allow":["GET"]}}],"collection":[{"href":"https:\/\/bigbuy.tupique.com\/en\/wp-json\/wp\/v2\/product"}],"about":[{"href":"https:\/\/bigbuy.tupique.com\/en\/wp-json\/wp\/v2\/types\/product"}],"replies":[{"embeddable":true,"href":"https:\/\/bigbuy.tupique.com\/en\/wp-json\/wp\/v2\/comments?post=61442"}],"wp:featuredmedia":[{"embeddable":true,"href":"https:\/\/bigbuy.tupique.com\/en\/wp-json\/wp\/v2\/media\/61439"}],"wp:attachment":[{"href":"https:\/\/bigbuy.tupique.com\/en\/wp-json\/wp\/v2\/media?parent=61442"}],"wp:term":[{"taxonomy":"product_brand","embeddable":true,"href":"https:\/\/bigbuy.tupique.com\/en\/wp-json\/wp\/v2\/product_brand?post=61442"},{"taxonomy":"product_cat","embeddable":true,"href":"https:\/\/bigbuy.tupique.com\/en\/wp-json\/wp\/v2\/product_cat?post=61442"},{"taxonomy":"product_tag","embeddable":true,"href":"https:\/\/bigbuy.tupique.com\/en\/wp-json\/wp\/v2\/product_tag?post=61442"}],"curies":[{"name":"wp","href":"https:\/\/api.w.org\/{rel}","templated":true}]}}