{"id":61434,"date":"2026-04-01T16:02:13","date_gmt":"2026-04-01T15:02:13","guid":{"rendered":"https:\/\/bigbuy.tupique.com\/produto\/electric-scooter-red-bull-rb-rteen10-75-es-r-350-w\/"},"modified":"2026-05-11T19:56:44","modified_gmt":"2026-05-11T17:56:44","slug":"electric-scooter-red-bull-rb-rteen10-75-es-r-350-w","status":"publish","type":"product","link":"https:\/\/bigbuy.tupique.com\/en\/produto\/electric-scooter-red-bull-rb-rteen10-75-es-r-350-w\/","title":{"rendered":"Trottinette \u00c9lectrique Red Bull RB-RTEEN10-75-ES-R 350 W"},"content":{"rendered":"<p>Restez en forme et d\u00e9couvrez les derni\u00e8res nouveaut\u00e9s du secteur pour faire du sport avec les meilleures garanties ! Achetez <b>Trottinette \u00c9lectrique Red Bull RB-RTEEN10-75-ES-R 350 W<\/b> au meilleur prix et profitez d&#8217;une vie saine !<\/p>\n<p>La <b>trottinette \u00e9lectrique<\/b> <b>Red Bull RB-RTEEN10-75-ES-R<\/b> est con\u00e7ue pour ceux qui recherchent une mobilit\u00e9 urbaine efficace et confortable, alliant technologie moderne et design en <b>noir et rouge<\/b>. Elle est \u00e9quip\u00e9e d\u2019un moteur de <b>350 W<\/b> permettant d\u2019atteindre une <b>vitesse maximale de 25 km\/h<\/b>, garantissant des d\u00e9placements rapides en ville tout en respectant les limites l\u00e9gales courantes. Sa batterie de <b>7500 mAh<\/b> et <b>36 V<\/b> offre une autonomie d\u2019environ <b>25 km par charge<\/b>, id\u00e9ale pour les trajets quotidiens aller-retour ou plusieurs d\u00e9placements urbains avant de devoir recharger. Les roues de <b>10 pouces<\/b> assurent une conduite stable et confortable m\u00eame sur des surfaces irr\u00e9guli\u00e8res, optimisant l\u2019\u00e9quilibre entre maniabilit\u00e9 et absorption des chocs. Parmi ses atouts pratiques figurent son <b>syst\u00e8me pliable<\/b>, facilitant le transport dans les transports en commun ou le rangement \u00e0 domicile, ainsi qu\u2019un <b>\u00e9cran int\u00e9gr\u00e9<\/b> permettant de consulter en temps r\u00e9el la vitesse, l\u2019\u00e9tat de la batterie et d\u2019autres informations utiles. Son design robuste et le coloris distinctif Red Bull lui conf\u00e8rent un style sportif et reconnaissable, tandis que la compatibilit\u00e9 avec le <b>r\u00e9seau \u00e9lectrique<\/b> pour la recharge simplifie l\u2019utilisation au quotidien. La Red Bull RB-RTEEN10-75-ES-R constitue une solution \u00e9quilibr\u00e9e et fonctionnelle pour ceux qui recherchent des d\u00e9placements urbains durables, s\u00fbrs et au style moderne.<\/p>\n<ul>\n<li>Produit \u00e0 brancher: Oui<\/li>\n<li>Type de prise: Prise EU<\/li>\n<li>Type: Trottinette \u00c9lectrique<\/li>\n<li>Bloc d\u2019Alimentation:\n<ul>\n<li>r\u00e9seau \u00e9lectrique<\/li>\n<li>Batterie<\/li>\n<\/ul>\n<\/li>\n<li>Couleur: Negro, rojo<\/li>\n<li>Inclut: Lumi\u00e8re LED<\/li>\n<li>vitesse: 25 km\/h<\/li>\n<li>Taille: 10&#8243;<\/li>\n<li>Tension: 36 V<\/li>\n<li>Capacit\u00e9 de la batterie: 7500 mAh<\/li>\n<li>puissance: 350 W<\/li>\n<li>Caract\u00e9ristiques:\n<ul>\n<li>Pliable<\/li>\n<li>\u00c9cran integr\u00e9<\/li>\n<\/ul>\n<\/li>\n<li>Largeur: 54 cm<\/li>\n<li>Classification IP: IPX4<\/li>\n<li>roues: 2 roues<\/li>\n<li>Genre: Adultes unisexes<\/li>\n<li>Autonomie approx.: 25 km<\/li>\n<\/ul>\n<p>Informations importantes: Si la marque n&#8217;a pas immatricul\u00e9 la trotinette, le propi\u00e9taire devra passer le ITV ou le T\u00dbV pour obtenir un &#8220;EBE&#8221; ou un permis de circulation individuel.<\/p>","protected":false},"excerpt":{"rendered":"<p>Restez en forme et d\u00e9couvrez les derni\u00e8res nouveaut\u00e9s du secteur pour faire du sport avec les meilleures garanties ! Achetez Trottinette \u00c9lectrique Red Bull RB-RTEEN10-75-ES-R 350 W au meilleur prix et profitez d&#8217;une vie saine ! La trottinette \u00e9lectrique Red Bull RB-RTEEN10-75-ES-R est con\u00e7ue pour ceux qui recherchent une mobilit\u00e9 urbaine efficace et confortable, alliant [&hellip;]<\/p>\n","protected":false},"featured_media":61433,"comment_status":"open","ping_status":"closed","template":"","meta":[],"product_brand":[1567],"product_cat":[609,65,1146],"product_tag":[163],"class_list":{"0":"post-61434","1":"product","2":"type-product","3":"status-publish","4":"has-post-thumbnail","6":"product_brand-brandp_4309","7":"product_cat-electronique-jouets-electroniques","8":"product_cat-informatique-electronique","9":"product_cat-trottinettes-electriques","10":"product_tag-tag_17","12":"first","13":"instock","14":"taxable","15":"shipping-taxable","16":"purchasable","17":"product-type-simple"},"_links":{"self":[{"href":"https:\/\/bigbuy.tupique.com\/en\/wp-json\/wp\/v2\/product\/61434","targetHints":{"allow":["GET"]}}],"collection":[{"href":"https:\/\/bigbuy.tupique.com\/en\/wp-json\/wp\/v2\/product"}],"about":[{"href":"https:\/\/bigbuy.tupique.com\/en\/wp-json\/wp\/v2\/types\/product"}],"replies":[{"embeddable":true,"href":"https:\/\/bigbuy.tupique.com\/en\/wp-json\/wp\/v2\/comments?post=61434"}],"wp:featuredmedia":[{"embeddable":true,"href":"https:\/\/bigbuy.tupique.com\/en\/wp-json\/wp\/v2\/media\/61433"}],"wp:attachment":[{"href":"https:\/\/bigbuy.tupique.com\/en\/wp-json\/wp\/v2\/media?parent=61434"}],"wp:term":[{"taxonomy":"product_brand","embeddable":true,"href":"https:\/\/bigbuy.tupique.com\/en\/wp-json\/wp\/v2\/product_brand?post=61434"},{"taxonomy":"product_cat","embeddable":true,"href":"https:\/\/bigbuy.tupique.com\/en\/wp-json\/wp\/v2\/product_cat?post=61434"},{"taxonomy":"product_tag","embeddable":true,"href":"https:\/\/bigbuy.tupique.com\/en\/wp-json\/wp\/v2\/product_tag?post=61434"}],"curies":[{"name":"wp","href":"https:\/\/api.w.org\/{rel}","templated":true}]}}