{"id":61418,"date":"2026-04-01T16:01:51","date_gmt":"2026-04-01T15:01:51","guid":{"rendered":"https:\/\/bigbuy.tupique.com\/produto\/electric-scooter-b-mov-cadaques-black-500-w\/"},"modified":"2026-05-11T19:56:41","modified_gmt":"2026-05-11T17:56:41","slug":"electric-scooter-b-mov-cadaques-black-500-w","status":"publish","type":"product","link":"https:\/\/bigbuy.tupique.com\/en\/produto\/electric-scooter-b-mov-cadaques-black-500-w\/","title":{"rendered":"Trottinette \u00c9lectrique B-Mov CADAQU\u00c9S Noir 500 W"},"content":{"rendered":"<p>Restez en forme et d\u00e9couvrez les derni\u00e8res nouveaut\u00e9s du secteur pour faire du sport avec les meilleures garanties ! Achetez <b>Trottinette \u00c9lectrique B-Mov CADAQU\u00c9S Noir 500 W<\/b> au meilleur prix et profitez d&#8217;une vie saine !<\/p>\n<p>Le <b>CADAQUES 2x500W 10<\/b> de la marque B-Mov est une <b>trottinette \u00e9lectrique<\/b> con\u00e7ue pour offrir un \u00e9quilibre optimal entre puissance, autonomie et maniabilit\u00e9. Ce mod\u00e8le int\u00e8gre un syst\u00e8me \u00e0 double moteur d\u2019une puissance totale combin\u00e9e de <b>1000 W (2&#215;500 W)<\/b>, garantissant une r\u00e9activit\u00e9 dynamique et des performances remarquables, adapt\u00e9es aux d\u00e9placements urbains et aux trajets avec l\u00e9g\u00e8res pentes. Sa <b>vitesse maximale de 25 km\/h<\/b> respecte la r\u00e9glementation en vigueur dans de nombreuses villes europ\u00e9ennes, assurant une mobilit\u00e9 agile et s\u00e9curis\u00e9e. C\u00f4t\u00e9 autonomie, elle dispose d\u2019une batterie de <b>15000 mAh<\/b> avec une tension de <b>48 V<\/b>, con\u00e7ue pour offrir une longue dur\u00e9e d\u2019utilisation quotidienne sans recharges fr\u00e9quentes. Les roues avant et arri\u00e8re de <b>10 pouces anti-crevaison<\/b> apportent stabilit\u00e9 et r\u00e9sistance sur divers terrains, r\u00e9duisant les risques de crevaisons et garantissant un confort de roulage. De plus, sa structure <b>pliable<\/b> facilite le transport et le rangement dans des espaces r\u00e9duits, en faisant un compagnon polyvalent pour les d\u00e9placements urbains ou mixtes. Le tout est compl\u00e9t\u00e9 par un design en couleur <b>noir<\/b> et un syst\u00e8me de charge compatible avec prise europ\u00e9enne (EU), adapt\u00e9 aux standards domestiques courants. En r\u00e9sum\u00e9, le CADAQUES de B-Mov est une option \u00e9quilibr\u00e9e pour ceux qui recherchent une trottinette \u00e9lectrique robuste, fonctionnelle et pratique, destin\u00e9e \u00e0 couvrir les besoins essentiels de mobilit\u00e9 urbaine durable avec des caract\u00e9ristiques techniques fiables et faciles \u00e0 utiliser.<\/p>\n<ul>\n<li>Produit \u00e0 brancher: Oui<\/li>\n<li>Type de prise: Prise EU<\/li>\n<li>Type: Trottinette \u00c9lectrique<\/li>\n<li>Bloc d\u2019Alimentation:\n<ul>\n<li>r\u00e9seau \u00e9lectrique<\/li>\n<li>Batterie<\/li>\n<\/ul>\n<\/li>\n<li>Couleur: Noir<\/li>\n<li>Caract\u00e9ristiques: Pliable<\/li>\n<li>puissance: 500 W<\/li>\n<li>Capacit\u00e9 de la batterie: 15000 mAh<\/li>\n<li>Tension: 48 V<\/li>\n<li>Taille: 10&#8243;<\/li>\n<li>vitesse: 25 km\/h<\/li>\n<li>Autonomie approx.: 50 km<\/li>\n<\/ul>\n<p>Informations importantes: Si la marque n&#8217;a pas immatricul\u00e9 la trotinette, le propi\u00e9taire devra passer le ITV ou le T\u00dbV pour obtenir un &#8220;EBE&#8221; ou un permis de circulation individuel.<\/p>","protected":false},"excerpt":{"rendered":"<p>Restez en forme et d\u00e9couvrez les derni\u00e8res nouveaut\u00e9s du secteur pour faire du sport avec les meilleures garanties ! Achetez Trottinette \u00c9lectrique B-Mov CADAQU\u00c9S Noir 500 W au meilleur prix et profitez d&#8217;une vie saine ! Le CADAQUES 2x500W 10 de la marque B-Mov est une trottinette \u00e9lectrique con\u00e7ue pour offrir un \u00e9quilibre optimal entre [&hellip;]<\/p>\n","protected":false},"featured_media":61417,"comment_status":"open","ping_status":"closed","template":"","meta":[],"product_brand":[1613],"product_cat":[609,65,1146],"product_tag":[163],"class_list":{"0":"post-61418","1":"product","2":"type-product","3":"status-publish","4":"has-post-thumbnail","6":"product_brand-brandp_4741","7":"product_cat-electronique-jouets-electroniques","8":"product_cat-informatique-electronique","9":"product_cat-trottinettes-electriques","10":"product_tag-tag_17","12":"first","13":"instock","14":"taxable","15":"shipping-taxable","16":"purchasable","17":"product-type-simple"},"_links":{"self":[{"href":"https:\/\/bigbuy.tupique.com\/en\/wp-json\/wp\/v2\/product\/61418","targetHints":{"allow":["GET"]}}],"collection":[{"href":"https:\/\/bigbuy.tupique.com\/en\/wp-json\/wp\/v2\/product"}],"about":[{"href":"https:\/\/bigbuy.tupique.com\/en\/wp-json\/wp\/v2\/types\/product"}],"replies":[{"embeddable":true,"href":"https:\/\/bigbuy.tupique.com\/en\/wp-json\/wp\/v2\/comments?post=61418"}],"wp:featuredmedia":[{"embeddable":true,"href":"https:\/\/bigbuy.tupique.com\/en\/wp-json\/wp\/v2\/media\/61417"}],"wp:attachment":[{"href":"https:\/\/bigbuy.tupique.com\/en\/wp-json\/wp\/v2\/media?parent=61418"}],"wp:term":[{"taxonomy":"product_brand","embeddable":true,"href":"https:\/\/bigbuy.tupique.com\/en\/wp-json\/wp\/v2\/product_brand?post=61418"},{"taxonomy":"product_cat","embeddable":true,"href":"https:\/\/bigbuy.tupique.com\/en\/wp-json\/wp\/v2\/product_cat?post=61418"},{"taxonomy":"product_tag","embeddable":true,"href":"https:\/\/bigbuy.tupique.com\/en\/wp-json\/wp\/v2\/product_tag?post=61418"}],"curies":[{"name":"wp","href":"https:\/\/api.w.org\/{rel}","templated":true}]}}