{"id":61416,"date":"2026-04-01T16:01:50","date_gmt":"2026-04-01T15:01:50","guid":{"rendered":"https:\/\/bigbuy.tupique.com\/produto\/smartwatch-samsung-galaxy-watch-7\/"},"modified":"2026-05-11T19:56:43","modified_gmt":"2026-05-11T17:56:43","slug":"smartwatch-samsung-galaxy-watch-7","status":"publish","type":"product","link":"https:\/\/bigbuy.tupique.com\/en\/produto\/smartwatch-samsung-galaxy-watch-7\/","title":{"rendered":"Montre intelligente Samsung GALAXY WATCH 7"},"content":{"rendered":"<p>Si vous \u00eates passionn\u00e9 d&#8217;<b>informatique et d&#8217;\u00e9lectronique<\/b>, si vous \u00eates \u00e0 la pointe de la technologie et qu&#8217;aucun d\u00e9tail ne vous \u00e9chappe, achetez <b>Montre intelligente Samsung GALAXY WATCH 7<\/b> au meilleur prix.<\/p>\n<p>Le <b>Samsung GALAXY WATCH 7<\/b> est une <b>montre connect\u00e9e<\/b> con\u00e7ue pour offrir une exp\u00e9rience avanc\u00e9e en suivi de sant\u00e9, connectivit\u00e9 et confort. Fabriqu\u00e9 en <b>aluminium<\/b>, il dispose d\u2019un bo\u00eetier de <b>40 mm<\/b>, alliant l\u00e9g\u00e8ret\u00e9 et robustesse, avec une finition \u00e9l\u00e9gante en <b>vert<\/b> qui apporte un style moderne et personnalis\u00e9. Cette montre int\u00e8gre des capteurs avanc\u00e9s tels que le <b>capteur de fr\u00e9quence cardiaque<\/b>, l\u2019acc\u00e9l\u00e9rom\u00e8tre et le barom\u00e8tre, permettant de suivre l\u2019activit\u00e9 physique, contr\u00f4ler le rythme cardiaque en temps r\u00e9el et enregistrer avec pr\u00e9cision les variations d\u2019altitude ou de pression atmosph\u00e9rique. De plus, il est r\u00e9sistant \u00e0 l\u2019eau et \u00e0 la poussi\u00e8re gr\u00e2ce \u00e0 sa certification <b>IP68<\/b>, garantissant une durabilit\u00e9 dans diverses conditions. Pour une connexion fluide avec d\u2019autres appareils, il dispose de technologies sans fil comme le <b>Bluetooth<\/b> et le <b>Wi-Fi<\/b>, facilitant la synchronisation des notifications, appels et l\u2019acc\u00e8s aux applications sans d\u00e9pendre constamment du t\u00e9l\u00e9phone. La montre int\u00e8gre \u00e9galement des haut-parleurs, permettant de diffuser sons et alertes directement au poignet. Son design fonctionnel, associ\u00e9 \u00e0 son int\u00e9gration dans l\u2019\u00e9cosyst\u00e8me Galaxy, en fait un outil id\u00e9al pour les utilisateurs recherchant un \u00e9quilibre entre style, fonctionnalit\u00e9 et performance dans un appareil portable intelligent. En r\u00e9sum\u00e9, le Samsung GALAXY WATCH 7 offre une solution compl\u00e8te pour le suivi de sant\u00e9 et la gestion quotidienne, se distinguant par sa qualit\u00e9 de fabrication et sa polyvalence technologique.<\/p>\n<ul>\n<li>Produit \u00e0 brancher: Oui<\/li>\n<li>Type de prise: Prise EU<\/li>\n<li>Type de montre: Montre intelligente<\/li>\n<li>Bloc d\u2019Alimentation: r\u00e9seau \u00e9lectrique<\/li>\n<li>Caract\u00e9ristiques:\n<ul>\n<li>Ecran tactile<\/li>\n<li>5 atm<\/li>\n<li>Acc\u00e9l\u00e9rom\u00e8tre<\/li>\n<li>Haut-parleurs int\u00e9gr\u00e9s<\/li>\n<li>Barom\u00e8tre<\/li>\n<li>Gyroscope<\/li>\n<li>Microphone int\u00e9gr\u00e9<\/li>\n<li>Capteur optique<\/li>\n<li>Chronom\u00e8tre<\/li>\n<li>Moniteur de Sommeil<\/li>\n<li>Capteur g\u00e9omagn\u00e9tique<\/li>\n<li>Capteur de niveau d&#8217;oxyg\u00e8ne dans le sang<\/li>\n<\/ul>\n<\/li>\n<li>Glonass: Oui<\/li>\n<li>Gyroscope: Oui<\/li>\n<li>Classification IP: IP68<\/li>\n<li>Couleur du cadran: Vert<\/li>\n<li>Capacit\u00e9 de la batterie: 300 mAh<\/li>\n<li>Couleur du bracelet: Vert<\/li>\n<li>Ecran:\n<ul>\n<li>1,31&#8243;<\/li>\n<li>1,3&#8243;<\/li>\n<\/ul>\n<\/li>\n<li>M\u00e9moire RAM: 2 GB<\/li>\n<li>M\u00e9moire interne: 32 GB<\/li>\n<li>Connectivit\u00e9:\n<ul>\n<li>Bluetooth<\/li>\n<li>Wi-Fi<\/li>\n<li>GPS<\/li>\n<li>NFC<\/li>\n<li>Glonass<\/li>\n<li>BeiDou<\/li>\n<li>Galileo<\/li>\n<li>Bluetooth 5.3<\/li>\n<\/ul>\n<\/li>\n<li>Acc\u00e9l\u00e9rom\u00e8tre: Oui<\/li>\n<li>Couleur: Vert<\/li>\n<li>Taille: 40 mm<\/li>\n<li>Mati\u00e8re:\n<ul>\n<li>Aluminium<\/li>\n<li>Plastique<\/li>\n<\/ul>\n<\/li>\n<li>Fonctions:\n<ul>\n<li>Podom\u00e8tre<\/li>\n<li>Moniteur de Sommeil<\/li>\n<li>Moniteur de fr\u00e9quence cardiaque<\/li>\n<\/ul>\n<\/li>\n<li>Type de batterie:\n<ul>\n<li>Int\u00e9gr\u00e9e<\/li>\n<li>Litio Ion<\/li>\n<li>Batterie au lithium rechargeable<\/li>\n<\/ul>\n<\/li>\n<li>Caisse: 40 mm<\/li>\n<li>Mat\u00e9riau du bracelet: Silicone<\/li>\n<li>Forme: Rond<\/li>\n<li>GPS: Oui<\/li>\n<li>Imperm\u00e9abilit\u00e9: 5 atm<\/li>\n<li>Compatible: Android, iOS<\/li>\n<li>Technologie: AMOLED<\/li>\n<li>Bracelet: R\u00e9glable<\/li>\n<li>Chargeur sans fil: Oui<\/li>\n<li>Capacit\u00e9: 300 mAh<\/li>\n<li>Bracelet \u00e0 montre: Silicone<\/li>\n<li>Diam\u00e8tre du bo\u00eetier: \u00d8 40 mm<\/li>\n<li>Syst\u00e8me d&#8217;exploitation: Wear OS<\/li>\n<li>Non Inclus: Connexion au r\u00e9seau mobile<\/li>\n<li>Diam\u00e8tre du bo\u00eetier de la montre: \u00d8 40 mm<\/li>\n<\/ul>","protected":false},"excerpt":{"rendered":"<p><span class=\"unit-info\">9074.7500 &euro; \/ 1 m<\/span><\/p>","protected":false},"featured_media":61415,"comment_status":"open","ping_status":"closed","template":"","meta":[],"product_brand":[183],"product_cat":[575,65,748],"product_tag":[103,104,566,106],"class_list":{"0":"post-61416","1":"product","2":"type-product","3":"status-publish","4":"has-post-thumbnail","6":"product_brand-brandp_576","7":"product_cat-electronique-telephonie-et-tablettes","8":"product_cat-informatique-electronique","9":"product_cat-smartwatches","10":"product_tag-tag_1261","11":"product_tag-tag_1279","12":"product_tag-tag_547","13":"product_tag-tag_1295","15":"first","16":"instock","17":"taxable","18":"shipping-taxable","19":"purchasable","20":"product-type-simple"},"_links":{"self":[{"href":"https:\/\/bigbuy.tupique.com\/en\/wp-json\/wp\/v2\/product\/61416","targetHints":{"allow":["GET"]}}],"collection":[{"href":"https:\/\/bigbuy.tupique.com\/en\/wp-json\/wp\/v2\/product"}],"about":[{"href":"https:\/\/bigbuy.tupique.com\/en\/wp-json\/wp\/v2\/types\/product"}],"replies":[{"embeddable":true,"href":"https:\/\/bigbuy.tupique.com\/en\/wp-json\/wp\/v2\/comments?post=61416"}],"wp:featuredmedia":[{"embeddable":true,"href":"https:\/\/bigbuy.tupique.com\/en\/wp-json\/wp\/v2\/media\/61415"}],"wp:attachment":[{"href":"https:\/\/bigbuy.tupique.com\/en\/wp-json\/wp\/v2\/media?parent=61416"}],"wp:term":[{"taxonomy":"product_brand","embeddable":true,"href":"https:\/\/bigbuy.tupique.com\/en\/wp-json\/wp\/v2\/product_brand?post=61416"},{"taxonomy":"product_cat","embeddable":true,"href":"https:\/\/bigbuy.tupique.com\/en\/wp-json\/wp\/v2\/product_cat?post=61416"},{"taxonomy":"product_tag","embeddable":true,"href":"https:\/\/bigbuy.tupique.com\/en\/wp-json\/wp\/v2\/product_tag?post=61416"}],"curies":[{"name":"wp","href":"https:\/\/api.w.org\/{rel}","templated":true}]}}