{"id":61402,"date":"2026-04-01T16:01:37","date_gmt":"2026-04-01T15:01:37","guid":{"rendered":"https:\/\/bigbuy.tupique.com\/produto\/air-conditioning-lg-lgwifi24-set-white-a-a\/"},"modified":"2026-05-11T19:56:35","modified_gmt":"2026-05-11T17:56:35","slug":"air-conditioning-lg-lgwifi24-set-white-a-a","status":"publish","type":"product","link":"https:\/\/bigbuy.tupique.com\/en\/produto\/air-conditioning-lg-lgwifi24-set-white-a-a\/","title":{"rendered":"Air Conditionn\u00e9 LG LGWIFI24.SET Blanc A++ A+++"},"content":{"rendered":"<p>Si vous recherchez des \u00e9lectrom\u00e9nagers pour votre maison aux meilleurs prix, ne manquez pas <b>Air Conditionn\u00e9 LG LGWIFI24.SET Blanc A++ A+++<\/b> et une large s\u00e9lection de petits \u00e9lectrom\u00e9nagers de qualit\u00e9 !<\/p>\n<p>Le <b>LGWIFI24.SET<\/b> de LG est un syst\u00e8me de <b>climatisation<\/b> con\u00e7u pour offrir une haute performance en mode froid comme en mode chaud, avec une <b>classe \u00e9nerg\u00e9tique A++ en froid et A+ en chaud<\/b>, garantissant efficacit\u00e9 et consommation responsable. Il dispose d\u2019une <b>puissance frigorifique de 5676 frigor\u00edas par heure<\/b> et d\u2019une capacit\u00e9 de chauffage de <b>6020 kcal\/h<\/b>, s\u2019adaptant aux espaces de taille moyenne et assurant un climat confortable toute l\u2019ann\u00e9e. Ce mod\u00e8le se distingue par sa <b>couleur blanche<\/b>, qui permet une int\u00e9gration discr\u00e8te dans tout environnement, et sa connectivit\u00e9 avanc\u00e9e via <b>Wi-Fi<\/b>, facilitant le contr\u00f4le et la programmation \u00e0 distance depuis des appareils mobiles, offrant confort et flexibilit\u00e9 au quotidien. Il utilise le gaz r\u00e9frig\u00e9rant <b>R32<\/b>, reconnu pour son moindre impact environnemental et sa meilleure efficacit\u00e9 \u00e9nerg\u00e9tique compar\u00e9 aux gaz traditionnels. L\u2019alliance de sa technologie haute efficacit\u00e9 et de mat\u00e9riaux de qualit\u00e9 fait de cette climatisation un \u00e9quilibre id\u00e9al entre performance, \u00e9conomie d\u2019\u00e9nergie et respect de l\u2019environnement. En r\u00e9sum\u00e9, le LGWIFI24.SET est une solution fiable et moderne pour ceux qui souhaitent climatiser leurs espaces avec efficacit\u00e9 et contr\u00f4le intelligent.<\/p>\n<ul>\n<li>Puissance frigorifique: 6381 fg\/h<\/li>\n<li>Couleur: Blanc<\/li>\n<li>Connectivit\u00e9: Wi-Fi<\/li>\n<li>Classification \u00e9nerg\u00e9tique:\n<ul>\n<li>A++<\/li>\n<li>A+++<\/li>\n<\/ul>\n<\/li>\n<li>Gaz: R32<\/li>\n<li>\u00c9cran integr\u00e9: Non<\/li>\n<li>Caract\u00e9ristiques: Connectivit\u00e9 des applications mobiles<\/li>\n<li>puissance:\n<ul>\n<li>5762 fg\/h<\/li>\n<li>6046 fg\/h<\/li>\n<\/ul>\n<\/li>\n<li>Technologie: Split<\/li>\n<\/ul>","protected":false},"excerpt":{"rendered":"<p>Si vous recherchez des \u00e9lectrom\u00e9nagers pour votre maison aux meilleurs prix, ne manquez pas Air Conditionn\u00e9 LG LGWIFI24.SET Blanc A++ A+++ et une large s\u00e9lection de petits \u00e9lectrom\u00e9nagers de qualit\u00e9 ! Le LGWIFI24.SET de LG est un syst\u00e8me de climatisation con\u00e7u pour offrir une haute performance en mode froid comme en mode chaud, avec une [&hellip;]<\/p>\n","protected":false},"featured_media":61400,"comment_status":"open","ping_status":"closed","template":"","meta":[],"product_brand":[662],"product_cat":[732,1334,239],"product_tag":[721,210],"class_list":{"0":"post-61402","1":"product","2":"type-product","3":"status-publish","4":"has-post-thumbnail","6":"product_brand-brandp_559","7":"product_cat-climatisation-et-chauffage","8":"product_cat-climatiseurs-et-ventilateurs","9":"product_cat-maison-jardin","10":"product_tag-tag_124","11":"product_tag-tag_25","13":"first","14":"instock","15":"taxable","16":"shipping-taxable","17":"purchasable","18":"product-type-simple"},"_links":{"self":[{"href":"https:\/\/bigbuy.tupique.com\/en\/wp-json\/wp\/v2\/product\/61402","targetHints":{"allow":["GET"]}}],"collection":[{"href":"https:\/\/bigbuy.tupique.com\/en\/wp-json\/wp\/v2\/product"}],"about":[{"href":"https:\/\/bigbuy.tupique.com\/en\/wp-json\/wp\/v2\/types\/product"}],"replies":[{"embeddable":true,"href":"https:\/\/bigbuy.tupique.com\/en\/wp-json\/wp\/v2\/comments?post=61402"}],"wp:featuredmedia":[{"embeddable":true,"href":"https:\/\/bigbuy.tupique.com\/en\/wp-json\/wp\/v2\/media\/61400"}],"wp:attachment":[{"href":"https:\/\/bigbuy.tupique.com\/en\/wp-json\/wp\/v2\/media?parent=61402"}],"wp:term":[{"taxonomy":"product_brand","embeddable":true,"href":"https:\/\/bigbuy.tupique.com\/en\/wp-json\/wp\/v2\/product_brand?post=61402"},{"taxonomy":"product_cat","embeddable":true,"href":"https:\/\/bigbuy.tupique.com\/en\/wp-json\/wp\/v2\/product_cat?post=61402"},{"taxonomy":"product_tag","embeddable":true,"href":"https:\/\/bigbuy.tupique.com\/en\/wp-json\/wp\/v2\/product_tag?post=61402"}],"curies":[{"name":"wp","href":"https:\/\/api.w.org\/{rel}","templated":true}]}}