{"id":61333,"date":"2026-04-01T15:59:22","date_gmt":"2026-04-01T14:59:22","guid":{"rendered":"https:\/\/bigbuy.tupique.com\/produto\/dishwasher-aeg-fsb34707z\/"},"modified":"2026-04-15T01:25:28","modified_gmt":"2026-04-15T00:25:28","slug":"dishwasher-aeg-fsb34707z","status":"publish","type":"product","link":"https:\/\/bigbuy.tupique.com\/en\/produto\/dishwasher-aeg-fsb34707z\/","title":{"rendered":"Lave-vaisselle AEG FSB34707Z"},"content":{"rendered":"<p>Si vous pensez r\u00e9nover votre cuisine, achetez <b>Lave-vaisselle AEG FSB34707Z<\/b> et d\u00b4autres <b>produits AEG<\/b> !<\/p>\n<p>Le <b>lave-vaisselle AEG mod\u00e8le FSB34707Z<\/b> est un appareil encastrable con\u00e7u pour offrir une performance efficace adapt\u00e9e aux besoins modernes de la cuisine. Il pr\u00e9sente une <b>largeur de 60 cm<\/b> et une <b>capacit\u00e9 de 14 couverts<\/b>, ce qui en fait un choix id\u00e9al pour les familles ou ceux qui doivent laver de grandes quantit\u00e9s de vaisselle en un seul cycle. Son design permet de personnaliser la couleur de la porte, facilitant une int\u00e9gration parfaite avec le mobilier. En termes d\u2019efficacit\u00e9 \u00e9nerg\u00e9tique, il b\u00e9n\u00e9ficie d\u2019une <b>classe C<\/b>, \u00e9quilibrant consommation et r\u00e9sultats, avec une consommation d\u2019eau de <b>10,5 litres par cycle<\/b>, optimisant les ressources pour un usage durable. Il est \u00e9quip\u00e9 d\u2019un <b>moteur inverter<\/b>, technologie qui r\u00e9duit le bruit et augmente la durabilit\u00e9, ainsi que de fonctionnalit\u00e9s comme l\u2019<b>\u00e9cran int\u00e9gr\u00e9<\/b> et le syst\u00e8me d\u2019<b>arr\u00eat automatique<\/b>, apportant confort et s\u00e9curit\u00e9 pendant son fonctionnement. Le lave-vaisselle propose plusieurs programmes de lavage, dont les cycles \u201cAUTO Sense\u201d pour adapter le lavage selon la salet\u00e9, \u201cEco\u201d pour une consommation r\u00e9duite, et des programmes rapides de 30 et 90 minutes, con\u00e7us pour un usage fr\u00e9quent et des charges vari\u00e9es. Il dispose \u00e9galement d\u2019un troisi\u00e8me tiroir porte-couverts, qui am\u00e9liore l\u2019organisation interne et permet d\u2019optimiser l\u2019espace disponible. Parmi les autres caract\u00e9ristiques figurent l\u2019option de <b>d\u00e9marrage diff\u00e9r\u00e9 jusqu\u2019\u00e0 3 heures<\/b> et la fonction demi-charge, qui facilite le lavage de petites quantit\u00e9s sans gaspillage. Ce mod\u00e8le allie polyvalence, efficacit\u00e9 et un design pens\u00e9 pour s\u2019int\u00e9grer discr\u00e8tement et fonctionnellement dans les cuisines modernes, offrant une solution compl\u00e8te pour le nettoyage quotidien de la vaisselle.<\/p>\n<ul>\n<li>Couleur:\n<ul>\n<li>Blanc<\/li>\n<li>Personnalisable<\/li>\n<\/ul>\n<\/li>\n<li>Largeur: 60 cm<\/li>\n<li>Classification \u00e9nerg\u00e9tique:\n<ul>\n<li>C<\/li>\n<li>A<\/li>\n<\/ul>\n<\/li>\n<li>Produit \u00e0 brancher: Oui<\/li>\n<li>Type: Lave-vaisselle<\/li>\n<li>Type de prise: Prise EU<\/li>\n<li>Caract\u00e9ristiques:\n<ul>\n<li>Arr\u00eat Automatique<\/li>\n<li>\u00c9cran integr\u00e9<\/li>\n<li>Commande tactile<\/li>\n<\/ul>\n<\/li>\n<li>Bloc d\u2019Alimentation: r\u00e9seau \u00e9lectrique<\/li>\n<li>Connectivit\u00e9: No<\/li>\n<li>Type d&#8217;installation: Int\u00e9grable<\/li>\n<li>Capacit\u00e9 (Nb de couverts): 14<\/li>\n<li>Programmes: 5<\/li>\n<li>Niveau sonore: 44 dB<\/li>\n<\/ul>","protected":false},"excerpt":{"rendered":"<p>Si vous pensez r\u00e9nover votre cuisine, achetez Lave-vaisselle AEG FSB34707Z et d\u00b4autres produits AEG ! Le lave-vaisselle AEG mod\u00e8le FSB34707Z est un appareil encastrable con\u00e7u pour offrir une performance efficace adapt\u00e9e aux besoins modernes de la cuisine. Il pr\u00e9sente une largeur de 60 cm et une capacit\u00e9 de 14 couverts, ce qui en fait un [&hellip;]<\/p>\n","protected":false},"featured_media":61331,"comment_status":"open","ping_status":"closed","template":"","meta":[],"product_brand":[1386],"product_cat":[393,60,77],"product_tag":[],"class_list":{"0":"post-61333","1":"product","2":"type-product","3":"status-publish","4":"has-post-thumbnail","6":"product_brand-brandp_679","7":"product_cat-autres-appareils-de-cuisines","8":"product_cat-cuisine-gourmet","9":"product_cat-petit-electromenager","11":"first","12":"instock","13":"taxable","14":"shipping-taxable","15":"purchasable","16":"product-type-simple"},"_links":{"self":[{"href":"https:\/\/bigbuy.tupique.com\/en\/wp-json\/wp\/v2\/product\/61333","targetHints":{"allow":["GET"]}}],"collection":[{"href":"https:\/\/bigbuy.tupique.com\/en\/wp-json\/wp\/v2\/product"}],"about":[{"href":"https:\/\/bigbuy.tupique.com\/en\/wp-json\/wp\/v2\/types\/product"}],"replies":[{"embeddable":true,"href":"https:\/\/bigbuy.tupique.com\/en\/wp-json\/wp\/v2\/comments?post=61333"}],"wp:featuredmedia":[{"embeddable":true,"href":"https:\/\/bigbuy.tupique.com\/en\/wp-json\/wp\/v2\/media\/61331"}],"wp:attachment":[{"href":"https:\/\/bigbuy.tupique.com\/en\/wp-json\/wp\/v2\/media?parent=61333"}],"wp:term":[{"taxonomy":"product_brand","embeddable":true,"href":"https:\/\/bigbuy.tupique.com\/en\/wp-json\/wp\/v2\/product_brand?post=61333"},{"taxonomy":"product_cat","embeddable":true,"href":"https:\/\/bigbuy.tupique.com\/en\/wp-json\/wp\/v2\/product_cat?post=61333"},{"taxonomy":"product_tag","embeddable":true,"href":"https:\/\/bigbuy.tupique.com\/en\/wp-json\/wp\/v2\/product_tag?post=61333"}],"curies":[{"name":"wp","href":"https:\/\/api.w.org\/{rel}","templated":true}]}}