{"id":61307,"date":"2026-04-01T15:58:50","date_gmt":"2026-04-01T14:58:50","guid":{"rendered":"https:\/\/bigbuy.tupique.com\/produto\/superautomatic-coffee-maker-flama-1293fl-black-1470-w-12-l\/"},"modified":"2026-04-15T17:56:59","modified_gmt":"2026-04-15T16:56:59","slug":"superautomatic-coffee-maker-flama-1293fl-black-1470-w-12-l","status":"publish","type":"product","link":"https:\/\/bigbuy.tupique.com\/en\/produto\/superautomatic-coffee-maker-flama-1293fl-black-1470-w-12-l\/","title":{"rendered":"Cafeti\u00e8re superautomatique Flama 1293FL Noir 1470 W 1,2 L"},"content":{"rendered":"<p>Si vous recherchez des \u00e9lectrom\u00e9nagers pour votre maison aux meilleurs prix, ne manquez pas <b>Cafeti\u00e8re superautomatique Flama 1293FL Noir 1470 W 1,2 L<\/b> et une large s\u00e9lection de petits \u00e9lectrom\u00e9nagers de qualit\u00e9 !<\/p>\n<p>La <b>Flama 1293FL<\/b> est une <b>cafeti\u00e8re super-automatique<\/b> con\u00e7ue pour ceux qui recherchent confort et qualit\u00e9 professionnelle dans la pr\u00e9paration du caf\u00e9 \u00e0 la maison ou au bureau. Sa finition \u00e9l\u00e9gante en <b>noir<\/b> offre un aspect moderne et discret, adaptable \u00e0 toute cuisine, avec en plus un &lt;b;moulin int\u00e9gr\u00e9<\/b> qui permet de moudre le caf\u00e9 juste avant l&#8217;extraction, conservant tous les ar\u00f4mes et saveurs essentiels pour une tasse de haute qualit\u00e9. Cette cafeti\u00e8re fonctionne \u00e0 une <b>pression de 19 bars<\/b>, optimis\u00e9e pour extraire toute l&#8217;intensit\u00e9 et la cr\u00e9meux de l&#8217;espresso, garantissant des r\u00e9sultats cors\u00e9s avec une cr\u00e8me dense et persistante. Elle int\u00e8gre un <b>r\u00e9servoir d&#8217;eau de 1,2 litre<\/b> offrant une autonomie suffisante pour plusieurs pr\u00e9parations cons\u00e9cutives sans besoin de remplissage constant, facilitant son usage pour les foyers comme pour les bureaux de taille moyenne. Le syst\u00e8me de <b>contr\u00f4le tactile<\/b> permet une utilisation intuitive, facilitant la s\u00e9lection des boissons et les r\u00e9glages personnalis\u00e9s rapidement et simplement, tandis que son fonctionnement <b>programmable<\/b> offre la possibilit\u00e9 d&#8217;adapter le processus de pr\u00e9paration aux pr\u00e9f\u00e9rences de l&#8217;utilisateur, assurant toujours le point id\u00e9al d&#8217;extraction et de go\u00fbt. La Flama 1293FL repr\u00e9sente une solution pratique et efficace pour les amateurs de caf\u00e9 qui appr\u00e9cient la facilit\u00e9 d&#8217;utilisation et la pr\u00e9cision \u00e0 chaque pr\u00e9paration.<\/p>\n<ul>\n<li>Type:\n<ul>\n<li>Cafeti\u00e8re superautomatique<\/li>\n<li>Cafeti\u00e8re express<\/li>\n<\/ul>\n<\/li>\n<li>Produit \u00e0 brancher: Oui<\/li>\n<li>Bloc d\u2019Alimentation: r\u00e9seau \u00e9lectrique<\/li>\n<li>Couleur: Noir<\/li>\n<li>Caract\u00e9ristiques:\n<ul>\n<li>Broyeur int\u00e9gr\u00e9<\/li>\n<li>Commande tactile<\/li>\n<li>Programmable<\/li>\n<\/ul>\n<\/li>\n<li>puissance: 1470 W<\/li>\n<li>Pression: 19 bar<\/li>\n<li>Capacit\u00e9: 1,2 L<\/li>\n<\/ul>","protected":false},"excerpt":{"rendered":"<p>Si vous recherchez des \u00e9lectrom\u00e9nagers pour votre maison aux meilleurs prix, ne manquez pas Cafeti\u00e8re superautomatique Flama 1293FL Noir 1470 W 1,2 L et une large s\u00e9lection de petits \u00e9lectrom\u00e9nagers de qualit\u00e9 ! La Flama 1293FL est une cafeti\u00e8re super-automatique con\u00e7ue pour ceux qui recherchent confort et qualit\u00e9 professionnelle dans la pr\u00e9paration du caf\u00e9 \u00e0 [&hellip;]<\/p>\n","protected":false},"featured_media":61306,"comment_status":"open","ping_status":"closed","template":"","meta":[],"product_brand":[1616],"product_cat":[725,60,77],"product_tag":[104,56],"class_list":{"0":"post-61307","1":"product","2":"type-product","3":"status-publish","4":"has-post-thumbnail","6":"product_brand-brandp_2352","7":"product_cat-cafetieres","8":"product_cat-cuisine-gourmet","9":"product_cat-petit-electromenager","10":"product_tag-tag_1279","11":"product_tag-tag_930","13":"first","14":"instock","15":"taxable","16":"shipping-taxable","17":"purchasable","18":"product-type-simple"},"_links":{"self":[{"href":"https:\/\/bigbuy.tupique.com\/en\/wp-json\/wp\/v2\/product\/61307","targetHints":{"allow":["GET"]}}],"collection":[{"href":"https:\/\/bigbuy.tupique.com\/en\/wp-json\/wp\/v2\/product"}],"about":[{"href":"https:\/\/bigbuy.tupique.com\/en\/wp-json\/wp\/v2\/types\/product"}],"replies":[{"embeddable":true,"href":"https:\/\/bigbuy.tupique.com\/en\/wp-json\/wp\/v2\/comments?post=61307"}],"wp:featuredmedia":[{"embeddable":true,"href":"https:\/\/bigbuy.tupique.com\/en\/wp-json\/wp\/v2\/media\/61306"}],"wp:attachment":[{"href":"https:\/\/bigbuy.tupique.com\/en\/wp-json\/wp\/v2\/media?parent=61307"}],"wp:term":[{"taxonomy":"product_brand","embeddable":true,"href":"https:\/\/bigbuy.tupique.com\/en\/wp-json\/wp\/v2\/product_brand?post=61307"},{"taxonomy":"product_cat","embeddable":true,"href":"https:\/\/bigbuy.tupique.com\/en\/wp-json\/wp\/v2\/product_cat?post=61307"},{"taxonomy":"product_tag","embeddable":true,"href":"https:\/\/bigbuy.tupique.com\/en\/wp-json\/wp\/v2\/product_tag?post=61307"}],"curies":[{"name":"wp","href":"https:\/\/api.w.org\/{rel}","templated":true}]}}