{"id":61305,"date":"2026-04-01T15:58:48","date_gmt":"2026-04-01T14:58:48","guid":{"rendered":"https:\/\/bigbuy.tupique.com\/produto\/electric-scooter-smartgyro-black-800-w\/"},"modified":"2026-04-15T00:49:35","modified_gmt":"2026-04-14T23:49:35","slug":"electric-scooter-smartgyro-black-800-w","status":"publish","type":"product","link":"https:\/\/bigbuy.tupique.com\/en\/produto\/electric-scooter-smartgyro-black-800-w\/","title":{"rendered":"Trottinette \u00c9lectrique Smartgyro Noir 800 W"},"content":{"rendered":"<p>Si vous \u00eates passionn\u00e9 d&#8217;<b>informatique et d&#8217;\u00e9lectronique<\/b>, si vous \u00eates \u00e0 la pointe de la technologie et qu&#8217;aucun d\u00e9tail ne vous \u00e9chappe, achetez <b>Trottinette \u00c9lectrique Smartgyro Noir 800 W<\/b> au meilleur prix.<\/p>\n<p>Le <b>trottinette \u00e9lectrique Smartgyro<\/b> est une solution pratique et efficace pour la mobilit\u00e9 urbaine, offrant un \u00e9quilibre optimal entre puissance, autonomie et confort. Ce mod\u00e8le se distingue par son <b>moteur de 800 W<\/b>, permettant d\u2019atteindre une <b>vitesse maximale de 25 km\/h<\/b>, id\u00e9ale pour des d\u00e9placements rapides et s\u00fbrs en ville. Sa batterie haute capacit\u00e9, de <b>15000 mAh et 48 V<\/b>, garantit une autonomie allant jusqu\u2019\u00e0 <b>60 km par charge<\/b>, r\u00e9duisant la fr\u00e9quence des recharges et facilitant les trajets longs sans interruption. Le design pliable est un atout majeur, facilitant le transport et le rangement lorsqu\u2019il n\u2019est pas utilis\u00e9, ainsi que sa praticit\u00e9 pour les utilisateurs combinant plusieurs moyens de transport. Il est \u00e9quip\u00e9 de roues avant et arri\u00e8re de <b>10 pouces<\/b>, assurant stabilit\u00e9 et confort sur diverses surfaces urbaines, tandis que sa charge maximale est de <b>75 kg<\/b>, convenant \u00e0 la plupart des utilisateurs. De plus, la trottinette int\u00e8gre un <b>\u00e9cran int\u00e9gr\u00e9<\/b> permettant de suivre en temps r\u00e9el des donn\u00e9es essentielles comme la vitesse et le niveau de batterie, facilitant le contr\u00f4le pendant la conduite. Disponible en couleurs <b>jaune et noir<\/b>, elle allie style et fonctionnalit\u00e9. En r\u00e9sum\u00e9, la trottinette \u00e9lectrique Smartgyro propose une combinaison \u00e9quilibr\u00e9e de <b>haute puissance<\/b>, d\u2019autonomie remarquable et d\u2019un design pliable pens\u00e9 pour une mobilit\u00e9 urbaine intelligente et pratique.<\/p>\n<ul>\n<li>Produit \u00e0 brancher: Oui<\/li>\n<li>Type de prise: Prise EU<\/li>\n<li>Type: Trottinette \u00c9lectrique<\/li>\n<li>Couleur:\n<ul>\n<li>Jaune<\/li>\n<li>Noir<\/li>\n<\/ul>\n<\/li>\n<li>Bloc d\u2019Alimentation:\n<ul>\n<li>r\u00e9seau \u00e9lectrique<\/li>\n<li>Batterie<\/li>\n<\/ul>\n<\/li>\n<li>Caract\u00e9ristiques:\n<ul>\n<li>Pliable<\/li>\n<li>\u00c9cran integr\u00e9<\/li>\n<li>Double suspension<\/li>\n<\/ul>\n<\/li>\n<li>puissance: 800 W<\/li>\n<li>Taille: 10&#8243;<\/li>\n<li>vitesse: 25 km\/h<\/li>\n<li>Inclut: Lumi\u00e8re LED<\/li>\n<li>roues: 2 roues<\/li>\n<li>Poids approx.: 25 kg<\/li>\n<li>Fonctionne \u00e0 piles: 1 Litio Ion, incluidas<\/li>\n<\/ul>\n<p>Informations importantes: Si la marque n&#8217;a pas immatricul\u00e9 la trotinette, le propi\u00e9taire devra passer le ITV ou le T\u00dbV pour obtenir un &#8220;EBE&#8221; ou un permis de circulation individuel.<\/p>","protected":false},"excerpt":{"rendered":"<p>Si vous \u00eates passionn\u00e9 d&#8217;informatique et d&#8217;\u00e9lectronique, si vous \u00eates \u00e0 la pointe de la technologie et qu&#8217;aucun d\u00e9tail ne vous \u00e9chappe, achetez Trottinette \u00c9lectrique Smartgyro Noir 800 W au meilleur prix. Le trottinette \u00e9lectrique Smartgyro est une solution pratique et efficace pour la mobilit\u00e9 urbaine, offrant un \u00e9quilibre optimal entre puissance, autonomie et confort. [&hellip;]<\/p>\n","protected":false},"featured_media":61304,"comment_status":"open","ping_status":"closed","template":"","meta":[],"product_brand":[1228],"product_cat":[609,65,1146],"product_tag":[163],"class_list":{"0":"post-61305","1":"product","2":"type-product","3":"status-publish","4":"has-post-thumbnail","6":"product_brand-brandp_5033","7":"product_cat-electronique-jouets-electroniques","8":"product_cat-informatique-electronique","9":"product_cat-trottinettes-electriques","10":"product_tag-tag_17","12":"first","13":"instock","14":"taxable","15":"shipping-taxable","16":"purchasable","17":"product-type-simple"},"_links":{"self":[{"href":"https:\/\/bigbuy.tupique.com\/en\/wp-json\/wp\/v2\/product\/61305","targetHints":{"allow":["GET"]}}],"collection":[{"href":"https:\/\/bigbuy.tupique.com\/en\/wp-json\/wp\/v2\/product"}],"about":[{"href":"https:\/\/bigbuy.tupique.com\/en\/wp-json\/wp\/v2\/types\/product"}],"replies":[{"embeddable":true,"href":"https:\/\/bigbuy.tupique.com\/en\/wp-json\/wp\/v2\/comments?post=61305"}],"wp:featuredmedia":[{"embeddable":true,"href":"https:\/\/bigbuy.tupique.com\/en\/wp-json\/wp\/v2\/media\/61304"}],"wp:attachment":[{"href":"https:\/\/bigbuy.tupique.com\/en\/wp-json\/wp\/v2\/media?parent=61305"}],"wp:term":[{"taxonomy":"product_brand","embeddable":true,"href":"https:\/\/bigbuy.tupique.com\/en\/wp-json\/wp\/v2\/product_brand?post=61305"},{"taxonomy":"product_cat","embeddable":true,"href":"https:\/\/bigbuy.tupique.com\/en\/wp-json\/wp\/v2\/product_cat?post=61305"},{"taxonomy":"product_tag","embeddable":true,"href":"https:\/\/bigbuy.tupique.com\/en\/wp-json\/wp\/v2\/product_tag?post=61305"}],"curies":[{"name":"wp","href":"https:\/\/api.w.org\/{rel}","templated":true}]}}