{"id":61214,"date":"2026-04-01T15:55:53","date_gmt":"2026-04-01T14:55:53","guid":{"rendered":"https:\/\/bigbuy.tupique.com\/produto\/washing-machine-hisense-wf5i9043bwfs-9-kg\/"},"modified":"2026-04-17T00:50:17","modified_gmt":"2026-04-16T23:50:17","slug":"washing-machine-hisense-wf5i9043bwfs-9-kg","status":"publish","type":"product","link":"https:\/\/bigbuy.tupique.com\/en\/produto\/washing-machine-hisense-wf5i9043bwfs-9-kg\/","title":{"rendered":"Machine \u00e0 laver Hisense WF5I9043BWFS 9 kg"},"content":{"rendered":"<p>Si vous \u00eates \u00e0 la recherche de nouvelles tendances sur le march\u00e9, nous vous pr\u00e9sentons <b>Machine \u00e0 laver Hisense WF5I9043BWFS 9 kg<\/b> !<\/p>\n<p>La <b>lave-linge Hisense WF5I9043BWFS<\/b> allie efficacit\u00e9, capacit\u00e9 et polyvalence pour un soin optimal de vos v\u00eatements. Avec une <b>capacit\u00e9 de charge de 9 kg<\/b>, ce mod\u00e8le est id\u00e9al pour les familles ou ceux qui doivent laver de grands volumes de linge efficacement. Il b\u00e9n\u00e9ficie d\u2019une <b>classe \u00e9nerg\u00e9tique A<\/b>, garantissant une faible consommation \u00e9lectrique sans compromettre les performances. Son moteur permet d\u2019atteindre une <b>vitesse d\u2019essorage maximale de 1400 tr\/min<\/b>, favorisant un meilleur s\u00e9chage et r\u00e9duisant la dur\u00e9e du cycle. Le lave-linge est con\u00e7u pour une installation <b>sous plan de travail<\/b>, s\u2019adaptant aux espaces restreints ou aux cuisines et buanderies \u00e9quip\u00e9es. Il propose jusqu\u2019\u00e0 <b>18 programmes de lavage<\/b> couvrant un large \u00e9ventail de besoins, des cycles automatiques et \u00e9co pour un lavage efficace, aux fonctions sp\u00e9cialis\u00e9es comme le <b>soin b\u00e9b\u00e9<\/b>, l\u2019\u00e9limination des allerg\u00e8nes avec le programme <b>Hygi\u00e8ne<\/b>, lavage \u00e0 froid, v\u00eatements chauds ou en duvet, ainsi que des programmes vapeur pour un nettoyage approfondi. De plus, il int\u00e8gre un <b>contr\u00f4le automatique de la charge<\/b> qui ajuste la consommation d\u2019eau et d\u2019\u00e9nergie selon la quantit\u00e9 de linge, optimisant chaque cycle. Son fonctionnement est silencieux, avec un niveau sonore en essorage de seulement 72 d\u00e9cibels, id\u00e9al pour un environnement domestique confortable. Le panneau de commande est disponible en <b>espagnol<\/b>, facilitant la configuration et l\u2019utilisation de ses nombreuses fonctions. Le mod\u00e8le inclut des accessoires standards pour prise europ\u00e9enne, assurant une installation simple. En r\u00e9sum\u00e9, la <b>lave-linge Hisense WF5I9043BWFS<\/b> offre une solution compl\u00e8te et \u00e9cologique pour les besoins quotidiens de lavage, combinant technologie moderne, confort et efficacit\u00e9.<\/p>\n<ul>\n<li>Type d&#8217;installation: Sous le plan de travail<\/li>\n<li>Produit \u00e0 brancher: Oui<\/li>\n<li>Langue: Espagnol<\/li>\n<li>Type de prise: Prise EU<\/li>\n<li>Connectivit\u00e9: Wi-Fi<\/li>\n<li>vitesse: 1400 rpm<\/li>\n<li>Bloc d\u2019Alimentation: r\u00e9seau \u00e9lectrique<\/li>\n<li>Classification \u00e9nerg\u00e9tique: A<\/li>\n<li>Capacit\u00e9: 9 kg<\/li>\n<\/ul>","protected":false},"excerpt":{"rendered":"<p><span class=\"unit-info\">71.2211 &euro; \/ 1 kg<\/span><\/p>","protected":false},"featured_media":61212,"comment_status":"open","ping_status":"closed","template":"","meta":[],"product_brand":[1341],"product_cat":[239,240,751],"product_tag":[],"class_list":{"0":"post-61214","1":"product","2":"type-product","3":"status-publish","4":"has-post-thumbnail","6":"product_brand-brandp_612","7":"product_cat-maison-jardin","8":"product_cat-nettoyage-aspirateur-et-repassage","9":"product_cat-seche-linge-fers-a-repasser-sechoirs","11":"first","12":"instock","13":"taxable","14":"shipping-taxable","15":"purchasable","16":"product-type-simple"},"_links":{"self":[{"href":"https:\/\/bigbuy.tupique.com\/en\/wp-json\/wp\/v2\/product\/61214","targetHints":{"allow":["GET"]}}],"collection":[{"href":"https:\/\/bigbuy.tupique.com\/en\/wp-json\/wp\/v2\/product"}],"about":[{"href":"https:\/\/bigbuy.tupique.com\/en\/wp-json\/wp\/v2\/types\/product"}],"replies":[{"embeddable":true,"href":"https:\/\/bigbuy.tupique.com\/en\/wp-json\/wp\/v2\/comments?post=61214"}],"wp:featuredmedia":[{"embeddable":true,"href":"https:\/\/bigbuy.tupique.com\/en\/wp-json\/wp\/v2\/media\/61212"}],"wp:attachment":[{"href":"https:\/\/bigbuy.tupique.com\/en\/wp-json\/wp\/v2\/media?parent=61214"}],"wp:term":[{"taxonomy":"product_brand","embeddable":true,"href":"https:\/\/bigbuy.tupique.com\/en\/wp-json\/wp\/v2\/product_brand?post=61214"},{"taxonomy":"product_cat","embeddable":true,"href":"https:\/\/bigbuy.tupique.com\/en\/wp-json\/wp\/v2\/product_cat?post=61214"},{"taxonomy":"product_tag","embeddable":true,"href":"https:\/\/bigbuy.tupique.com\/en\/wp-json\/wp\/v2\/product_tag?post=61214"}],"curies":[{"name":"wp","href":"https:\/\/api.w.org\/{rel}","templated":true}]}}