{"id":61189,"date":"2026-04-01T15:55:25","date_gmt":"2026-04-01T14:55:25","guid":{"rendered":"https:\/\/bigbuy.tupique.com\/produto\/kitchen-extractor-cata-coronawh60\/"},"modified":"2026-04-15T09:36:22","modified_gmt":"2026-04-15T08:36:22","slug":"kitchen-extractor-cata-coronawh60","status":"publish","type":"product","link":"https:\/\/bigbuy.tupique.com\/en\/produto\/kitchen-extractor-cata-coronawh60\/","title":{"rendered":"Hotte de cuisine Cata CORONAWH60"},"content":{"rendered":"<p>Si vous pensez r\u00e9nover votre cuisine, achetez <b>Hotte de cuisine Cata CORONAWH60<\/b> et d\u00b4autres <b>produits Cata<\/b> !<\/p>\n<p>L\u2019<b>extracteur de cuisine<\/b> de la marque <b>Cata<\/b> en blanc offre une solution efficace pour garder votre cuisine exempte de fum\u00e9es et d\u2019odeurs gr\u00e2ce \u00e0 sa <b>classe \u00e9nerg\u00e9tique A<\/b>, garantissant un fonctionnement \u00e9conomique et respectueux de l\u2019environnement. Cet extracteur est \u00e9quip\u00e9 de <b>filtres en aluminium<\/b>, assurant une excellente r\u00e9tention des graisses, un nettoyage facile et une grande durabilit\u00e9. Son <b>niveau sonore de seulement 50 dB<\/b> \u00e0 basse vitesse permet de cuisiner dans une atmosph\u00e8re confortable et silencieuse, m\u00eame lors d\u2019une utilisation prolong\u00e9e. Il dispose d\u2019un <b>\u00e9clairage LED<\/b> int\u00e9gr\u00e9 pour une meilleure visibilit\u00e9 sur la zone de cuisson, optimisant l\u2019exp\u00e9rience culinaire et la s\u00e9curit\u00e9. Ce mod\u00e8le propose <b>quatre vitesses<\/b> de fonctionnement, s\u2019adaptant aux besoins selon l\u2019intensit\u00e9 de la cuisson, et atteint une <b>capacit\u00e9 d\u2019extraction maximale de 600 m\u00b3\/h<\/b>, id\u00e9ale pour des cuisines de taille moyenne \u00e0 grande. Avec une <b>largeur standard de 595 mm<\/b>, il s\u2019int\u00e8gre facilement dans la plupart des espaces et sa connexion \u00e9lectrique simplifie l\u2019installation dans tout foyer. Son design blanc et ses mat\u00e9riaux en aluminium offrent une esth\u00e9tique moderne et polyvalente, s\u2019int\u00e9grant discr\u00e8tement \u00e0 diff\u00e9rents styles de cuisine sans compromettre la durabilit\u00e9 ni l\u2019efficacit\u00e9. En r\u00e9sum\u00e9, il s\u2019agit d\u2019un extracteur robuste et performant, con\u00e7u pour apporter confort et efficacit\u00e9 au quotidien en cuisine.<\/p>\n<ul>\n<li>Type: Hotte de cuisine<\/li>\n<li>Produit \u00e0 brancher: Oui<\/li>\n<li>Bloc d\u2019Alimentation: r\u00e9seau \u00e9lectrique<\/li>\n<li>Couleur: Blanc<\/li>\n<li>Classification \u00e9nerg\u00e9tique: A<\/li>\n<li>Niveau sonore: 50 dB<\/li>\n<li>Taille: 90 cm<\/li>\n<li>Mati\u00e8re: Aluminium<\/li>\n<\/ul>","protected":false},"excerpt":{"rendered":"<p><span class=\"unit-info\">358.8778 &euro; \/ 1 m<\/span><\/p>","protected":false},"featured_media":61188,"comment_status":"open","ping_status":"closed","template":"","meta":[],"product_brand":[155],"product_cat":[60,61,62],"product_tag":[210],"class_list":{"0":"post-61189","1":"product","2":"type-product","3":"status-publish","4":"has-post-thumbnail","6":"product_brand-brandp_1208","7":"product_cat-cuisine-gourmet","8":"product_cat-equipement-de-cuisine","9":"product_cat-hottes-de-cuisine","10":"product_tag-tag_25","12":"first","13":"instock","14":"taxable","15":"shipping-taxable","16":"purchasable","17":"product-type-simple"},"_links":{"self":[{"href":"https:\/\/bigbuy.tupique.com\/en\/wp-json\/wp\/v2\/product\/61189","targetHints":{"allow":["GET"]}}],"collection":[{"href":"https:\/\/bigbuy.tupique.com\/en\/wp-json\/wp\/v2\/product"}],"about":[{"href":"https:\/\/bigbuy.tupique.com\/en\/wp-json\/wp\/v2\/types\/product"}],"replies":[{"embeddable":true,"href":"https:\/\/bigbuy.tupique.com\/en\/wp-json\/wp\/v2\/comments?post=61189"}],"wp:featuredmedia":[{"embeddable":true,"href":"https:\/\/bigbuy.tupique.com\/en\/wp-json\/wp\/v2\/media\/61188"}],"wp:attachment":[{"href":"https:\/\/bigbuy.tupique.com\/en\/wp-json\/wp\/v2\/media?parent=61189"}],"wp:term":[{"taxonomy":"product_brand","embeddable":true,"href":"https:\/\/bigbuy.tupique.com\/en\/wp-json\/wp\/v2\/product_brand?post=61189"},{"taxonomy":"product_cat","embeddable":true,"href":"https:\/\/bigbuy.tupique.com\/en\/wp-json\/wp\/v2\/product_cat?post=61189"},{"taxonomy":"product_tag","embeddable":true,"href":"https:\/\/bigbuy.tupique.com\/en\/wp-json\/wp\/v2\/product_tag?post=61189"}],"curies":[{"name":"wp","href":"https:\/\/api.w.org\/{rel}","templated":true}]}}