{"id":61002,"date":"2026-04-01T15:43:05","date_gmt":"2026-04-01T14:43:05","guid":{"rendered":"https:\/\/bigbuy.tupique.com\/produto\/microwave-bosch-bfl7221b1-black-900-w-21-l\/"},"modified":"2026-04-15T04:07:40","modified_gmt":"2026-04-15T03:07:40","slug":"microwave-bosch-bfl7221b1-black-900-w-21-l","status":"publish","type":"product","link":"https:\/\/bigbuy.tupique.com\/en\/produto\/microwave-bosch-bfl7221b1-black-900-w-21-l\/","title":{"rendered":"Micro-ondes BOSCH BFL7221B1 Noir 900 W 21 L"},"content":{"rendered":"<p>Si vous recherchez des \u00e9lectrom\u00e9nagers pour votre maison aux meilleurs prix, ne manquez pas <b>Micro-ondes BOSCH BFL7221B1 Noir 900 W 21 L<\/b> et une large s\u00e9lection de petits \u00e9lectrom\u00e9nagers de qualit\u00e9 !<\/p>\n<p>Le <b>BFL7221B1<\/b> de <b>BOSCH<\/b> est un <b>micro-ondes<\/b> con\u00e7u pour offrir une performance efficace et pratique dans toute cuisine. Il dispose d\u2019une capacit\u00e9 int\u00e9rieure de <b>21 litres<\/b>, id\u00e9ale pour pr\u00e9parer ou r\u00e9chauffer des portions moyennes sans prendre trop de place. Sa puissance de <b>900 W<\/b> garantit un chauffage rapide et uniforme, facilit\u00e9 par la technologie du <b>moteur inverter<\/b>, qui contribue \u00e9galement \u00e0 une consommation \u00e9nerg\u00e9tique plus \u00e9quilibr\u00e9e et un contr\u00f4le pr\u00e9cis de la temp\u00e9rature pendant la cuisson. Il pr\u00e9sente un design moderne en <b>noir<\/b> et est fabriqu\u00e9 en <b>acier inoxydable<\/b>, ce qui lui conf\u00e8re robustesse et une finition \u00e9l\u00e9gante facile \u00e0 nettoyer. Le contr\u00f4le est tactile, intuitif et confortable, compl\u00e9t\u00e9 par un <b>\u00e9cran int\u00e9gr\u00e9<\/b> permettant de visualiser et g\u00e9rer ais\u00e9ment les options de fonctionnement, avec <b>cinq niveaux de puissance<\/b> programmables selon les besoins sp\u00e9cifiques de chaque recette. De plus, il est \u00e9quip\u00e9 d\u2019une <b>lumi\u00e8re int\u00e9rieure<\/b> qui permet de suivre la cuisson sans ouvrir la porte, maintenant ainsi la temp\u00e9rature constante. Ce mod\u00e8le s\u2019adresse aux utilisateurs recherchant la combinaison de fonctionnalit\u00e9 et d\u2019efficacit\u00e9, sans fonctions comme grill ou cuisson vapeur, privil\u00e9giant une utilisation simple et quotidienne. En r\u00e9sum\u00e9, le micro-ondes BOSCH BFL7221B1 est une option \u00e9quilibr\u00e9e pour ceux qui veulent un appareil compact, robuste et technologiquement avanc\u00e9, adapt\u00e9 \u00e0 tout foyer cherchant fiabilit\u00e9 et performance pour les t\u00e2ches culinaires quotidiennes.<\/p>\n<ul>\n<li>Produit \u00e0 brancher: Oui<\/li>\n<li>Type de prise:\n<ul>\n<li>Prise EU<\/li>\n<li>Type F<\/li>\n<\/ul>\n<\/li>\n<li>Bloc d\u2019Alimentation: r\u00e9seau \u00e9lectrique<\/li>\n<li>Couleur: Noir<\/li>\n<li>Caract\u00e9ristiques:\n<ul>\n<li>Lumi\u00e8re int\u00e9rieure<\/li>\n<li>\u00c9cran integr\u00e9<\/li>\n<li>5 niveaux<\/li>\n<li>Commande tactile<\/li>\n<li>Int\u00e9gr\u00e9<\/li>\n<\/ul>\n<\/li>\n<li>puissance: 900 W<\/li>\n<li>Capacit\u00e9: 21 L<\/li>\n<li>Mati\u00e8re:\n<ul>\n<li>verre<\/li>\n<li>Acier inoxydable<\/li>\n<\/ul>\n<\/li>\n<li>Direction d&#8217;ouverture: Gauche<\/li>\n<li>Fr\u00e9quence: 50 Hz<\/li>\n<li>Type de commande: Tactile<\/li>\n<li>Tension: 220-240 V<\/li>\n<li>Inclut: Montre<\/li>\n<\/ul>","protected":false},"excerpt":{"rendered":"<p><span class=\"unit-info\">42.3329 &euro; \/ 1 l<\/span><\/p>","protected":false},"featured_media":61001,"comment_status":"open","ping_status":"closed","template":"","meta":[],"product_brand":[162],"product_cat":[60,727,77],"product_tag":[55,56],"class_list":{"0":"post-61002","1":"product","2":"type-product","3":"status-publish","4":"has-post-thumbnail","6":"product_brand-brandp_959","7":"product_cat-cuisine-gourmet","8":"product_cat-micro-ondes","9":"product_cat-petit-electromenager","10":"product_tag-tag_926","11":"product_tag-tag_930","13":"first","14":"instock","15":"taxable","16":"shipping-taxable","17":"purchasable","18":"product-type-simple"},"_links":{"self":[{"href":"https:\/\/bigbuy.tupique.com\/en\/wp-json\/wp\/v2\/product\/61002","targetHints":{"allow":["GET"]}}],"collection":[{"href":"https:\/\/bigbuy.tupique.com\/en\/wp-json\/wp\/v2\/product"}],"about":[{"href":"https:\/\/bigbuy.tupique.com\/en\/wp-json\/wp\/v2\/types\/product"}],"replies":[{"embeddable":true,"href":"https:\/\/bigbuy.tupique.com\/en\/wp-json\/wp\/v2\/comments?post=61002"}],"wp:featuredmedia":[{"embeddable":true,"href":"https:\/\/bigbuy.tupique.com\/en\/wp-json\/wp\/v2\/media\/61001"}],"wp:attachment":[{"href":"https:\/\/bigbuy.tupique.com\/en\/wp-json\/wp\/v2\/media?parent=61002"}],"wp:term":[{"taxonomy":"product_brand","embeddable":true,"href":"https:\/\/bigbuy.tupique.com\/en\/wp-json\/wp\/v2\/product_brand?post=61002"},{"taxonomy":"product_cat","embeddable":true,"href":"https:\/\/bigbuy.tupique.com\/en\/wp-json\/wp\/v2\/product_cat?post=61002"},{"taxonomy":"product_tag","embeddable":true,"href":"https:\/\/bigbuy.tupique.com\/en\/wp-json\/wp\/v2\/product_tag?post=61002"}],"curies":[{"name":"wp","href":"https:\/\/api.w.org\/{rel}","templated":true}]}}