{"id":60986,"date":"2026-04-01T15:42:45","date_gmt":"2026-04-01T14:42:45","guid":{"rendered":"https:\/\/bigbuy.tupique.com\/produto\/induction-hot-plate-siemens-ag-ed851hq26e-80-cm-7400-w\/"},"modified":"2026-05-11T19:56:39","modified_gmt":"2026-05-11T17:56:39","slug":"induction-hot-plate-siemens-ag-ed851hq26e-80-cm-7400-w","status":"publish","type":"product","link":"https:\/\/bigbuy.tupique.com\/en\/produto\/induction-hot-plate-siemens-ag-ed851hq26e-80-cm-7400-w\/","title":{"rendered":"Plaque \u00e0 Induction Siemens AG ED851HQ26E 80 cm 7400 W"},"content":{"rendered":"<p>Si vous pensez r\u00e9nover votre cuisine, achetez <b>Plaque \u00e0 Induction Siemens AG ED851HQ26E 80 cm 7400 W<\/b> et d\u00b4autres <b>produits Siemens AG<\/b> !<\/p>\n<p>La <b>table \u00e0 induction ED851HQ26E<\/b> de <b>Siemens AG<\/b> est un appareil con\u00e7u pour offrir une cuisson efficace et s\u00fbre, id\u00e9al pour ceux qui recherchent des performances avanc\u00e9es en cuisine. Avec une <b>largeur de 80 cm<\/b> et <b>quatre zones de cuisson<\/b>, cette plaque offre suffisamment d\u2019espace pour g\u00e9rer plusieurs pr\u00e9parations simultan\u00e9ment, facilitant l\u2019organisation et la polyvalence en cuisine. Elle se distingue par sa <b>puissance totale de 7400 W<\/b>, permettant un chauffage rapide et pr\u00e9cis gr\u00e2ce \u00e0 la technologie \u00e0 induction, qui g\u00e9n\u00e8re la chaleur directement dans le r\u00e9cipient, optimisant la consommation d\u2019\u00e9nergie et am\u00e9liorant l\u2019exp\u00e9rience culinaire. Sa surface de couleur <b>noir<\/b> allie \u00e9l\u00e9gance et facilit\u00e9 de nettoyage, contribuant \u00e0 maintenir un aspect soign\u00e9 et moderne. Elle int\u00e8gre \u00e9galement des fonctions essentielles telles que le <b>minuteur int\u00e9gr\u00e9<\/b>, permettant de programmer le temps de cuisson pour plus de confort et de pr\u00e9cision, ainsi qu\u2019un syst\u00e8me d\u2019<b>arr\u00eat automatique<\/b> garantissant la s\u00e9curit\u00e9 en \u00e9vitant un fonctionnement inutile en l\u2019absence d\u2019ustensiles ou apr\u00e8s une longue p\u00e9riode. Le <b>verrouillage enfant<\/b> ajoute une couche suppl\u00e9mentaire de protection, emp\u00eachant les activations accidentelles et assurant un environnement s\u00fbr pour toute la famille. Con\u00e7ue pour \u00eatre facile \u00e0 utiliser et \u00e0 entretenir, cette plaque est <b>facile \u00e0 nettoyer<\/b>, ce qui repr\u00e9sente un gain de temps important dans les t\u00e2ches m\u00e9nag\u00e8res quotidiennes. La combinaison de ces caract\u00e9ristiques, associ\u00e9e \u00e0 la r\u00e9putation de Siemens pour la fabrication d\u2019appareils fiables et de haute qualit\u00e9, positionne la <b>table \u00e0 induction ED851HQ26E<\/b> comme une solution technique avanc\u00e9e et pratique pour les cuisines modernes exigeant efficacit\u00e9, s\u00e9curit\u00e9 et design soign\u00e9.<\/p>\n<ul>\n<li>Produit \u00e0 brancher: Oui<\/li>\n<li>Type de prise: Prise EU<\/li>\n<li>Type:\n<ul>\n<li>Plaque \u00e0 Induction<\/li>\n<li>C\u00e9ramique<\/li>\n<li>Int\u00e9gr\u00e9<\/li>\n<\/ul>\n<\/li>\n<li>Bloc d\u2019Alimentation: r\u00e9seau \u00e9lectrique<\/li>\n<li>Couleur: Noir<\/li>\n<li>Largeur: 80 cm<\/li>\n<li>Classification \u00e9nerg\u00e9tique: B<\/li>\n<li>puissance: 7400 W<\/li>\n<li>Zones de cuisson: 4<\/li>\n<li>Arr\u00eat Automatique: Oui<\/li>\n<li>Capacit\u00e9 d\u2019extraction: 500 m3\/h<\/li>\n<li>Caract\u00e9ristiques:\n<ul>\n<li>Arr\u00eat Automatique<\/li>\n<li>Verrouillage pour enfants<\/li>\n<li>Facile \u00e0 nettoyer<\/li>\n<li>Verrou de s\u00e9curit\u00e9<\/li>\n<\/ul>\n<\/li>\n<li>Fonctions: Minuterie<\/li>\n<li>Technologie: LED<\/li>\n<li>Inclut: Ecran<\/li>\n<li>Type de commande: Tactile<\/li>\n<li>Niveaux de puissance: 17<\/li>\n<li>Design: Sans cadre<\/li>\n<\/ul>","protected":false},"excerpt":{"rendered":"<p>Si vous pensez r\u00e9nover votre cuisine, achetez Plaque \u00e0 Induction Siemens AG ED851HQ26E 80 cm 7400 W et d\u00b4autres produits Siemens AG ! La table \u00e0 induction ED851HQ26E de Siemens AG est un appareil con\u00e7u pour offrir une cuisson efficace et s\u00fbre, id\u00e9al pour ceux qui recherchent des performances avanc\u00e9es en cuisine. Avec une largeur [&hellip;]<\/p>\n","protected":false},"featured_media":60982,"comment_status":"open","ping_status":"closed","template":"","meta":[],"product_brand":[851],"product_cat":[60,77,78],"product_tag":[55,56],"class_list":{"0":"post-60986","1":"product","2":"type-product","3":"status-publish","4":"has-post-thumbnail","6":"product_brand-brandp_930","7":"product_cat-cuisine-gourmet","8":"product_cat-petit-electromenager","9":"product_cat-plaques-de-cuisson","10":"product_tag-tag_926","11":"product_tag-tag_930","13":"first","14":"instock","15":"taxable","16":"shipping-taxable","17":"purchasable","18":"product-type-simple"},"_links":{"self":[{"href":"https:\/\/bigbuy.tupique.com\/en\/wp-json\/wp\/v2\/product\/60986","targetHints":{"allow":["GET"]}}],"collection":[{"href":"https:\/\/bigbuy.tupique.com\/en\/wp-json\/wp\/v2\/product"}],"about":[{"href":"https:\/\/bigbuy.tupique.com\/en\/wp-json\/wp\/v2\/types\/product"}],"replies":[{"embeddable":true,"href":"https:\/\/bigbuy.tupique.com\/en\/wp-json\/wp\/v2\/comments?post=60986"}],"wp:featuredmedia":[{"embeddable":true,"href":"https:\/\/bigbuy.tupique.com\/en\/wp-json\/wp\/v2\/media\/60982"}],"wp:attachment":[{"href":"https:\/\/bigbuy.tupique.com\/en\/wp-json\/wp\/v2\/media?parent=60986"}],"wp:term":[{"taxonomy":"product_brand","embeddable":true,"href":"https:\/\/bigbuy.tupique.com\/en\/wp-json\/wp\/v2\/product_brand?post=60986"},{"taxonomy":"product_cat","embeddable":true,"href":"https:\/\/bigbuy.tupique.com\/en\/wp-json\/wp\/v2\/product_cat?post=60986"},{"taxonomy":"product_tag","embeddable":true,"href":"https:\/\/bigbuy.tupique.com\/en\/wp-json\/wp\/v2\/product_tag?post=60986"}],"curies":[{"name":"wp","href":"https:\/\/api.w.org\/{rel}","templated":true}]}}