{"id":60968,"date":"2026-04-01T15:42:22","date_gmt":"2026-04-01T14:42:22","guid":{"rendered":"https:\/\/bigbuy.tupique.com\/produto\/microwave-siemens-ag-be555lmb1-black-900-w-25-l\/"},"modified":"2026-05-11T19:56:49","modified_gmt":"2026-05-11T17:56:49","slug":"microwave-siemens-ag-be555lmb1-black-900-w-25-l","status":"publish","type":"product","link":"https:\/\/bigbuy.tupique.com\/en\/produto\/microwave-siemens-ag-be555lmb1-black-900-w-25-l\/","title":{"rendered":"Micro-ondes Siemens AG BE555LMB1 Noir 900 W 25 L"},"content":{"rendered":"<p>Si vous recherchez des \u00e9lectrom\u00e9nagers pour votre maison aux meilleurs prix, ne manquez pas <b>Micro-ondes Siemens AG BE555LMB1 Noir 900 W 25 L<\/b> et une large s\u00e9lection de petits \u00e9lectrom\u00e9nagers de qualit\u00e9 !<\/p>\n<ul>\n<li>Produit \u00e0 brancher: Oui<\/li>\n<li>Type de prise:\n<ul>\n<li>Prise EU<\/li>\n<li>Type F<\/li>\n<\/ul>\n<\/li>\n<li>Bloc d\u2019Alimentation: r\u00e9seau \u00e9lectrique<\/li>\n<li>Couleur: Noir<\/li>\n<li>Largeur: 60 cm<\/li>\n<li>Caract\u00e9ristiques:\n<ul>\n<li>Verrouillage pour enfants<\/li>\n<li>Lumi\u00e8re int\u00e9rieure<\/li>\n<li>Fonction de d\u00e9givrage<\/li>\n<li>\u00c9cran integr\u00e9<\/li>\n<li>5 niveaux<\/li>\n<li>Commande tactile<\/li>\n<\/ul>\n<\/li>\n<li>Type d&#8217;installation: Int\u00e9grable<\/li>\n<li>puissance: 900 W<\/li>\n<li>Mati\u00e8re: Acier inoxydable<\/li>\n<li>Capacit\u00e9: 25 L<\/li>\n<li>Tension:\n<ul>\n<li>230 V<\/li>\n<li>220 &#8211; 230 V<\/li>\n<\/ul>\n<\/li>\n<li>Technologie: LED<\/li>\n<li>Direction d&#8217;ouverture: Gauche<\/li>\n<li>Fr\u00e9quence: 50 Hz<\/li>\n<li>Inclut:\n<ul>\n<li>Grill<\/li>\n<li>Montre<\/li>\n<\/ul>\n<\/li>\n<li>Type de commande: Tactile<\/li>\n<li>Amp\u00e9rage: 10 A<\/li>\n<\/ul>","protected":false},"excerpt":{"rendered":"<p><span class=\"unit-info\">22.8796 &euro; \/ 1 l<\/span><\/p>","protected":false},"featured_media":60967,"comment_status":"open","ping_status":"closed","template":"","meta":[],"product_brand":[851],"product_cat":[60,727,77],"product_tag":[55,56],"class_list":{"0":"post-60968","1":"product","2":"type-product","3":"status-publish","4":"has-post-thumbnail","6":"product_brand-brandp_930","7":"product_cat-cuisine-gourmet","8":"product_cat-micro-ondes","9":"product_cat-petit-electromenager","10":"product_tag-tag_926","11":"product_tag-tag_930","13":"first","14":"instock","15":"taxable","16":"shipping-taxable","17":"purchasable","18":"product-type-simple"},"_links":{"self":[{"href":"https:\/\/bigbuy.tupique.com\/en\/wp-json\/wp\/v2\/product\/60968","targetHints":{"allow":["GET"]}}],"collection":[{"href":"https:\/\/bigbuy.tupique.com\/en\/wp-json\/wp\/v2\/product"}],"about":[{"href":"https:\/\/bigbuy.tupique.com\/en\/wp-json\/wp\/v2\/types\/product"}],"replies":[{"embeddable":true,"href":"https:\/\/bigbuy.tupique.com\/en\/wp-json\/wp\/v2\/comments?post=60968"}],"wp:featuredmedia":[{"embeddable":true,"href":"https:\/\/bigbuy.tupique.com\/en\/wp-json\/wp\/v2\/media\/60967"}],"wp:attachment":[{"href":"https:\/\/bigbuy.tupique.com\/en\/wp-json\/wp\/v2\/media?parent=60968"}],"wp:term":[{"taxonomy":"product_brand","embeddable":true,"href":"https:\/\/bigbuy.tupique.com\/en\/wp-json\/wp\/v2\/product_brand?post=60968"},{"taxonomy":"product_cat","embeddable":true,"href":"https:\/\/bigbuy.tupique.com\/en\/wp-json\/wp\/v2\/product_cat?post=60968"},{"taxonomy":"product_tag","embeddable":true,"href":"https:\/\/bigbuy.tupique.com\/en\/wp-json\/wp\/v2\/product_tag?post=60968"}],"curies":[{"name":"wp","href":"https:\/\/api.w.org\/{rel}","templated":true}]}}