{"id":60807,"date":"2026-04-01T15:36:45","date_gmt":"2026-04-01T14:36:45","guid":{"rendered":"https:\/\/bigbuy.tupique.com\/produto\/combined-refrigerator-beko-bssa210k4sn-white\/"},"modified":"2026-04-15T12:55:23","modified_gmt":"2026-04-15T11:55:23","slug":"combined-refrigerator-beko-bssa210k4sn-white","status":"publish","type":"product","link":"https:\/\/bigbuy.tupique.com\/en\/produto\/combined-refrigerator-beko-bssa210k4sn-white\/","title":{"rendered":"R\u00e9frig\u00e9rateur Combin\u00e9 BEKO BSSA210K4SN Blanc"},"content":{"rendered":"<p>Si vous pensez r\u00e9nover votre cuisine, achetez <b>R\u00e9frig\u00e9rateur Combin\u00e9 BEKO BSSA210K4SN Blanc<\/b> et d\u00b4autres <b>produits BEKO<\/b> !<\/p>\n<ul>\n<li>Produit \u00e0 brancher: Oui<\/li>\n<li>Type de prise: Prise EU<\/li>\n<li>Bloc d\u2019Alimentation: r\u00e9seau \u00e9lectrique<\/li>\n<li>Couleur: Blanc<\/li>\n<li>Capacit\u00e9 du r\u00e9frig\u00e9rateur: 156 l<\/li>\n<li>\u00c9cran integr\u00e9: Non<\/li>\n<li>Niveau sonore: 35 dB<\/li>\n<li>Portes:\n<ul>\n<li>1<\/li>\n<li>1 porte<\/li>\n<\/ul>\n<\/li>\n<li>Capacit\u00e9 du cong\u00e9lateur: 19 L<\/li>\n<li>\u00c9lev\u00e9: 121,5 cm<\/li>\n<li>Classification \u00e9nerg\u00e9tique: E<\/li>\n<li>Caract\u00e9ristiques: Int\u00e9gr\u00e9<\/li>\n<li>Largeur: 54 cm<\/li>\n<li>Capacit\u00e9: 175 L<\/li>\n<li>Direction d&#8217;ouverture: Droite<\/li>\n<li>Fr\u00e9quence: 50 Hz<\/li>\n<li>Tension: 220-240 V<\/li>\n<li>Facteur de forme: Compact<\/li>\n<li>Type: Int\u00e9gr\u00e9<\/li>\n<\/ul>","protected":false},"excerpt":{"rendered":"<p><span class=\"unit-info\">3.9314 &euro; \/ 1 l<\/span><\/p>","protected":false},"featured_media":60803,"comment_status":"open","ping_status":"closed","template":"","meta":[],"product_brand":[825],"product_cat":[60,77,226],"product_tag":[56],"class_list":{"0":"post-60807","1":"product","2":"type-product","3":"status-publish","4":"has-post-thumbnail","6":"product_brand-brandp_1255","7":"product_cat-cuisine-gourmet","8":"product_cat-petit-electromenager","9":"product_cat-refrigerateurs-et-congelateurs","10":"product_tag-tag_930","12":"first","13":"instock","14":"taxable","15":"shipping-taxable","16":"purchasable","17":"product-type-simple"},"_links":{"self":[{"href":"https:\/\/bigbuy.tupique.com\/en\/wp-json\/wp\/v2\/product\/60807","targetHints":{"allow":["GET"]}}],"collection":[{"href":"https:\/\/bigbuy.tupique.com\/en\/wp-json\/wp\/v2\/product"}],"about":[{"href":"https:\/\/bigbuy.tupique.com\/en\/wp-json\/wp\/v2\/types\/product"}],"replies":[{"embeddable":true,"href":"https:\/\/bigbuy.tupique.com\/en\/wp-json\/wp\/v2\/comments?post=60807"}],"wp:featuredmedia":[{"embeddable":true,"href":"https:\/\/bigbuy.tupique.com\/en\/wp-json\/wp\/v2\/media\/60803"}],"wp:attachment":[{"href":"https:\/\/bigbuy.tupique.com\/en\/wp-json\/wp\/v2\/media?parent=60807"}],"wp:term":[{"taxonomy":"product_brand","embeddable":true,"href":"https:\/\/bigbuy.tupique.com\/en\/wp-json\/wp\/v2\/product_brand?post=60807"},{"taxonomy":"product_cat","embeddable":true,"href":"https:\/\/bigbuy.tupique.com\/en\/wp-json\/wp\/v2\/product_cat?post=60807"},{"taxonomy":"product_tag","embeddable":true,"href":"https:\/\/bigbuy.tupique.com\/en\/wp-json\/wp\/v2\/product_tag?post=60807"}],"curies":[{"name":"wp","href":"https:\/\/api.w.org\/{rel}","templated":true}]}}