{"id":60796,"date":"2026-04-01T15:36:31","date_gmt":"2026-04-01T14:36:31","guid":{"rendered":"https:\/\/bigbuy.tupique.com\/produto\/smartwatch-samsung-galaxy-watch-7-147-green\/"},"modified":"2026-04-15T02:20:23","modified_gmt":"2026-04-15T01:20:23","slug":"smartwatch-samsung-galaxy-watch-7-147-green","status":"publish","type":"product","link":"https:\/\/bigbuy.tupique.com\/en\/produto\/smartwatch-samsung-galaxy-watch-7-147-green\/","title":{"rendered":"Montre intelligente Samsung GALAXY WATCH 7 1,47&#8243; Vert"},"content":{"rendered":"<p>Si vous \u00eates passionn\u00e9 d&#8217;<b>informatique et d&#8217;\u00e9lectronique<\/b>, si vous \u00eates \u00e0 la pointe de la technologie et qu&#8217;aucun d\u00e9tail ne vous \u00e9chappe, achetez <b>Montre intelligente Samsung GALAXY WATCH 7 1,47&#8243; Vert<\/b> au meilleur prix.<\/p>\n<p>Le <b>Galaxy Watch 7<\/b> de Samsung est une <b>montre connect\u00e9e<\/b> avanc\u00e9e con\u00e7ue pour les utilisateurs recherchant un \u00e9quilibre entre fonctionnalit\u00e9, durabilit\u00e9 et style. Dot\u00e9e d\u2019un bo\u00eetier robuste en <b>aluminium<\/b> et propos\u00e9e en \u00e9l\u00e9gant coloris <b>vert<\/b>, cette montre se distingue par sa solidit\u00e9 et son design soign\u00e9, id\u00e9ale pour un usage quotidien comme pour les activit\u00e9s sportives. Elle offre une <b>connectivit\u00e9 Bluetooth, Wi-Fi et GPS<\/b>, permettant une synchronisation fluide avec les appareils mobiles et un acc\u00e8s pr\u00e9cis aux donn\u00e9es de localisation sans t\u00e9l\u00e9phone \u00e0 proximit\u00e9. \u00c9quip\u00e9e de capteurs int\u00e9gr\u00e9s tels que le <b>moniteur de fr\u00e9quence cardiaque<\/b>, l\u2019acc\u00e9l\u00e9rom\u00e8tre et le barom\u00e8tre, elle assure un suivi complet de la sant\u00e9 et de l\u2019activit\u00e9 physique, facilitant le contr\u00f4le en temps r\u00e9el du rythme cardiaque et l\u2019enregistrement pr\u00e9cis des exercices. Son <b>\u00e9cran tactile<\/b> propose une interaction intuitive pour acc\u00e9der rapidement aux notifications, applications et fonctions. De plus, elle int\u00e8gre des haut-parleurs am\u00e9liorant l\u2019exp\u00e9rience lors des appels ou alertes sonores. Class\u00e9e <b>IP68<\/b>, elle r\u00e9siste \u00e0 l\u2019eau et \u00e0 la poussi\u00e8re, adapt\u00e9e aux environnements exigeants sans risque de dommages par immersion ou salet\u00e9. Le bracelet vert compl\u00e8te son style dynamique et moderne, offrant une option polyvalente pour ceux qui recherchent une montre connect\u00e9e aux capacit\u00e9s avanc\u00e9es. En r\u00e9sum\u00e9, le <b>Samsung Galaxy Watch 7<\/b> se positionne comme une solution technologique compl\u00e8te pour le suivi de la sant\u00e9, la connectivit\u00e9 et le style, avec les fonctionnalit\u00e9s cl\u00e9s d\u2019un bracelet intelligent haut de gamme.<\/p>\n<ul>\n<li>Produit \u00e0 brancher: Oui<\/li>\n<li>Type de prise: Prise EU<\/li>\n<li>Type de montre: Montre intelligente<\/li>\n<li>Bloc d\u2019Alimentation: r\u00e9seau \u00e9lectrique<\/li>\n<li>Caract\u00e9ristiques:\n<ul>\n<li>Ecran tactile<\/li>\n<li>5 atm<\/li>\n<li>Acc\u00e9l\u00e9rom\u00e8tre<\/li>\n<li>Haut-parleurs int\u00e9gr\u00e9s<\/li>\n<li>Barom\u00e8tre<\/li>\n<li>Gyroscope<\/li>\n<li>Microphone int\u00e9gr\u00e9<\/li>\n<li>Capteur optique<\/li>\n<li>Chronom\u00e8tre<\/li>\n<li>Moniteur de Sommeil<\/li>\n<li>Connexion au r\u00e9seau mobile<\/li>\n<li>Capteur g\u00e9omagn\u00e9tique<\/li>\n<li>Capteur de niveau d&#8217;oxyg\u00e8ne dans le sang<\/li>\n<\/ul>\n<\/li>\n<li>Glonass: Oui<\/li>\n<li>Gyroscope: Oui<\/li>\n<li>Classification IP: IP68<\/li>\n<li>Couleur du cadran: Vert<\/li>\n<li>Capacit\u00e9 de la batterie: 425 mAh<\/li>\n<li>Couleur du bracelet: Vert<\/li>\n<li>Ecran:\n<ul>\n<li>1,47&#8243;<\/li>\n<li>1,5&#8243;<\/li>\n<\/ul>\n<\/li>\n<li>M\u00e9moire RAM: 2 GB<\/li>\n<li>M\u00e9moire interne: 32 GB<\/li>\n<li>Connectivit\u00e9:\n<ul>\n<li>Bluetooth<\/li>\n<li>Wi-Fi<\/li>\n<li>GPS<\/li>\n<li>NFC<\/li>\n<li>Glonass<\/li>\n<li>BeiDou<\/li>\n<li>Galileo<\/li>\n<li>LTE<\/li>\n<li>Bluetooth 5.3<\/li>\n<\/ul>\n<\/li>\n<li>Acc\u00e9l\u00e9rom\u00e8tre: Oui<\/li>\n<li>Couleur: Vert<\/li>\n<li>Mati\u00e8re: Aluminium<\/li>\n<li>Connexions: 4G<\/li>\n<li>Fonctions:\n<ul>\n<li>Podom\u00e8tre<\/li>\n<li>Moniteur de Sommeil<\/li>\n<li>Moniteur de fr\u00e9quence cardiaque<\/li>\n<\/ul>\n<\/li>\n<li>Type de batterie:\n<ul>\n<li>Int\u00e9gr\u00e9e<\/li>\n<li>Litio Ion<\/li>\n<\/ul>\n<\/li>\n<li>Forme: Rond<\/li>\n<li>Technologie: AMOLED<\/li>\n<li>Chargeur sans fil: Oui<\/li>\n<li>Fonctionne \u00e0 piles: 1 Litio Ion, incluidas<\/li>\n<li>Diam\u00e8tre du bo\u00eetier de la montre: \u00d8 44 mm<\/li>\n<\/ul>","protected":false},"excerpt":{"rendered":"<p>Si vous \u00eates passionn\u00e9 d&#8217;informatique et d&#8217;\u00e9lectronique, si vous \u00eates \u00e0 la pointe de la technologie et qu&#8217;aucun d\u00e9tail ne vous \u00e9chappe, achetez Montre intelligente Samsung GALAXY WATCH 7 1,47&#8243; Vert au meilleur prix. Le Galaxy Watch 7 de Samsung est une montre connect\u00e9e avanc\u00e9e con\u00e7ue pour les utilisateurs recherchant un \u00e9quilibre entre fonctionnalit\u00e9, durabilit\u00e9 [&hellip;]<\/p>\n","protected":false},"featured_media":60795,"comment_status":"open","ping_status":"closed","template":"","meta":[],"product_brand":[183],"product_cat":[575,65,748],"product_tag":[103,104,566,106],"class_list":{"0":"post-60796","1":"product","2":"type-product","3":"status-publish","4":"has-post-thumbnail","6":"product_brand-brandp_576","7":"product_cat-electronique-telephonie-et-tablettes","8":"product_cat-informatique-electronique","9":"product_cat-smartwatches","10":"product_tag-tag_1261","11":"product_tag-tag_1279","12":"product_tag-tag_547","13":"product_tag-tag_1295","15":"first","16":"instock","17":"taxable","18":"shipping-taxable","19":"purchasable","20":"product-type-simple"},"_links":{"self":[{"href":"https:\/\/bigbuy.tupique.com\/en\/wp-json\/wp\/v2\/product\/60796","targetHints":{"allow":["GET"]}}],"collection":[{"href":"https:\/\/bigbuy.tupique.com\/en\/wp-json\/wp\/v2\/product"}],"about":[{"href":"https:\/\/bigbuy.tupique.com\/en\/wp-json\/wp\/v2\/types\/product"}],"replies":[{"embeddable":true,"href":"https:\/\/bigbuy.tupique.com\/en\/wp-json\/wp\/v2\/comments?post=60796"}],"wp:featuredmedia":[{"embeddable":true,"href":"https:\/\/bigbuy.tupique.com\/en\/wp-json\/wp\/v2\/media\/60795"}],"wp:attachment":[{"href":"https:\/\/bigbuy.tupique.com\/en\/wp-json\/wp\/v2\/media?parent=60796"}],"wp:term":[{"taxonomy":"product_brand","embeddable":true,"href":"https:\/\/bigbuy.tupique.com\/en\/wp-json\/wp\/v2\/product_brand?post=60796"},{"taxonomy":"product_cat","embeddable":true,"href":"https:\/\/bigbuy.tupique.com\/en\/wp-json\/wp\/v2\/product_cat?post=60796"},{"taxonomy":"product_tag","embeddable":true,"href":"https:\/\/bigbuy.tupique.com\/en\/wp-json\/wp\/v2\/product_tag?post=60796"}],"curies":[{"name":"wp","href":"https:\/\/api.w.org\/{rel}","templated":true}]}}