{"id":60768,"date":"2026-04-01T15:35:51","date_gmt":"2026-04-01T14:35:51","guid":{"rendered":"https:\/\/bigbuy.tupique.com\/produto\/washing-machine-sharp-esnfl814cwna-8-kg\/"},"modified":"2026-04-15T19:26:52","modified_gmt":"2026-04-15T18:26:52","slug":"washing-machine-sharp-esnfl814cwna-8-kg","status":"publish","type":"product","link":"https:\/\/bigbuy.tupique.com\/en\/produto\/washing-machine-sharp-esnfl814cwna-8-kg\/","title":{"rendered":"Machine \u00e0 laver Sharp ESNFL814CWNA 8 kg"},"content":{"rendered":"<p>Si vous recherchez des \u00e9lectrom\u00e9nagers pour votre maison aux meilleurs prix, ne manquez pas <b>Machine \u00e0 laver Sharp ESNFL814CWNA 8 kg<\/b> et une large s\u00e9lection de petits \u00e9lectrom\u00e9nagers de qualit\u00e9 !<\/p>\n<p>La <b>Sharp ESNFL814CWNA<\/b> est une machine \u00e0 laver moderne et efficace, id\u00e9ale pour l\u2019entretien quotidien du linge. Sa <b>capacit\u00e9 de 8 kg<\/b> permet de laver des pi\u00e8ces volumineuses et des charges familiales en un seul cycle. Dot\u00e9e d\u2019une <b>classe \u00e9nerg\u00e9tique A<\/b>, elle assure une faible consommation d\u2019\u00e9lectricit\u00e9 et un fonctionnement durable. Son design existe en <b>blanc et noir<\/b>, s\u2019int\u00e9grant facilement \u00e0 tout style de cuisine ou buanderie, tandis que l\u2019<b>\u00e9cran int\u00e9gr\u00e9<\/b> simplifie la s\u00e9lection et la visualisation des r\u00e9glages. Avec <b>14 programmes de lavage<\/b>, elle s\u2019adapte \u00e0 tous les types de textiles, des plus d\u00e9licats aux plus r\u00e9sistants, pour r\u00e9pondre \u00e0 chaque besoin. La configuration de la langue en <b>espagnol<\/b> rend l\u2019utilisation intuitive et accessible \u00e0 tous. Elle dispose aussi d\u2019une <b>fonction vapeur<\/b>, id\u00e9ale pour une hygi\u00e8ne renforc\u00e9e et pour r\u00e9duire les plis, optimisant ainsi chaque lavage. Les contr\u00f4les automatiques de charge ajustent la consommation d\u2019eau et d\u2019\u00e9nergie selon la quantit\u00e9 de linge, prot\u00e9geant les fibres des tissus et am\u00e9liorant l\u2019efficacit\u00e9. Cette machine \u00e0 laver est con\u00e7ue pour \u00e9conomiser les ressources et offrir un confort d\u2019utilisation, garantissant une exp\u00e9rience de lavage avanc\u00e9e, fiable et adapt\u00e9e aux exigences actuelles du foyer.<\/p>\n<ul>\n<li>Langue: Espagnol<\/li>\n<li>Type de charge: Frontal<\/li>\n<li>Capacit\u00e9: 8 kg<\/li>\n<li>Couleur:\n<ul>\n<li>Blanc<\/li>\n<li>Noir<\/li>\n<\/ul>\n<\/li>\n<li>vitesse: 1400 rpm<\/li>\n<li>Type d&#8217;installation: Sous le plan de travail<\/li>\n<li>Produit \u00e0 brancher: Oui<\/li>\n<li>Type de prise: Prise EU<\/li>\n<li>Programmes:\n<ul>\n<li>14<\/li>\n<li>Rapide<\/li>\n<\/ul>\n<\/li>\n<li>Bloc d\u2019Alimentation: r\u00e9seau \u00e9lectrique<\/li>\n<li>Niveau sonore: 79 dB<\/li>\n<li>Caract\u00e9ristiques: \u00c9cran integr\u00e9<\/li>\n<li>Classification \u00e9nerg\u00e9tique: A<\/li>\n<\/ul>","protected":false},"excerpt":{"rendered":"<p><span class=\"unit-info\">57.9988 &euro; \/ 1 kg<\/span><\/p>","protected":false},"featured_media":60765,"comment_status":"open","ping_status":"closed","template":"","meta":[],"product_brand":[1088],"product_cat":[239,240,751],"product_tag":[],"class_list":{"0":"post-60768","1":"product","2":"type-product","3":"status-publish","4":"has-post-thumbnail","6":"product_brand-brandp_3340","7":"product_cat-maison-jardin","8":"product_cat-nettoyage-aspirateur-et-repassage","9":"product_cat-seche-linge-fers-a-repasser-sechoirs","11":"first","12":"instock","13":"taxable","14":"shipping-taxable","15":"purchasable","16":"product-type-simple"},"_links":{"self":[{"href":"https:\/\/bigbuy.tupique.com\/en\/wp-json\/wp\/v2\/product\/60768","targetHints":{"allow":["GET"]}}],"collection":[{"href":"https:\/\/bigbuy.tupique.com\/en\/wp-json\/wp\/v2\/product"}],"about":[{"href":"https:\/\/bigbuy.tupique.com\/en\/wp-json\/wp\/v2\/types\/product"}],"replies":[{"embeddable":true,"href":"https:\/\/bigbuy.tupique.com\/en\/wp-json\/wp\/v2\/comments?post=60768"}],"wp:featuredmedia":[{"embeddable":true,"href":"https:\/\/bigbuy.tupique.com\/en\/wp-json\/wp\/v2\/media\/60765"}],"wp:attachment":[{"href":"https:\/\/bigbuy.tupique.com\/en\/wp-json\/wp\/v2\/media?parent=60768"}],"wp:term":[{"taxonomy":"product_brand","embeddable":true,"href":"https:\/\/bigbuy.tupique.com\/en\/wp-json\/wp\/v2\/product_brand?post=60768"},{"taxonomy":"product_cat","embeddable":true,"href":"https:\/\/bigbuy.tupique.com\/en\/wp-json\/wp\/v2\/product_cat?post=60768"},{"taxonomy":"product_tag","embeddable":true,"href":"https:\/\/bigbuy.tupique.com\/en\/wp-json\/wp\/v2\/product_tag?post=60768"}],"curies":[{"name":"wp","href":"https:\/\/api.w.org\/{rel}","templated":true}]}}