{"id":60752,"date":"2026-04-01T15:35:29","date_gmt":"2026-04-01T14:35:29","guid":{"rendered":"https:\/\/bigbuy.tupique.com\/produto\/electric-scooter-nilox-acqua-scooter-yellow-underwater\/"},"modified":"2026-05-11T19:56:41","modified_gmt":"2026-05-11T17:56:41","slug":"electric-scooter-nilox-acqua-scooter-yellow-underwater","status":"publish","type":"product","link":"https:\/\/bigbuy.tupique.com\/en\/produto\/electric-scooter-nilox-acqua-scooter-yellow-underwater\/","title":{"rendered":"Trottinette \u00c9lectrique Nilox Acqua Scooter Jaune Subaquatique"},"content":{"rendered":"<p>Si vous aimez prendre soin de chaque d\u00e9tail de votre maison et d&#8217;\u00eatre \u00e0 la derni\u00e8re mode en mati\u00e8re de produits qui vous rendront la vie plus facile, achetez <b>Trottinette \u00c9lectrique Nilox Acqua Scooter Jaune Subaquatique<\/b> au meilleur prix.<\/p>\n<p>Le <b>Patinete \u00c9lectrique Acqua Scooter<\/b> de la marque Nilox est un mod\u00e8le subaquatique con\u00e7u pour offrir divertissement et mobilit\u00e9 en milieu aquatique, alliant innovation et praticit\u00e9. Sa <b>couleur jaune<\/b> vif facilite la visibilit\u00e9 lors de son utilisation, tandis que sa structure en <b>plastique r\u00e9sistant<\/b> garantit une construction l\u00e9g\u00e8re et durable, adapt\u00e9e \u00e0 l\u2019immersion dans l\u2019eau. Il dispose d\u2019une <b>batterie de 5000 mAh<\/b> offrant une autonomie prolong\u00e9e pour des sessions longues, avec un <b>temps de charge d\u2019environ 2 \u00e0 3 heures<\/b>, permettant une recharge rapide pour une nouvelle aventure sans attente. Ce patinette est destin\u00e9 aux utilisateurs de plus de 14 ans, s\u2019adaptant \u00e0 ceux qui recherchent un moyen de d\u00e9placement original et ludique sous l\u2019eau, offrant une exp\u00e9rience unique dans sa cat\u00e9gorie. La nature subaquatique de l\u2019appareil t\u00e9moigne d\u2019une approche sp\u00e9cialis\u00e9e, surpassant les options classiques gr\u00e2ce \u00e0 sa capacit\u00e9 \u00e0 fonctionner immerg\u00e9, ce qui multiplie ses usages r\u00e9cr\u00e9atifs et sportifs. En r\u00e9sum\u00e9, l\u2019Acqua Scooter Nilox combine un design fonctionnel avec des sp\u00e9cifications techniques assurant autonomie, robustesse et facilit\u00e9 d\u2019usage en milieu aquatique.<\/p>\n<ul>\n<li>Type:\n<ul>\n<li>Subaquatique<\/li>\n<li>Trottinette \u00c9lectrique<\/li>\n<\/ul>\n<\/li>\n<li>Produit \u00e0 brancher: Oui<\/li>\n<li>Type de prise: Prise EU<\/li>\n<li>Bloc d\u2019Alimentation:\n<ul>\n<li>r\u00e9seau \u00e9lectrique<\/li>\n<li>Batterie<\/li>\n<\/ul>\n<\/li>\n<li>\u00c2ge recommand\u00e9: + 14 Ans<\/li>\n<li>Capacit\u00e9 de la batterie: 5000 mAh<\/li>\n<li>Autonomie approx.: 35 minutes<\/li>\n<li>Temps de charge approx.:\n<ul>\n<li>2-3 heures<\/li>\n<li>3 heures<\/li>\n<\/ul>\n<\/li>\n<li>Couleur: Jaune<\/li>\n<li>Mati\u00e8re: Plastique<\/li>\n<li>Inclut: Batterie<\/li>\n<li>Piles incluses: Oui<\/li>\n<\/ul>\n<p>Informations importantes: Si la marque n&#8217;a pas immatricul\u00e9 la trotinette, le propi\u00e9taire devra passer le ITV ou le T\u00dbV pour obtenir un &#8220;EBE&#8221; ou un permis de circulation individuel.<\/p>","protected":false},"excerpt":{"rendered":"<p>Si vous aimez prendre soin de chaque d\u00e9tail de votre maison et d&#8217;\u00eatre \u00e0 la derni\u00e8re mode en mati\u00e8re de produits qui vous rendront la vie plus facile, achetez Trottinette \u00c9lectrique Nilox Acqua Scooter Jaune Subaquatique au meilleur prix. Le Patinete \u00c9lectrique Acqua Scooter de la marque Nilox est un mod\u00e8le subaquatique con\u00e7u pour offrir [&hellip;]<\/p>\n","protected":false},"featured_media":60749,"comment_status":"open","ping_status":"closed","template":"","meta":[],"product_brand":[1612],"product_cat":[609,65,1146],"product_tag":[104,163],"class_list":{"0":"post-60752","1":"product","2":"type-product","3":"status-publish","4":"has-post-thumbnail","6":"product_brand-brandp_1077","7":"product_cat-electronique-jouets-electroniques","8":"product_cat-informatique-electronique","9":"product_cat-trottinettes-electriques","10":"product_tag-tag_1279","11":"product_tag-tag_17","13":"first","14":"instock","15":"taxable","16":"shipping-taxable","17":"purchasable","18":"product-type-simple"},"_links":{"self":[{"href":"https:\/\/bigbuy.tupique.com\/en\/wp-json\/wp\/v2\/product\/60752","targetHints":{"allow":["GET"]}}],"collection":[{"href":"https:\/\/bigbuy.tupique.com\/en\/wp-json\/wp\/v2\/product"}],"about":[{"href":"https:\/\/bigbuy.tupique.com\/en\/wp-json\/wp\/v2\/types\/product"}],"replies":[{"embeddable":true,"href":"https:\/\/bigbuy.tupique.com\/en\/wp-json\/wp\/v2\/comments?post=60752"}],"wp:featuredmedia":[{"embeddable":true,"href":"https:\/\/bigbuy.tupique.com\/en\/wp-json\/wp\/v2\/media\/60749"}],"wp:attachment":[{"href":"https:\/\/bigbuy.tupique.com\/en\/wp-json\/wp\/v2\/media?parent=60752"}],"wp:term":[{"taxonomy":"product_brand","embeddable":true,"href":"https:\/\/bigbuy.tupique.com\/en\/wp-json\/wp\/v2\/product_brand?post=60752"},{"taxonomy":"product_cat","embeddable":true,"href":"https:\/\/bigbuy.tupique.com\/en\/wp-json\/wp\/v2\/product_cat?post=60752"},{"taxonomy":"product_tag","embeddable":true,"href":"https:\/\/bigbuy.tupique.com\/en\/wp-json\/wp\/v2\/product_tag?post=60752"}],"curies":[{"name":"wp","href":"https:\/\/api.w.org\/{rel}","templated":true}]}}