{"id":60680,"date":"2026-04-01T15:31:25","date_gmt":"2026-04-01T14:31:25","guid":{"rendered":"https:\/\/bigbuy.tupique.com\/produto\/smartwatch-polar-black\/"},"modified":"2026-05-11T19:56:37","modified_gmt":"2026-05-11T17:56:37","slug":"smartwatch-polar-black","status":"publish","type":"product","link":"https:\/\/bigbuy.tupique.com\/en\/produto\/smartwatch-polar-black\/","title":{"rendered":"Montre intelligente Polar Noir"},"content":{"rendered":"<p>Si vous \u00eates passionn\u00e9 d&#8217;<b>informatique et d&#8217;\u00e9lectronique<\/b>, si vous \u00eates \u00e0 la pointe de la technologie et qu&#8217;aucun d\u00e9tail ne vous \u00e9chappe, achetez <b>Montre intelligente Polar Noir<\/b> au meilleur prix.<\/p>\n<p>Le <b>Polar Grit X Pro<\/b> est un <b>smartwatch<\/b> avanc\u00e9 con\u00e7u pour les sportifs et utilisateurs exigeant fiabilit\u00e9 et robustesse lors de leurs entra\u00eenements en ext\u00e9rieur. Il est \u00e9quip\u00e9 d\u2019un bracelet en <b>silicone noir<\/b> garantissant confort et r\u00e9sistance \u00e0 l\u2019usage quotidien, tandis que son bo\u00eetier en <b>acier inoxydable<\/b> offre durabilit\u00e9 et finition premium, r\u00e9sistant aux chocs et \u00e0 l\u2019usure. Cette montre connect\u00e9e dispose d\u2019une connectivit\u00e9 <b>Bluetooth<\/b> pour une synchronisation facile avec les appareils mobiles, ainsi que d\u2019un syst\u00e8me de <b>GPS int\u00e9gr\u00e9<\/b>, essentiel pour enregistrer avec pr\u00e9cision itin\u00e9raires et activit\u00e9s sportives. Avec un diam\u00e8tre d\u2019environ <b>47 mm<\/b>, elle propose un \u00e9cran suffisamment grand pour afficher clairement donn\u00e9es d\u2019entra\u00eenement, notifications et mesures. De plus, elle est con\u00e7ue pour \u00eatre <b>\u00e9tanche<\/b>, permettant son utilisation en natation ou par mauvais temps sans alt\u00e9rer son fonctionnement. Elle int\u00e8gre \u00e9galement des <b>haut-parleurs<\/b> facilitant la diffusion de sons et alertes audibles, am\u00e9liorant l\u2019exp\u00e9rience utilisateur lors des activit\u00e9s et entra\u00eenements. En r\u00e9sum\u00e9, cet appareil allie mat\u00e9riaux de qualit\u00e9 et fonctions avanc\u00e9es pour offrir un \u00e9quipement fiable et polyvalent, id\u00e9al pour ceux qui recherchent un smartwatch robuste et complet pour toutes leurs aventures sportives.<\/p>\n<ul>\n<li>Genre: Unisexe<\/li>\n<li>Type de montre: Montre intelligente<\/li>\n<li>Produit \u00e0 brancher: Oui<\/li>\n<li>Type de prise: Prise EU<\/li>\n<li>Bloc d\u2019Alimentation: r\u00e9seau \u00e9lectrique<\/li>\n<li>Caract\u00e9ristiques:\n<ul>\n<li>Ecran tactile<\/li>\n<li>R\u00e9sistant \u00e0 l&#8217;eau<\/li>\n<li>Port USB<\/li>\n<li>Haut-parleurs int\u00e9gr\u00e9s<\/li>\n<li>\u00c9cran LCD<\/li>\n<li>Alarme<\/li>\n<li>Microphone int\u00e9gr\u00e9<\/li>\n<li>Chronom\u00e8tre<\/li>\n<li>Multisport<\/li>\n<\/ul>\n<\/li>\n<li>Connectivit\u00e9:\n<ul>\n<li>Bluetooth<\/li>\n<li>GPS<\/li>\n<li>Glonass<\/li>\n<li>Galileo<\/li>\n<li>Bluetooth Low Energy<\/li>\n<\/ul>\n<\/li>\n<li>Mat\u00e9riau du bracelet: Silicone<\/li>\n<li>Couleur du bracelet: Noir<\/li>\n<li>Couleur du cadran: Noir<\/li>\n<li>Glonass: Oui<\/li>\n<li>Couleur: Noir<\/li>\n<li>Mati\u00e8re:\n<ul>\n<li>Silicone<\/li>\n<li>Acier inoxydable<\/li>\n<\/ul>\n<\/li>\n<li>Connexions: USB<\/li>\n<li>Forme: Rond<\/li>\n<li>Piles incluses: Oui<\/li>\n<li>Ecran: 1,2&#8243;<\/li>\n<li>Cam\u00e9ra\/Appareil Photo: Non<\/li>\n<li>R\u00e9solution: 240 x 240 px<\/li>\n<li>\u00c2ge recommand\u00e9: Adultes<\/li>\n<li>Inclut: Minuterie<\/li>\n<li>Autonomie approx.: 100heures<\/li>\n<li>Fonctionne \u00e0 piles: 1 Pol\u00edmero de litio<\/li>\n<li>Dimensions approx.: 20 mm<\/li>\n<li>Ann\u00e9e: 2021<\/li>\n<\/ul>","protected":false},"excerpt":{"rendered":"<p>Si vous \u00eates passionn\u00e9 d&#8217;informatique et d&#8217;\u00e9lectronique, si vous \u00eates \u00e0 la pointe de la technologie et qu&#8217;aucun d\u00e9tail ne vous \u00e9chappe, achetez Montre intelligente Polar Noir au meilleur prix. Le Polar Grit X Pro est un smartwatch avanc\u00e9 con\u00e7u pour les sportifs et utilisateurs exigeant fiabilit\u00e9 et robustesse lors de leurs entra\u00eenements en ext\u00e9rieur. [&hellip;]<\/p>\n","protected":false},"featured_media":60679,"comment_status":"open","ping_status":"closed","template":"","meta":[],"product_brand":[178],"product_cat":[575,65,748],"product_tag":[103,566,106],"class_list":{"0":"post-60680","1":"product","2":"type-product","3":"status-publish","4":"has-post-thumbnail","6":"product_brand-brandp_5019","7":"product_cat-electronique-telephonie-et-tablettes","8":"product_cat-informatique-electronique","9":"product_cat-smartwatches","10":"product_tag-tag_1261","11":"product_tag-tag_547","12":"product_tag-tag_1295","14":"first","15":"instock","16":"taxable","17":"shipping-taxable","18":"purchasable","19":"product-type-simple"},"_links":{"self":[{"href":"https:\/\/bigbuy.tupique.com\/en\/wp-json\/wp\/v2\/product\/60680","targetHints":{"allow":["GET"]}}],"collection":[{"href":"https:\/\/bigbuy.tupique.com\/en\/wp-json\/wp\/v2\/product"}],"about":[{"href":"https:\/\/bigbuy.tupique.com\/en\/wp-json\/wp\/v2\/types\/product"}],"replies":[{"embeddable":true,"href":"https:\/\/bigbuy.tupique.com\/en\/wp-json\/wp\/v2\/comments?post=60680"}],"wp:featuredmedia":[{"embeddable":true,"href":"https:\/\/bigbuy.tupique.com\/en\/wp-json\/wp\/v2\/media\/60679"}],"wp:attachment":[{"href":"https:\/\/bigbuy.tupique.com\/en\/wp-json\/wp\/v2\/media?parent=60680"}],"wp:term":[{"taxonomy":"product_brand","embeddable":true,"href":"https:\/\/bigbuy.tupique.com\/en\/wp-json\/wp\/v2\/product_brand?post=60680"},{"taxonomy":"product_cat","embeddable":true,"href":"https:\/\/bigbuy.tupique.com\/en\/wp-json\/wp\/v2\/product_cat?post=60680"},{"taxonomy":"product_tag","embeddable":true,"href":"https:\/\/bigbuy.tupique.com\/en\/wp-json\/wp\/v2\/product_tag?post=60680"}],"curies":[{"name":"wp","href":"https:\/\/api.w.org\/{rel}","templated":true}]}}