{"id":60670,"date":"2026-04-01T15:31:12","date_gmt":"2026-04-01T14:31:12","guid":{"rendered":"https:\/\/bigbuy.tupique.com\/produto\/mini-hifi-lg-xboom-rnc7\/"},"modified":"2026-04-15T01:23:43","modified_gmt":"2026-04-15T00:23:43","slug":"mini-hifi-lg-xboom-rnc7","status":"publish","type":"product","link":"https:\/\/bigbuy.tupique.com\/en\/produto\/mini-hifi-lg-xboom-rnc7\/","title":{"rendered":"Mini Hifi LG XBOOM RNC7"},"content":{"rendered":"<p>Si vous \u00eates passionn\u00e9 d&#8217;<b>informatique et d&#8217;\u00e9lectronique<\/b>, si vous \u00eates \u00e0 la pointe de la technologie et qu&#8217;aucun d\u00e9tail ne vous \u00e9chappe, achetez <b>Mini Hifi LG XBOOM RNC7<\/b> au meilleur prix.<\/p>\n<ul>\n<li>Fonctions: Alarme<\/li>\n<li>Couleur: Noir<\/li>\n<li>Caract\u00e9ristiques:\n<ul>\n<li>Port USB<\/li>\n<li>3 Haut-parleurs<\/li>\n<\/ul>\n<\/li>\n<li>Connectivit\u00e9: Bluetooth<\/li>\n<li>puissance: 450 W<\/li>\n<li>Mati\u00e8re: Acier<\/li>\n<li>Connexions: USB<\/li>\n<li>Bloc d\u2019Alimentation: C\u00e2ble \u00e9lectrique<\/li>\n<li>Poids approx.: 13,8 Kg<\/li>\n<li>Fonctionne \u00e0 piles: AAA x 2, incluses<\/li>\n<li>Type: Haut-parleurs bluetooth<\/li>\n<li>Type d&#8217;installation: Sol<\/li>\n<\/ul>","protected":false},"excerpt":{"rendered":"<p>Si vous \u00eates passionn\u00e9 d&#8217;informatique et d&#8217;\u00e9lectronique, si vous \u00eates \u00e0 la pointe de la technologie et qu&#8217;aucun d\u00e9tail ne vous \u00e9chappe, achetez Mini Hifi LG XBOOM RNC7 au meilleur prix. Fonctions: Alarme Couleur: Noir Caract\u00e9ristiques: Port USB 3 Haut-parleurs Connectivit\u00e9: Bluetooth puissance: 450 W Mati\u00e8re: Acier Connexions: USB Bloc d\u2019Alimentation: C\u00e2ble \u00e9lectrique Poids approx.: [&hellip;]<\/p>\n","protected":false},"featured_media":60667,"comment_status":"open","ping_status":"closed","template":"","meta":[],"product_brand":[662],"product_cat":[1557,755,65],"product_tag":[106],"class_list":{"0":"post-60670","1":"product","2":"type-product","3":"status-publish","4":"has-post-thumbnail","6":"product_brand-brandp_559","7":"product_cat-chaine-hi-fi","8":"product_cat-electronique-son","9":"product_cat-informatique-electronique","10":"product_tag-tag_1295","12":"first","13":"instock","14":"taxable","15":"shipping-taxable","16":"purchasable","17":"product-type-simple"},"_links":{"self":[{"href":"https:\/\/bigbuy.tupique.com\/en\/wp-json\/wp\/v2\/product\/60670","targetHints":{"allow":["GET"]}}],"collection":[{"href":"https:\/\/bigbuy.tupique.com\/en\/wp-json\/wp\/v2\/product"}],"about":[{"href":"https:\/\/bigbuy.tupique.com\/en\/wp-json\/wp\/v2\/types\/product"}],"replies":[{"embeddable":true,"href":"https:\/\/bigbuy.tupique.com\/en\/wp-json\/wp\/v2\/comments?post=60670"}],"wp:featuredmedia":[{"embeddable":true,"href":"https:\/\/bigbuy.tupique.com\/en\/wp-json\/wp\/v2\/media\/60667"}],"wp:attachment":[{"href":"https:\/\/bigbuy.tupique.com\/en\/wp-json\/wp\/v2\/media?parent=60670"}],"wp:term":[{"taxonomy":"product_brand","embeddable":true,"href":"https:\/\/bigbuy.tupique.com\/en\/wp-json\/wp\/v2\/product_brand?post=60670"},{"taxonomy":"product_cat","embeddable":true,"href":"https:\/\/bigbuy.tupique.com\/en\/wp-json\/wp\/v2\/product_cat?post=60670"},{"taxonomy":"product_tag","embeddable":true,"href":"https:\/\/bigbuy.tupique.com\/en\/wp-json\/wp\/v2\/product_tag?post=60670"}],"curies":[{"name":"wp","href":"https:\/\/api.w.org\/{rel}","templated":true}]}}