{"id":60642,"date":"2026-04-01T15:30:35","date_gmt":"2026-04-01T14:30:35","guid":{"rendered":"https:\/\/bigbuy.tupique.com\/produto\/dishwasher-beko-bdfs26020xq-steel-45-cm\/"},"modified":"2026-04-15T11:09:32","modified_gmt":"2026-04-15T10:09:32","slug":"dishwasher-beko-bdfs26020xq-steel-45-cm","status":"publish","type":"product","link":"https:\/\/bigbuy.tupique.com\/en\/produto\/dishwasher-beko-bdfs26020xq-steel-45-cm\/","title":{"rendered":"Lave-vaisselle BEKO BDFS26020XQ Acier 45 cm"},"content":{"rendered":"<p>Si vous pensez r\u00e9nover votre cuisine, achetez <b>Lave-vaisselle BEKO BDFS26020XQ Acier 45 cm<\/b> et d\u00b4autres <b>produits BEKO<\/b> !<\/p>\n<ul>\n<li>Bloc d\u2019Alimentation: r\u00e9seau \u00e9lectrique<\/li>\n<li>Langue: Espagnol<\/li>\n<li>Largeur: 45 cm<\/li>\n<li>Classification \u00e9nerg\u00e9tique: E<\/li>\n<li>Produit \u00e0 brancher: Oui<\/li>\n<li>Type: Lave-vaisselle<\/li>\n<li>Type de prise: Prise EU<\/li>\n<li>Couleur:\n<ul>\n<li>Acier<\/li>\n<li>Noir<\/li>\n<\/ul>\n<\/li>\n<li>Type d&#8217;installation: Auto-assemblage<\/li>\n<li>Programmes: 6<\/li>\n<li>Niveau sonore: 46 dB<\/li>\n<li>Connectivit\u00e9: No<\/li>\n<li>Caract\u00e9ristiques:\n<ul>\n<li>Finition mate<\/li>\n<li>Verrouillage pour enfants<\/li>\n<li>\u00c9cran integr\u00e9<\/li>\n<\/ul>\n<\/li>\n<li>Capacit\u00e9 (Nb de couverts):\n<ul>\n<li>6<\/li>\n<li>10<\/li>\n<\/ul>\n<\/li>\n<li>Mati\u00e8re:\n<ul>\n<li>Acier inoxydable<\/li>\n<li>Cuir Synth\u00e9tique<\/li>\n<\/ul>\n<\/li>\n<li>Technologie: LED<\/li>\n<li>Fr\u00e9quence: 50 Hz<\/li>\n<li>Type de commande: Boutons<\/li>\n<li>Tension: 220-240 V<\/li>\n<\/ul>","protected":false},"excerpt":{"rendered":"<p>Si vous pensez r\u00e9nover votre cuisine, achetez Lave-vaisselle BEKO BDFS26020XQ Acier 45 cm et d\u00b4autres produits BEKO ! Bloc d\u2019Alimentation: r\u00e9seau \u00e9lectrique Langue: Espagnol Largeur: 45 cm Classification \u00e9nerg\u00e9tique: E Produit \u00e0 brancher: Oui Type: Lave-vaisselle Type de prise: Prise EU Couleur: Acier Noir Type d&#8217;installation: Auto-assemblage Programmes: 6 Niveau sonore: 46 dB Connectivit\u00e9: No [&hellip;]<\/p>\n","protected":false},"featured_media":60640,"comment_status":"open","ping_status":"closed","template":"","meta":[],"product_brand":[825],"product_cat":[393,60,77],"product_tag":[],"class_list":{"0":"post-60642","1":"product","2":"type-product","3":"status-publish","4":"has-post-thumbnail","6":"product_brand-brandp_1255","7":"product_cat-autres-appareils-de-cuisines","8":"product_cat-cuisine-gourmet","9":"product_cat-petit-electromenager","11":"first","12":"instock","13":"taxable","14":"shipping-taxable","15":"purchasable","16":"product-type-simple"},"_links":{"self":[{"href":"https:\/\/bigbuy.tupique.com\/en\/wp-json\/wp\/v2\/product\/60642","targetHints":{"allow":["GET"]}}],"collection":[{"href":"https:\/\/bigbuy.tupique.com\/en\/wp-json\/wp\/v2\/product"}],"about":[{"href":"https:\/\/bigbuy.tupique.com\/en\/wp-json\/wp\/v2\/types\/product"}],"replies":[{"embeddable":true,"href":"https:\/\/bigbuy.tupique.com\/en\/wp-json\/wp\/v2\/comments?post=60642"}],"wp:featuredmedia":[{"embeddable":true,"href":"https:\/\/bigbuy.tupique.com\/en\/wp-json\/wp\/v2\/media\/60640"}],"wp:attachment":[{"href":"https:\/\/bigbuy.tupique.com\/en\/wp-json\/wp\/v2\/media?parent=60642"}],"wp:term":[{"taxonomy":"product_brand","embeddable":true,"href":"https:\/\/bigbuy.tupique.com\/en\/wp-json\/wp\/v2\/product_brand?post=60642"},{"taxonomy":"product_cat","embeddable":true,"href":"https:\/\/bigbuy.tupique.com\/en\/wp-json\/wp\/v2\/product_cat?post=60642"},{"taxonomy":"product_tag","embeddable":true,"href":"https:\/\/bigbuy.tupique.com\/en\/wp-json\/wp\/v2\/product_tag?post=60642"}],"curies":[{"name":"wp","href":"https:\/\/api.w.org\/{rel}","templated":true}]}}