{"id":60568,"date":"2026-04-01T15:27:55","date_gmt":"2026-04-01T14:27:55","guid":{"rendered":"https:\/\/bigbuy.tupique.com\/produto\/air-conditioning-daikin-acas100b-a-a-white-a-a-10500-10999-fg-h\/"},"modified":"2026-04-15T05:48:23","modified_gmt":"2026-04-15T04:48:23","slug":"air-conditioning-daikin-acas100b-a-a-white-a-a-10500-10999-fg-h","status":"publish","type":"product","link":"https:\/\/bigbuy.tupique.com\/en\/produto\/air-conditioning-daikin-acas100b-a-a-white-a-a-10500-10999-fg-h\/","title":{"rendered":"Air Conditionn\u00e9 Daikin ACAS100B A+\/A+ Blanc A+\/A+ 10500-10999 fg\/h"},"content":{"rendered":"<p>Si vous \u00eates \u00e0 la recherche de nouvelles tendances sur le march\u00e9, nous vous pr\u00e9sentons <b>Air Conditionn\u00e9 Daikin ACAS100B A+\/A+ Blanc A+\/A+ 10500-10999 fg\/h<\/b> !<\/p>\n<ul>\n<li>Couleur: Blanc<\/li>\n<li>Caract\u00e9ristiques:\n<ul>\n<li>T\u00e9l\u00e9commande<\/li>\n<li>Minuterie<\/li>\n<li>\u00c9cran LED<\/li>\n<li>Ioniseur<\/li>\n<li>Auto-nettoyant<\/li>\n<li>\u00c9cran integr\u00e9<\/li>\n<li>Montage mural<\/li>\n<li>Int\u00e9rieur<\/li>\n<li>Voyant lumineux<\/li>\n<li>T\u00e9moin de fonctionnement LED<\/li>\n<li>Programmable<\/li>\n<li>Facile \u00e0 monter<\/li>\n<li>Facilit\u00e9 d&#8217;utilisation<\/li>\n<li>2 vitesses<\/li>\n<li>Temp\u00e9rature r\u00e9glable<\/li>\n<\/ul>\n<\/li>\n<li>Classification \u00e9nerg\u00e9tique: A+\/A+<\/li>\n<li>Technologie: Cassette Inverter<\/li>\n<li>Gaz: R410A<\/li>\n<li>R\u00e9frig\u00e9rant: R-410<\/li>\n<li>Connectivit\u00e9: No<\/li>\n<li>Puissance frigorifique: 10500-10999 fg\/h<\/li>\n<li>Port\u00e9e: 45 m2<\/li>\n<\/ul>","protected":false},"excerpt":{"rendered":"<p>Si vous \u00eates \u00e0 la recherche de nouvelles tendances sur le march\u00e9, nous vous pr\u00e9sentons Air Conditionn\u00e9 Daikin ACAS100B A+\/A+ Blanc A+\/A+ 10500-10999 fg\/h ! Couleur: Blanc Caract\u00e9ristiques: T\u00e9l\u00e9commande Minuterie \u00c9cran LED Ioniseur Auto-nettoyant \u00c9cran integr\u00e9 Montage mural Int\u00e9rieur Voyant lumineux T\u00e9moin de fonctionnement LED Programmable Facile \u00e0 monter Facilit\u00e9 d&#8217;utilisation 2 vitesses Temp\u00e9rature r\u00e9glable [&hellip;]<\/p>\n","protected":false},"featured_media":60567,"comment_status":"open","ping_status":"closed","template":"","meta":[],"product_brand":[1606],"product_cat":[732,1334,239],"product_tag":[721,210],"class_list":{"0":"post-60568","1":"product","2":"type-product","3":"status-publish","4":"has-post-thumbnail","6":"product_brand-brandp_1174","7":"product_cat-climatisation-et-chauffage","8":"product_cat-climatiseurs-et-ventilateurs","9":"product_cat-maison-jardin","10":"product_tag-tag_124","11":"product_tag-tag_25","13":"first","14":"instock","15":"taxable","16":"shipping-taxable","17":"purchasable","18":"product-type-simple"},"_links":{"self":[{"href":"https:\/\/bigbuy.tupique.com\/en\/wp-json\/wp\/v2\/product\/60568","targetHints":{"allow":["GET"]}}],"collection":[{"href":"https:\/\/bigbuy.tupique.com\/en\/wp-json\/wp\/v2\/product"}],"about":[{"href":"https:\/\/bigbuy.tupique.com\/en\/wp-json\/wp\/v2\/types\/product"}],"replies":[{"embeddable":true,"href":"https:\/\/bigbuy.tupique.com\/en\/wp-json\/wp\/v2\/comments?post=60568"}],"wp:featuredmedia":[{"embeddable":true,"href":"https:\/\/bigbuy.tupique.com\/en\/wp-json\/wp\/v2\/media\/60567"}],"wp:attachment":[{"href":"https:\/\/bigbuy.tupique.com\/en\/wp-json\/wp\/v2\/media?parent=60568"}],"wp:term":[{"taxonomy":"product_brand","embeddable":true,"href":"https:\/\/bigbuy.tupique.com\/en\/wp-json\/wp\/v2\/product_brand?post=60568"},{"taxonomy":"product_cat","embeddable":true,"href":"https:\/\/bigbuy.tupique.com\/en\/wp-json\/wp\/v2\/product_cat?post=60568"},{"taxonomy":"product_tag","embeddable":true,"href":"https:\/\/bigbuy.tupique.com\/en\/wp-json\/wp\/v2\/product_tag?post=60568"}],"curies":[{"name":"wp","href":"https:\/\/api.w.org\/{rel}","templated":true}]}}